{"id":111363,"date":"2025-05-29T12:37:29","date_gmt":"2025-05-29T10:37:29","guid":{"rendered":"https:\/\/abinox-chr-clim.com\/index.php\/product\/planche-a-decouper-antiderapante-professionnelle-hygiplas-rouge-458x306mm\/"},"modified":"2026-04-24T11:15:57","modified_gmt":"2026-04-24T09:15:57","slug":"planche-a-decouper-antiderapante-professionnelle-hygiplas-rouge-458x306mm","status":"publish","type":"product","link":"https:\/\/abinox-chr-clim.com\/index.php\/product\/planche-a-decouper-antiderapante-professionnelle-hygiplas-rouge-458x306mm\/","title":{"rendered":"Planche \u00e0 d\u00e9couper antid\u00e9rapante professionnelle Hygiplas rouge 458x306mm"},"content":{"rendered":"<p>Assurez une pr\u00e9paration alimentaire s\u00fbre avec ces planches \u00e0 d\u00e9couper \u00e0 code couleur pour usage commercial. Ces planches durables en poly\u00e9thyl\u00e8ne haute densit\u00e9 sont \u00e9quip\u00e9es de pieds antid\u00e9rapants, d&rsquo;une r\u00e8gle emboss\u00e9e pour une coupe pr\u00e9cise et sont lavables au lave-vaisselle pour un nettoyage facile. 12(H) x 458(L) x 306(P)mm.<\/p>\n<p>\u2022 Non toxique et non absorbante &#8211; hygi\u00e9nique et facile \u00e0 nettoyer<br \/>\u2022 Codage couleur tr\u00e8s visible par type d&rsquo;aliment &#8211; aide \u00e0 r\u00e9duire le risque de contamination crois\u00e9e<br \/>\u2022 Cod\u00e9e couleur rouge &#8211; pour viandes crues<br \/>\u2022 Peut \u00eatre utilis\u00e9e dans le cadre d&rsquo;un syst\u00e8me de gestion de la s\u00e9curit\u00e9 alimentaire efficace, bas\u00e9 sur les principes HACCP<br \/>\u2022 Pieds antid\u00e9rapants et protections d&rsquo;angle<br \/>\u2022 R\u00e9sistant aux taches<br \/>\u2022 R\u00e8gle en relief sur la planche (pouces \/ cm) pour une d\u00e9coupe de pr\u00e9cision<br \/>\u2022 Adapt\u00e9 contact alimentaire, sans BPA<\/p>\n<p><b><u>Caract\u00e9ristiques du produit :<\/u><\/b><br \/>\u2022 Mati\u00e8re : Poly\u00e9thyl\u00e8ne de haute densit\u00e9<br \/>\u2022 Couleur : Rouge.<\/p>\n","protected":false},"excerpt":{"rendered":"<p>PEHD. 458(L)x306(P). \u00c9paisseur : 12mm. Rouge : viandes crues<\/p>\n","protected":false},"featured_media":107232,"comment_status":"open","ping_status":"closed","template":"","meta":[],"product_brand":[],"product_cat":[1107,1108,1297,1106],"product_tag":[],"class_list":{"0":"post-111363","1":"product","2":"type-product","3":"status-publish","4":"has-post-thumbnail","6":"product_cat-accessoires-de-bar","7":"product_cat-accessoires-de-bar-accessoires-de-bar","8":"product_cat-non-palettisable","9":"product_cat-restaurant-bar-et-hotel","10":"product_shipping_class-free-shipping","12":"first","13":"instock","14":"featured","15":"taxable","16":"shipping-taxable","17":"purchasable","18":"product-type-simple"},"_links":{"self":[{"href":"https:\/\/abinox-chr-clim.com\/index.php\/wp-json\/wp\/v2\/product\/111363","targetHints":{"allow":["GET"]}}],"collection":[{"href":"https:\/\/abinox-chr-clim.com\/index.php\/wp-json\/wp\/v2\/product"}],"about":[{"href":"https:\/\/abinox-chr-clim.com\/index.php\/wp-json\/wp\/v2\/types\/product"}],"replies":[{"embeddable":true,"href":"https:\/\/abinox-chr-clim.com\/index.php\/wp-json\/wp\/v2\/comments?post=111363"}],"wp:featuredmedia":[{"embeddable":true,"href":"https:\/\/abinox-chr-clim.com\/index.php\/wp-json\/wp\/v2\/media\/107232"}],"wp:attachment":[{"href":"https:\/\/abinox-chr-clim.com\/index.php\/wp-json\/wp\/v2\/media?parent=111363"}],"wp:term":[{"taxonomy":"product_brand","embeddable":true,"href":"https:\/\/abinox-chr-clim.com\/index.php\/wp-json\/wp\/v2\/product_brand?post=111363"},{"taxonomy":"product_cat","embeddable":true,"href":"https:\/\/abinox-chr-clim.com\/index.php\/wp-json\/wp\/v2\/product_cat?post=111363"},{"taxonomy":"product_tag","embeddable":true,"href":"https:\/\/abinox-chr-clim.com\/index.php\/wp-json\/wp\/v2\/product_tag?post=111363"}],"curies":[{"name":"wp","href":"https:\/\/api.w.org\/{rel}","templated":true}]}}