{"id":111361,"date":"2025-05-29T12:37:24","date_gmt":"2025-05-29T10:37:24","guid":{"rendered":"https:\/\/abinox-chr-clim.com\/index.php\/product\/planche-a-decouper-antiderapante-professionnelle-hygiplas-marron-458x306mm\/"},"modified":"2026-04-24T11:15:55","modified_gmt":"2026-04-24T09:15:55","slug":"planche-a-decouper-antiderapante-professionnelle-hygiplas-marron-458x306mm","status":"publish","type":"product","link":"https:\/\/abinox-chr-clim.com\/index.php\/product\/planche-a-decouper-antiderapante-professionnelle-hygiplas-marron-458x306mm\/","title":{"rendered":"Planche \u00e0 d\u00e9couper antid\u00e9rapante professionnelle Hygiplas marron 458x306mm"},"content":{"rendered":"<p>Assurez une pr\u00e9paration s\u00e9curis\u00e9e des aliments avec ces planches \u00e0 d\u00e9couper commerciales avec code couleur. Ces planches durables en poly\u00e9thyl\u00e8ne haute densit\u00e9 poss\u00e8dent des pieds antid\u00e9rapants, une r\u00e8gle en relief pour des d\u00e9coupes pr\u00e9cises et sont compatibles avec le lave-vaisselle pour un nettoyage facile. 12(H) x 458(L) x 306(P)mm.<\/p>\n<p>\u2022 Non toxique et non absorbante &#8211; hygi\u00e9nique et facile \u00e0 nettoyer<br \/>\u2022 Codage couleur tr\u00e8s visible par type d&rsquo;aliment &#8211; aide \u00e0 r\u00e9duire le risque de contamination crois\u00e9e<br \/>\u2022 Code couleur marron &#8211; pour les l\u00e9gumes<br \/>\u2022 Peut \u00eatre utilis\u00e9e dans le cadre d&rsquo;un syst\u00e8me de gestion de la s\u00e9curit\u00e9 alimentaire efficace, bas\u00e9 sur les principes HACCP<br \/>\u2022 Pieds antid\u00e9rapants et protections d&rsquo;angle<br \/>\u2022 R\u00e9sistant aux taches<br \/>\u2022 R\u00e8gle en relief sur la planche (pouces \/ cm) pour une d\u00e9coupe de pr\u00e9cision<br \/>\u2022 Adapt\u00e9 contact alimentaire, sans BPA<\/p>\n<p><b><u>Caract\u00e9ristiques du produit :<\/u><\/b><br \/>\u2022 Mati\u00e8re : Poly\u00e9thyl\u00e8ne de haute densit\u00e9<br \/>\u2022 Couleur : Marron.<\/p>\n","protected":false},"excerpt":{"rendered":"<p>PEHD. 458(L)x306(P). \u00c9paisseur : 12mm. Marron : l\u00e9gumes<\/p>\n","protected":false},"featured_media":105922,"comment_status":"open","ping_status":"closed","template":"","meta":[],"product_brand":[],"product_cat":[1107,1108,1297,1106],"product_tag":[],"class_list":{"0":"post-111361","1":"product","2":"type-product","3":"status-publish","4":"has-post-thumbnail","6":"product_cat-accessoires-de-bar","7":"product_cat-accessoires-de-bar-accessoires-de-bar","8":"product_cat-non-palettisable","9":"product_cat-restaurant-bar-et-hotel","10":"product_shipping_class-free-shipping","12":"first","13":"outofstock","14":"featured","15":"taxable","16":"shipping-taxable","17":"purchasable","18":"product-type-simple"},"_links":{"self":[{"href":"https:\/\/abinox-chr-clim.com\/index.php\/wp-json\/wp\/v2\/product\/111361","targetHints":{"allow":["GET"]}}],"collection":[{"href":"https:\/\/abinox-chr-clim.com\/index.php\/wp-json\/wp\/v2\/product"}],"about":[{"href":"https:\/\/abinox-chr-clim.com\/index.php\/wp-json\/wp\/v2\/types\/product"}],"replies":[{"embeddable":true,"href":"https:\/\/abinox-chr-clim.com\/index.php\/wp-json\/wp\/v2\/comments?post=111361"}],"wp:featuredmedia":[{"embeddable":true,"href":"https:\/\/abinox-chr-clim.com\/index.php\/wp-json\/wp\/v2\/media\/105922"}],"wp:attachment":[{"href":"https:\/\/abinox-chr-clim.com\/index.php\/wp-json\/wp\/v2\/media?parent=111361"}],"wp:term":[{"taxonomy":"product_brand","embeddable":true,"href":"https:\/\/abinox-chr-clim.com\/index.php\/wp-json\/wp\/v2\/product_brand?post=111361"},{"taxonomy":"product_cat","embeddable":true,"href":"https:\/\/abinox-chr-clim.com\/index.php\/wp-json\/wp\/v2\/product_cat?post=111361"},{"taxonomy":"product_tag","embeddable":true,"href":"https:\/\/abinox-chr-clim.com\/index.php\/wp-json\/wp\/v2\/product_tag?post=111361"}],"curies":[{"name":"wp","href":"https:\/\/api.w.org\/{rel}","templated":true}]}}