{"id":111359,"date":"2025-05-29T12:37:20","date_gmt":"2025-05-29T10:37:20","guid":{"rendered":"https:\/\/abinox-chr-clim.com\/index.php\/product\/ensemble-de-planches-a-decouper-antiderapantes-professionnelles-hygiplas-458x306x12mm-lot-de-7\/"},"modified":"2026-04-24T11:15:53","modified_gmt":"2026-04-24T09:15:53","slug":"ensemble-de-planches-a-decouper-antiderapantes-professionnelles-hygiplas-458x306x12mm-lot-de-7","status":"publish","type":"product","link":"https:\/\/abinox-chr-clim.com\/index.php\/product\/ensemble-de-planches-a-decouper-antiderapantes-professionnelles-hygiplas-458x306x12mm-lot-de-7\/","title":{"rendered":"Ensemble de planches \u00e0 d\u00e9couper antid\u00e9rapantes professionnelles Hygiplas 458x306x12mm (lot de 7)"},"content":{"rendered":"<p>Assurez une pr\u00e9paration des aliments s\u00fbre avec ces planches \u00e0 d\u00e9couper commerciales \u00e0 code couleur. Ces planches durables en poly\u00e9thyl\u00e8ne haute densit\u00e9 sont dot\u00e9es de pieds antid\u00e9rapants, d&rsquo;une r\u00e8gle emboss\u00e9e pour des d\u00e9coupes pr\u00e9cises et sont lavables au lave-vaisselle pour un nettoyage facile. 12(H) x 458(L) x 306(P)mm.<\/p>\n<p>\u2022 Non toxiques et non absorbantes &#8211; hygi\u00e9niques et faciles \u00e0 nettoyer<br \/>\u2022 Code couleur tr\u00e8s visible par type d&rsquo;aliment &#8211; aide \u00e0 r\u00e9duire le risque de contamination crois\u00e9e<br \/>\u2022 Code couleur violet, marron, vert, rouge, bleu, jaune et blanc pour indiquer l&rsquo;utilisation avec des types d&rsquo;aliments sp\u00e9cifiques<br \/>\u2022 Peut \u00eatre utilis\u00e9 dans le cadre d&rsquo;un syst\u00e8me de gestion de la s\u00e9curit\u00e9 alimentaire efficace, bas\u00e9 sur les principes HACCP<br \/>\u2022 Pieds antid\u00e9rapants et protections d&rsquo;angle<br \/>\u2022 R\u00e9sistant aux taches<br \/>\u2022 R\u00e8gle en relief sur la planche (pouces \/ cm) pour une d\u00e9coupe de pr\u00e9cision<br \/>\u2022 Adapt\u00e9 contact alimentaire, sans BPA<\/p>\n<p><b><u>Caract\u00e9ristiques du produit :<\/u><\/b><br \/>\u2022 Lot : 7.0<br \/>\u2022 Mati\u00e8re : Poly\u00e9thyl\u00e8ne de haute densit\u00e9<br \/>\u2022 Couleur : Multicolore.<\/p>\n","protected":false},"excerpt":{"rendered":"<p>458(L)x306(P)x12(H)mm. Lot de 7<\/p>\n","protected":false},"featured_media":107233,"comment_status":"open","ping_status":"closed","template":"","meta":[],"product_brand":[],"product_cat":[1107,1108,1297,1106],"product_tag":[],"class_list":{"0":"post-111359","1":"product","2":"type-product","3":"status-publish","4":"has-post-thumbnail","6":"product_cat-accessoires-de-bar","7":"product_cat-accessoires-de-bar-accessoires-de-bar","8":"product_cat-non-palettisable","9":"product_cat-restaurant-bar-et-hotel","10":"product_shipping_class-free-shipping","12":"first","13":"instock","14":"featured","15":"taxable","16":"shipping-taxable","17":"purchasable","18":"product-type-simple"},"_links":{"self":[{"href":"https:\/\/abinox-chr-clim.com\/index.php\/wp-json\/wp\/v2\/product\/111359","targetHints":{"allow":["GET"]}}],"collection":[{"href":"https:\/\/abinox-chr-clim.com\/index.php\/wp-json\/wp\/v2\/product"}],"about":[{"href":"https:\/\/abinox-chr-clim.com\/index.php\/wp-json\/wp\/v2\/types\/product"}],"replies":[{"embeddable":true,"href":"https:\/\/abinox-chr-clim.com\/index.php\/wp-json\/wp\/v2\/comments?post=111359"}],"wp:featuredmedia":[{"embeddable":true,"href":"https:\/\/abinox-chr-clim.com\/index.php\/wp-json\/wp\/v2\/media\/107233"}],"wp:attachment":[{"href":"https:\/\/abinox-chr-clim.com\/index.php\/wp-json\/wp\/v2\/media?parent=111359"}],"wp:term":[{"taxonomy":"product_brand","embeddable":true,"href":"https:\/\/abinox-chr-clim.com\/index.php\/wp-json\/wp\/v2\/product_brand?post=111359"},{"taxonomy":"product_cat","embeddable":true,"href":"https:\/\/abinox-chr-clim.com\/index.php\/wp-json\/wp\/v2\/product_cat?post=111359"},{"taxonomy":"product_tag","embeddable":true,"href":"https:\/\/abinox-chr-clim.com\/index.php\/wp-json\/wp\/v2\/product_tag?post=111359"}],"curies":[{"name":"wp","href":"https:\/\/api.w.org\/{rel}","templated":true}]}}