{"id":111354,"date":"2025-05-29T12:37:11","date_gmt":"2025-05-29T10:37:11","guid":{"rendered":"https:\/\/abinox-chr-clim.com\/index.php\/product\/veste-de-cuisine-chaud-devant-sabor-noire-m\/"},"modified":"2026-04-24T11:03:34","modified_gmt":"2026-04-24T09:03:34","slug":"veste-de-cuisine-chaud-devant-sabor-noire-m","status":"publish","type":"product","link":"https:\/\/abinox-chr-clim.com\/index.php\/product\/veste-de-cuisine-chaud-devant-sabor-noire-m\/","title":{"rendered":"Veste de cuisine Chaud Devant Sabor noire M"},"content":{"rendered":"<p>La veste de chef Sabor est un \u00e9l\u00e9ment essentiel de notre collection BSX. Avec son design minimaliste, cette veste de chef respire la simplicit\u00e9 tout en restant puissante. Sa coupe ajust\u00e9e lui donne une apparence \u00e9l\u00e9gante, faisant de la veste de chef Gusto un incontournable polyvalent et de bon go\u00fbt pour votre cuisine.<\/p>\n<p>\u2022 Aspect discret gr\u00e2ce \u00e0 la fermeture dissimul\u00e9e avec boutons-pression<br \/>\u2022 Boucle de tablier au col<br \/>\u2022 Design simple et \u00e9l\u00e9gant<br \/>\u2022 Coupe droite <\/p>\n","protected":false},"excerpt":{"rendered":"<p>Noire<\/p>\n","protected":false},"featured_media":106269,"comment_status":"open","ping_status":"closed","template":"","meta":[],"product_brand":[],"product_cat":[1297,1262,1268,1257],"product_tag":[],"class_list":{"0":"post-111354","1":"product","2":"type-product","3":"status-publish","4":"has-post-thumbnail","6":"product_cat-non-palettisable","7":"product_cat-tenues-de-cuisine","8":"product_cat-vestes-de-cuisine","9":"product_cat-vetements-et-chaussures","10":"product_shipping_class-free-shipping","12":"first","13":"instock","14":"featured","15":"taxable","16":"shipping-taxable","17":"purchasable","18":"product-type-simple"},"_links":{"self":[{"href":"https:\/\/abinox-chr-clim.com\/index.php\/wp-json\/wp\/v2\/product\/111354","targetHints":{"allow":["GET"]}}],"collection":[{"href":"https:\/\/abinox-chr-clim.com\/index.php\/wp-json\/wp\/v2\/product"}],"about":[{"href":"https:\/\/abinox-chr-clim.com\/index.php\/wp-json\/wp\/v2\/types\/product"}],"replies":[{"embeddable":true,"href":"https:\/\/abinox-chr-clim.com\/index.php\/wp-json\/wp\/v2\/comments?post=111354"}],"wp:featuredmedia":[{"embeddable":true,"href":"https:\/\/abinox-chr-clim.com\/index.php\/wp-json\/wp\/v2\/media\/106269"}],"wp:attachment":[{"href":"https:\/\/abinox-chr-clim.com\/index.php\/wp-json\/wp\/v2\/media?parent=111354"}],"wp:term":[{"taxonomy":"product_brand","embeddable":true,"href":"https:\/\/abinox-chr-clim.com\/index.php\/wp-json\/wp\/v2\/product_brand?post=111354"},{"taxonomy":"product_cat","embeddable":true,"href":"https:\/\/abinox-chr-clim.com\/index.php\/wp-json\/wp\/v2\/product_cat?post=111354"},{"taxonomy":"product_tag","embeddable":true,"href":"https:\/\/abinox-chr-clim.com\/index.php\/wp-json\/wp\/v2\/product_tag?post=111354"}],"curies":[{"name":"wp","href":"https:\/\/api.w.org\/{rel}","templated":true}]}}