{"id":111345,"date":"2025-05-29T12:36:50","date_gmt":"2025-05-29T10:36:50","guid":{"rendered":"https:\/\/abinox-chr-clim.com\/index.php\/product\/tube-courbe-rvs-avec-regulateur-dair-npc-noir-numatic-32mm-pour-gg969-m975-ck260-l610\/"},"modified":"2026-04-14T11:26:04","modified_gmt":"2026-04-14T09:26:04","slug":"tube-courbe-rvs-avec-regulateur-dair-npc-noir-numatic-32mm-pour-gg969-m975-ck260-l610","status":"publish","type":"product","link":"https:\/\/abinox-chr-clim.com\/index.php\/product\/tube-courbe-rvs-avec-regulateur-dair-npc-noir-numatic-32mm-pour-gg969-m975-ck260-l610\/","title":{"rendered":"Tube courb\u00e9 RVS avec r\u00e9gulateur d&rsquo;air NPC noir Numatic 32mm pour GG969 M975 CK260 L610"},"content":{"rendered":"<p>Si le tube courb\u00e9 de votre aspirateur Numatic doit \u00eatre remplac\u00e9, c&rsquo;est le moment id\u00e9al pour en commander un tout neuf. Le tube courb\u00e9 Numatic est fabriqu\u00e9 en RVS durable, garantissant une longue dur\u00e9e de vie et une r\u00e9sistance \u00e0 l&rsquo;usure. La courbure du tube permet un nettoyage efficace m\u00eame dans les zones difficiles d&rsquo;acc\u00e8s. Le diam\u00e8tre interne du tube est de 32 mm, le rendant compatible avec divers accessoires. De plus, le tube d&rsquo;aspiration courb\u00e9 dispose d&rsquo;un r\u00e9gulateur d&rsquo;air facile \u00e0 utiliser.<\/p>\n<p>\u2022 Dimensions 500 (L) x 400 (l) x 150 (H)mm<br \/>\u2022 Facile \u00e0 connecter \u00e0 votre aspirateur Numatic GG969, M975, CK260 et L610<br \/>\u2022 Avec r\u00e9gulateur d&rsquo;air<br \/>\u2022 Diam\u00e8tre int\u00e9rieur 32mm<br \/>\u2022 Mat\u00e9riau RVS <\/p>\n","protected":false},"excerpt":{"rendered":"<p>Tube courb\u00e9 de 32 mm en acier inoxydable avec r\u00e9gulateur de volume NPC noir<\/p>\n","protected":false},"featured_media":109050,"comment_status":"open","ping_status":"closed","template":"","meta":[],"product_brand":[],"product_cat":[1277,1297],"product_tag":[],"class_list":{"0":"post-111345","1":"product","2":"type-product","3":"status-publish","4":"has-post-thumbnail","6":"product_cat-divers-principal","7":"product_cat-non-palettisable","8":"product_shipping_class-free-shipping","10":"first","11":"outofstock","12":"featured","13":"taxable","14":"shipping-taxable","15":"purchasable","16":"product-type-simple"},"_links":{"self":[{"href":"https:\/\/abinox-chr-clim.com\/index.php\/wp-json\/wp\/v2\/product\/111345","targetHints":{"allow":["GET"]}}],"collection":[{"href":"https:\/\/abinox-chr-clim.com\/index.php\/wp-json\/wp\/v2\/product"}],"about":[{"href":"https:\/\/abinox-chr-clim.com\/index.php\/wp-json\/wp\/v2\/types\/product"}],"replies":[{"embeddable":true,"href":"https:\/\/abinox-chr-clim.com\/index.php\/wp-json\/wp\/v2\/comments?post=111345"}],"wp:featuredmedia":[{"embeddable":true,"href":"https:\/\/abinox-chr-clim.com\/index.php\/wp-json\/wp\/v2\/media\/109050"}],"wp:attachment":[{"href":"https:\/\/abinox-chr-clim.com\/index.php\/wp-json\/wp\/v2\/media?parent=111345"}],"wp:term":[{"taxonomy":"product_brand","embeddable":true,"href":"https:\/\/abinox-chr-clim.com\/index.php\/wp-json\/wp\/v2\/product_brand?post=111345"},{"taxonomy":"product_cat","embeddable":true,"href":"https:\/\/abinox-chr-clim.com\/index.php\/wp-json\/wp\/v2\/product_cat?post=111345"},{"taxonomy":"product_tag","embeddable":true,"href":"https:\/\/abinox-chr-clim.com\/index.php\/wp-json\/wp\/v2\/product_tag?post=111345"}],"curies":[{"name":"wp","href":"https:\/\/api.w.org\/{rel}","templated":true}]}}