{"id":111344,"date":"2025-05-29T12:36:48","date_gmt":"2025-05-29T10:36:48","guid":{"rendered":"https:\/\/abinox-chr-clim.com\/index.php\/product\/tube-telescopique-numatic-32mm-rvs-pour-gg969-m975-ck260-l610\/"},"modified":"2026-04-14T11:26:03","modified_gmt":"2026-04-14T09:26:03","slug":"tube-telescopique-numatic-32mm-rvs-pour-gg969-m975-ck260-l610","status":"publish","type":"product","link":"https:\/\/abinox-chr-clim.com\/index.php\/product\/tube-telescopique-numatic-32mm-rvs-pour-gg969-m975-ck260-l610\/","title":{"rendered":"Tube t\u00e9lescopique Numatic 32mm RVS pour GG969 M975 CK260 L610"},"content":{"rendered":"<p>Si le tube t\u00e9lescopique de votre aspirateur Numatic doit \u00eatre remplac\u00e9, c&rsquo;est le moment id\u00e9al pour en commander un tout neuf. Le tube t\u00e9lescopique Numatic est fabriqu\u00e9 en RVS durable, garantissant une longue dur\u00e9e de vie et une r\u00e9sistance \u00e0 l&rsquo;usure. Il est \u00e9galement facile \u00e0 ajuster en longueur, permettant un nettoyage efficace m\u00eame dans les zones difficiles d&rsquo;acc\u00e8s. Le diam\u00e8tre interne du tube est de 32 mm, le rendant compatible avec divers accessoires.<\/p>\n<p>\u2022 Dimensions 420 (L) x 35 (l) x 35 (H)mm<br \/>\u2022 Facile \u00e0 connecter \u00e0 votre aspirateur Numatic (pour GG969 M975 CK260 L610)<br \/>\u2022 Poids 0,28 (KG)<br \/>\u2022 Diam\u00e8tre int\u00e9rieur 32mm<br \/>\u2022 Mat\u00e9riau RVS <\/p>\n","protected":false},"excerpt":{"rendered":"<p>Tube t\u00e9lescopique en acier inoxydable 32mm<\/p>\n","protected":false},"featured_media":107695,"comment_status":"open","ping_status":"closed","template":"","meta":[],"product_brand":[],"product_cat":[1277,1297],"product_tag":[],"class_list":{"0":"post-111344","1":"product","2":"type-product","3":"status-publish","4":"has-post-thumbnail","6":"product_cat-divers-principal","7":"product_cat-non-palettisable","8":"product_shipping_class-free-shipping","10":"first","11":"outofstock","12":"featured","13":"taxable","14":"shipping-taxable","15":"purchasable","16":"product-type-simple"},"_links":{"self":[{"href":"https:\/\/abinox-chr-clim.com\/index.php\/wp-json\/wp\/v2\/product\/111344","targetHints":{"allow":["GET"]}}],"collection":[{"href":"https:\/\/abinox-chr-clim.com\/index.php\/wp-json\/wp\/v2\/product"}],"about":[{"href":"https:\/\/abinox-chr-clim.com\/index.php\/wp-json\/wp\/v2\/types\/product"}],"replies":[{"embeddable":true,"href":"https:\/\/abinox-chr-clim.com\/index.php\/wp-json\/wp\/v2\/comments?post=111344"}],"wp:featuredmedia":[{"embeddable":true,"href":"https:\/\/abinox-chr-clim.com\/index.php\/wp-json\/wp\/v2\/media\/107695"}],"wp:attachment":[{"href":"https:\/\/abinox-chr-clim.com\/index.php\/wp-json\/wp\/v2\/media?parent=111344"}],"wp:term":[{"taxonomy":"product_brand","embeddable":true,"href":"https:\/\/abinox-chr-clim.com\/index.php\/wp-json\/wp\/v2\/product_brand?post=111344"},{"taxonomy":"product_cat","embeddable":true,"href":"https:\/\/abinox-chr-clim.com\/index.php\/wp-json\/wp\/v2\/product_cat?post=111344"},{"taxonomy":"product_tag","embeddable":true,"href":"https:\/\/abinox-chr-clim.com\/index.php\/wp-json\/wp\/v2\/product_tag?post=111344"}],"curies":[{"name":"wp","href":"https:\/\/api.w.org\/{rel}","templated":true}]}}