{"id":111343,"date":"2025-05-29T12:36:46","date_gmt":"2025-05-29T10:36:46","guid":{"rendered":"https:\/\/abinox-chr-clim.com\/index.php\/product\/kit-serpilliere-numatic-srk-1-pour-chariots-sm\/"},"modified":"2026-04-14T11:26:01","modified_gmt":"2026-04-14T09:26:01","slug":"kit-serpilliere-numatic-srk-1-pour-chariots-sm","status":"publish","type":"product","link":"https:\/\/abinox-chr-clim.com\/index.php\/product\/kit-serpilliere-numatic-srk-1-pour-chariots-sm\/","title":{"rendered":"Kit serpilli\u00e8re Numatic SRK 1 pour chariots SM"},"content":{"rendered":"<p>Le kit de vadrouille Numatic SRK1 est l&rsquo;accessoire parfait pour compl\u00e9ter votre chariot de nettoyage Numatic SM. Le kit de vadrouille complet comprend tout ce dont vous avez besoin pour \u00e9lever votre nettoyage de sol au niveau sup\u00e9rieur. Le kit de vadrouille est livr\u00e9 avec un tampon en mousse et deux seaux de 17 litres \u00e9quip\u00e9s de poign\u00e9es pour une mobilit\u00e9 facile.<\/p>\n<p>\u2022 Convient \u00e0 tous les chariots de travail Numatic SM<br \/>\u2022 Facile \u00e0 monter sur votre chariot de travail<br \/>\u2022 Capacit\u00e9 individuelle du seau : 17L<br \/>\u2022 R\u00e9siste \u00e0 une utilisation intensive quotidienne <\/p>\n","protected":false},"excerpt":{"rendered":"<p>Kit serpilli\u00e8re SRK 1<\/p>\n","protected":false},"featured_media":106268,"comment_status":"open","ping_status":"closed","template":"","meta":[],"product_brand":[],"product_cat":[1277,1297],"product_tag":[],"class_list":{"0":"post-111343","1":"product","2":"type-product","3":"status-publish","4":"has-post-thumbnail","6":"product_cat-divers-principal","7":"product_cat-non-palettisable","8":"product_shipping_class-free-shipping","10":"first","11":"instock","12":"featured","13":"taxable","14":"shipping-taxable","15":"purchasable","16":"product-type-simple"},"_links":{"self":[{"href":"https:\/\/abinox-chr-clim.com\/index.php\/wp-json\/wp\/v2\/product\/111343","targetHints":{"allow":["GET"]}}],"collection":[{"href":"https:\/\/abinox-chr-clim.com\/index.php\/wp-json\/wp\/v2\/product"}],"about":[{"href":"https:\/\/abinox-chr-clim.com\/index.php\/wp-json\/wp\/v2\/types\/product"}],"replies":[{"embeddable":true,"href":"https:\/\/abinox-chr-clim.com\/index.php\/wp-json\/wp\/v2\/comments?post=111343"}],"wp:featuredmedia":[{"embeddable":true,"href":"https:\/\/abinox-chr-clim.com\/index.php\/wp-json\/wp\/v2\/media\/106268"}],"wp:attachment":[{"href":"https:\/\/abinox-chr-clim.com\/index.php\/wp-json\/wp\/v2\/media?parent=111343"}],"wp:term":[{"taxonomy":"product_brand","embeddable":true,"href":"https:\/\/abinox-chr-clim.com\/index.php\/wp-json\/wp\/v2\/product_brand?post=111343"},{"taxonomy":"product_cat","embeddable":true,"href":"https:\/\/abinox-chr-clim.com\/index.php\/wp-json\/wp\/v2\/product_cat?post=111343"},{"taxonomy":"product_tag","embeddable":true,"href":"https:\/\/abinox-chr-clim.com\/index.php\/wp-json\/wp\/v2\/product_tag?post=111343"}],"curies":[{"name":"wp","href":"https:\/\/api.w.org\/{rel}","templated":true}]}}