{"id":111342,"date":"2025-05-29T12:36:44","date_gmt":"2025-05-29T10:36:44","guid":{"rendered":"https:\/\/abinox-chr-clim.com\/index.php\/product\/chariot-de-nettoyage-numatic-compacte-reflo-multi-matic-mm4\/"},"modified":"2026-04-14T11:26:00","modified_gmt":"2026-04-14T09:26:00","slug":"chariot-de-nettoyage-numatic-compacte-reflo-multi-matic-mm4","status":"publish","type":"product","link":"https:\/\/abinox-chr-clim.com\/index.php\/product\/chariot-de-nettoyage-numatic-compacte-reflo-multi-matic-mm4\/","title":{"rendered":"Chariot de nettoyage Numatic Compacte ReFlo MULTI-Matic MM4"},"content":{"rendered":"<p>Le chariot de nettoyage compact MULTI-Matic de Numatic est fabriqu\u00e9 \u00e0 partir de plastique recycl\u00e9 de haute qualit\u00e9 en utilisant la technologie durable ReFLO. De plus, le chariot pr\u00e9sente une construction unique en Structofoam robuste avec des mat\u00e9riaux de qualit\u00e9 copolym\u00e8re, le rendant extr\u00eamement durable, r\u00e9sistant aux produits chimiques, et facile \u00e0 nettoyer. Ce chariot compact comprend deux seaux et une presse \u00e0 mop vertical pour un syst\u00e8me de nettoyage compact. Il dispose \u00e9galement d&rsquo;unit\u00e9s de rangement pratiques et de deux seaux de 5 litres, garantissant que toutes les fournitures de nettoyage sont facilement accessibles. Les chariots conviennent parfaitement aux bureaux et aux \u00e9tablissements d&rsquo;enseignement.<\/p>\n<p>\u2022 Dimensions 480 (L) x 940 (l) x 1130 (H) mm<br \/>\u2022 Capacit\u00e9 70L<br \/>\u2022 Comprend 2 seaux pivotants de 5 litres<br \/>\u2022 R\u00e9sistant aux produits d\u00e9tergents<br \/>\u2022 Facile \u00e0 nettoyer <\/p>\n","protected":false},"excerpt":{"rendered":"<p>Chariot ReFlo MM4<\/p>\n","protected":false},"featured_media":107231,"comment_status":"open","ping_status":"closed","template":"","meta":[],"product_brand":[],"product_cat":[1228,1227,1297,1216],"product_tag":[],"class_list":{"0":"post-111342","1":"product","2":"type-product","3":"status-publish","4":"has-post-thumbnail","6":"product_cat-aspirateurs","7":"product_cat-nettoyage","8":"product_cat-non-palettisable","9":"product_cat-usage-unique-et-entretien","10":"product_shipping_class-free-shipping","12":"first","13":"outofstock","14":"featured","15":"taxable","16":"shipping-taxable","17":"purchasable","18":"product-type-simple"},"_links":{"self":[{"href":"https:\/\/abinox-chr-clim.com\/index.php\/wp-json\/wp\/v2\/product\/111342","targetHints":{"allow":["GET"]}}],"collection":[{"href":"https:\/\/abinox-chr-clim.com\/index.php\/wp-json\/wp\/v2\/product"}],"about":[{"href":"https:\/\/abinox-chr-clim.com\/index.php\/wp-json\/wp\/v2\/types\/product"}],"replies":[{"embeddable":true,"href":"https:\/\/abinox-chr-clim.com\/index.php\/wp-json\/wp\/v2\/comments?post=111342"}],"wp:featuredmedia":[{"embeddable":true,"href":"https:\/\/abinox-chr-clim.com\/index.php\/wp-json\/wp\/v2\/media\/107231"}],"wp:attachment":[{"href":"https:\/\/abinox-chr-clim.com\/index.php\/wp-json\/wp\/v2\/media?parent=111342"}],"wp:term":[{"taxonomy":"product_brand","embeddable":true,"href":"https:\/\/abinox-chr-clim.com\/index.php\/wp-json\/wp\/v2\/product_brand?post=111342"},{"taxonomy":"product_cat","embeddable":true,"href":"https:\/\/abinox-chr-clim.com\/index.php\/wp-json\/wp\/v2\/product_cat?post=111342"},{"taxonomy":"product_tag","embeddable":true,"href":"https:\/\/abinox-chr-clim.com\/index.php\/wp-json\/wp\/v2\/product_tag?post=111342"}],"curies":[{"name":"wp","href":"https:\/\/api.w.org\/{rel}","templated":true}]}}