{"id":111341,"date":"2025-05-29T12:36:42","date_gmt":"2025-05-29T10:36:42","guid":{"rendered":"https:\/\/abinox-chr-clim.com\/index.php\/product\/aspirateur-balai-numatic-henry-quick-hen100r-rouge\/"},"modified":"2026-04-14T11:25:59","modified_gmt":"2026-04-14T09:25:59","slug":"aspirateur-balai-numatic-henry-quick-hen100r-rouge","status":"publish","type":"product","link":"https:\/\/abinox-chr-clim.com\/index.php\/product\/aspirateur-balai-numatic-henry-quick-hen100r-rouge\/","title":{"rendered":"Aspirateur balai Numatic Henry Quick HEN100R rouge"},"content":{"rendered":"<p>L&rsquo;aspirateur balai Numatic Henry Quick offre jusqu&rsquo;\u00e0 60 minutes de nettoyage puissant sans fil au r\u00e9glage le plus bas et jusqu&rsquo;\u00e0 14 minutes au r\u00e9glage le plus \u00e9lev\u00e9. La batterie du Henry Quick peut \u00eatre enti\u00e8rement charg\u00e9e en 2,5 heures avec le chargeur inclus. De plus, le Henry Quick est dot\u00e9 d&rsquo;un moteur num\u00e9rique et d&rsquo;une t\u00eate de brosse \u00e0 entra\u00eenement direct, offrant des performances de nettoyage ultimes. Le Henry Quick est livr\u00e9 avec un support mural et une poign\u00e9e ergonomique, ce qui rend l&rsquo;utilisation et le rangement de l&rsquo;aspirateur faciles.<\/p>\n<p>\u2022 Dimensions 27 (L) x 24 (l) x 122 (H) cm<br \/>\u2022 Poids 3,2 kg<br \/>\u2022 Tension 25,2 V<br \/>\u2022 Contient un suceur, un embout pour meubles et un embout turbo<br \/>\u2022 Chargeur inclus<br \/>\u2022 Support mural inclus <\/p>\n","protected":false},"excerpt":{"rendered":"<p>Henry Quick HEN100R<\/p>\n","protected":false},"featured_media":109049,"comment_status":"open","ping_status":"closed","template":"","meta":[],"product_brand":[],"product_cat":[1228,1227,1297,1216],"product_tag":[],"class_list":{"0":"post-111341","1":"product","2":"type-product","3":"status-publish","4":"has-post-thumbnail","6":"product_cat-aspirateurs","7":"product_cat-nettoyage","8":"product_cat-non-palettisable","9":"product_cat-usage-unique-et-entretien","10":"product_shipping_class-free-shipping","12":"first","13":"outofstock","14":"featured","15":"taxable","16":"shipping-taxable","17":"purchasable","18":"product-type-simple"},"_links":{"self":[{"href":"https:\/\/abinox-chr-clim.com\/index.php\/wp-json\/wp\/v2\/product\/111341","targetHints":{"allow":["GET"]}}],"collection":[{"href":"https:\/\/abinox-chr-clim.com\/index.php\/wp-json\/wp\/v2\/product"}],"about":[{"href":"https:\/\/abinox-chr-clim.com\/index.php\/wp-json\/wp\/v2\/types\/product"}],"replies":[{"embeddable":true,"href":"https:\/\/abinox-chr-clim.com\/index.php\/wp-json\/wp\/v2\/comments?post=111341"}],"wp:featuredmedia":[{"embeddable":true,"href":"https:\/\/abinox-chr-clim.com\/index.php\/wp-json\/wp\/v2\/media\/109049"}],"wp:attachment":[{"href":"https:\/\/abinox-chr-clim.com\/index.php\/wp-json\/wp\/v2\/media?parent=111341"}],"wp:term":[{"taxonomy":"product_brand","embeddable":true,"href":"https:\/\/abinox-chr-clim.com\/index.php\/wp-json\/wp\/v2\/product_brand?post=111341"},{"taxonomy":"product_cat","embeddable":true,"href":"https:\/\/abinox-chr-clim.com\/index.php\/wp-json\/wp\/v2\/product_cat?post=111341"},{"taxonomy":"product_tag","embeddable":true,"href":"https:\/\/abinox-chr-clim.com\/index.php\/wp-json\/wp\/v2\/product_tag?post=111341"}],"curies":[{"name":"wp","href":"https:\/\/api.w.org\/{rel}","templated":true}]}}