{"id":111340,"date":"2025-05-29T12:36:40","date_gmt":"2025-05-29T10:36:40","guid":{"rendered":"https:\/\/abinox-chr-clim.com\/index.php\/product\/aspirateur-a-vapeur-et-extraction-numatic-henry-wash-hvw370-bleu-avec-kit-as6\/"},"modified":"2026-04-14T11:25:58","modified_gmt":"2026-04-14T09:25:58","slug":"aspirateur-a-vapeur-et-extraction-numatic-henry-wash-hvw370-bleu-avec-kit-as6","status":"publish","type":"product","link":"https:\/\/abinox-chr-clim.com\/index.php\/product\/aspirateur-a-vapeur-et-extraction-numatic-henry-wash-hvw370-bleu-avec-kit-as6\/","title":{"rendered":"Aspirateur \u00e0 vapeur et extraction Numatic Henry Wash HVW370 bleu avec kit AS6"},"content":{"rendered":"<p>L&rsquo;aspirateur \u00e0 extraction par pulv\u00e9risation Numatic Henry Wash HVW370 combine un aspirateur \u00e0 eau avec un nettoyeur de tapis. Le Henry Wash est adapt\u00e9 pour nettoyer les tapis et les tissus d&rsquo;ameublement, ainsi que pour frotter et s\u00e9cher les sols. Avec son long c\u00e2ble de 10 m\u00e8tres et une large port\u00e9e de nettoyage de 26,8 m\u00e8tres, vous avez besoin de brancher et d\u00e9brancher moins fr\u00e9quemment, permettant ainsi des s\u00e9ances de nettoyage plus longues. Le Henry Wash poss\u00e8de une g\u00e9n\u00e9reuse capacit\u00e9 de 9 litres pour les liquides et de 15 litres pour les mat\u00e9riaux secs, un espace de rangement int\u00e9gr\u00e9 pour le c\u00e2ble et un syst\u00e8me de r\u00e9-enroulement du c\u00e2ble sans effort, offrant un m\u00e9lange id\u00e9al de puissance, de performance et de facilit\u00e9 d&rsquo;utilisation. Le Henry Wash est con\u00e7u pour bien fonctionner en modes humide et sec. De plus, il est con\u00e7u pour un passage facile entre ces modes. Le Henry Wash est un outil fiable pour toute t\u00e2che.<\/p>\n<p>\u2022 Dimensions 355 (H) x 355 (L) x 510 (P)mm<br \/>\u2022 Poids 8,65 (Kg)<br \/>\u2022 Tension 230V<br \/>\u2022 Grande capacit\u00e9 de 15L pour les mat\u00e9riaux secs et 9L pour les liquides &#8211; moins de temps \u00e0 vider, plus de temps pour nettoyer<br \/>\u2022 Incluant un tuyau d&rsquo;aspirateur de 2 m\u00e8tres<br \/>\u2022 Comprend un c\u00e2ble de 10 m\u00e8tres <\/p>\n","protected":false},"excerpt":{"rendered":"<p>Henry Wash HVW370<\/p>\n","protected":false},"featured_media":107694,"comment_status":"open","ping_status":"closed","template":"","meta":[],"product_brand":[],"product_cat":[1228,1227,1297,1216],"product_tag":[],"class_list":{"0":"post-111340","1":"product","2":"type-product","3":"status-publish","4":"has-post-thumbnail","6":"product_cat-aspirateurs","7":"product_cat-nettoyage","8":"product_cat-non-palettisable","9":"product_cat-usage-unique-et-entretien","10":"product_shipping_class-free-shipping","12":"first","13":"outofstock","14":"featured","15":"taxable","16":"shipping-taxable","17":"purchasable","18":"product-type-simple"},"_links":{"self":[{"href":"https:\/\/abinox-chr-clim.com\/index.php\/wp-json\/wp\/v2\/product\/111340","targetHints":{"allow":["GET"]}}],"collection":[{"href":"https:\/\/abinox-chr-clim.com\/index.php\/wp-json\/wp\/v2\/product"}],"about":[{"href":"https:\/\/abinox-chr-clim.com\/index.php\/wp-json\/wp\/v2\/types\/product"}],"replies":[{"embeddable":true,"href":"https:\/\/abinox-chr-clim.com\/index.php\/wp-json\/wp\/v2\/comments?post=111340"}],"wp:featuredmedia":[{"embeddable":true,"href":"https:\/\/abinox-chr-clim.com\/index.php\/wp-json\/wp\/v2\/media\/107694"}],"wp:attachment":[{"href":"https:\/\/abinox-chr-clim.com\/index.php\/wp-json\/wp\/v2\/media?parent=111340"}],"wp:term":[{"taxonomy":"product_brand","embeddable":true,"href":"https:\/\/abinox-chr-clim.com\/index.php\/wp-json\/wp\/v2\/product_brand?post=111340"},{"taxonomy":"product_cat","embeddable":true,"href":"https:\/\/abinox-chr-clim.com\/index.php\/wp-json\/wp\/v2\/product_cat?post=111340"},{"taxonomy":"product_tag","embeddable":true,"href":"https:\/\/abinox-chr-clim.com\/index.php\/wp-json\/wp\/v2\/product_tag?post=111340"}],"curies":[{"name":"wp","href":"https:\/\/api.w.org\/{rel}","templated":true}]}}