{"id":111339,"date":"2025-05-29T12:36:38","date_gmt":"2025-05-29T10:36:38","guid":{"rendered":"https:\/\/abinox-chr-clim.com\/index.php\/product\/housse-de-chaise-tricotee-excellent-dena-sans-noeuds-blanche\/"},"modified":"2026-04-13T08:16:21","modified_gmt":"2026-04-13T06:16:21","slug":"housse-de-chaise-tricotee-excellent-dena-sans-noeuds-blanche","status":"publish","type":"product","link":"https:\/\/abinox-chr-clim.com\/index.php\/product\/housse-de-chaise-tricotee-excellent-dena-sans-noeuds-blanche\/","title":{"rendered":"Housse de chaise tricot\u00e9e Excellent Dena sans noeuds blanche"},"content":{"rendered":"<p>Notre housse de chaise excellente est sp\u00e9cialement con\u00e7ue pour la chaise empilable. Ce mod\u00e8le est fabriqu\u00e9 en tissu tricot\u00e9 de 140gr\/m2 (100% Polyester), en tissu de 180gr\/m2 (100% Polyester) et en tissu FR 180gr\/m2 (100% Polyester). Le tricot s&rsquo;\u00e9tire dans une seule direction, rendant le mat\u00e9riau moins sujet aux plis et il est aussi flexible. La qualit\u00e9 tiss\u00e9e ne s&rsquo;\u00e9tire pas, mais gr\u00e2ce \u00e0 l&rsquo;utilisation de fils de polyester de haute qualit\u00e9, le mat\u00e9riau est r\u00e9sistant aux plis. Gr\u00e2ce \u00e0 sa forme parfaite, la housse est facile \u00e0 installer et \u00e0 d\u00e9sinstaller. Tous les mat\u00e9riaux que nous utilisons sont certifi\u00e9s Oeko-Tex Standard 100.<\/p>\n<p>\u2022 Le mat\u00e9riau est r\u00e9sistant aux plis gr\u00e2ce \u00e0 la haute qualit\u00e9 du polyester<br \/>\u2022 Mat\u00e9riau 100% polyester<br \/>\u2022 Gr\u00e2ce au tissu extensible, la housse est facile \u00e0 utiliser et id\u00e9ale pour prot\u00e9ger et d\u00e9corer la table<br \/>\u2022 Certifi\u00e9 selon la norme Oeko-Tex<br \/>\u2022 Lavable en machine, respecter les instructions de lavage<br \/>\u2022 Apr\u00e8s le lavage, le produit doit \u00eatre suspendu imm\u00e9diatement, de pr\u00e9f\u00e9rence lorsque le tissu est encore humide. <\/p>\n","protected":false},"excerpt":{"rendered":"<p>Blanche Excellente sans noeuds.<\/p>\n","protected":false},"featured_media":105712,"comment_status":"open","ping_status":"closed","template":"","meta":[],"product_brand":[],"product_cat":[1024,1023,1297,1029],"product_tag":[],"class_list":{"0":"post-111339","1":"product","2":"type-product","3":"status-publish","4":"has-post-thumbnail","6":"product_cat-accessoires-de-table","7":"product_cat-art-de-la-table","8":"product_cat-non-palettisable","9":"product_cat-presentation","10":"product_shipping_class-free-shipping","12":"first","13":"instock","14":"featured","15":"taxable","16":"shipping-taxable","17":"purchasable","18":"product-type-simple"},"_links":{"self":[{"href":"https:\/\/abinox-chr-clim.com\/index.php\/wp-json\/wp\/v2\/product\/111339","targetHints":{"allow":["GET"]}}],"collection":[{"href":"https:\/\/abinox-chr-clim.com\/index.php\/wp-json\/wp\/v2\/product"}],"about":[{"href":"https:\/\/abinox-chr-clim.com\/index.php\/wp-json\/wp\/v2\/types\/product"}],"replies":[{"embeddable":true,"href":"https:\/\/abinox-chr-clim.com\/index.php\/wp-json\/wp\/v2\/comments?post=111339"}],"wp:featuredmedia":[{"embeddable":true,"href":"https:\/\/abinox-chr-clim.com\/index.php\/wp-json\/wp\/v2\/media\/105712"}],"wp:attachment":[{"href":"https:\/\/abinox-chr-clim.com\/index.php\/wp-json\/wp\/v2\/media?parent=111339"}],"wp:term":[{"taxonomy":"product_brand","embeddable":true,"href":"https:\/\/abinox-chr-clim.com\/index.php\/wp-json\/wp\/v2\/product_brand?post=111339"},{"taxonomy":"product_cat","embeddable":true,"href":"https:\/\/abinox-chr-clim.com\/index.php\/wp-json\/wp\/v2\/product_cat?post=111339"},{"taxonomy":"product_tag","embeddable":true,"href":"https:\/\/abinox-chr-clim.com\/index.php\/wp-json\/wp\/v2\/product_tag?post=111339"}],"curies":[{"name":"wp","href":"https:\/\/api.w.org\/{rel}","templated":true}]}}