{"id":111338,"date":"2025-05-29T12:36:36","date_gmt":"2025-05-29T10:36:36","guid":{"rendered":"https:\/\/abinox-chr-clim.com\/index.php\/product\/bouilloire-17-litre-tristar-wk-1344\/"},"modified":"2026-04-14T11:22:48","modified_gmt":"2026-04-14T09:22:48","slug":"bouilloire-17-litre-tristar-wk-1344","status":"publish","type":"product","link":"https:\/\/abinox-chr-clim.com\/index.php\/product\/bouilloire-17-litre-tristar-wk-1344\/","title":{"rendered":"Bouilloire 1,7 litre Tristar WK-1344"},"content":{"rendered":"<p>Offrez-vous un agr\u00e9able moment de th\u00e9 avec la bouilloire en acier inoxydable Tristar WK-1344. Le corps moderne en acier inoxydable s&rsquo;int\u00e8gre parfaitement dans toute cuisine. Gr\u00e2ce \u00e0 sa grande capacit\u00e9 de 1,7 litre, vous pouvez facilement offrir \u00e0 vos visiteurs une d\u00e9licieuse tasse de th\u00e9 en m\u00eame temps. Ajoutez un biscuit au chocolat ou une part de tarte aux pommes fra\u00eechement cuite pour terminer un moment de th\u00e9 relaxant.Capacit\u00e9 et puissanceLa grande capacit\u00e9 vous permet non seulement de pr\u00e9parer une savoureuse tasse de th\u00e9 pour tous vos invit\u00e9s d&rsquo;un seul coup, mais elle acc\u00e9l\u00e8re \u00e9galement le temps de pr\u00e9paration de votre plat pr\u00e9f\u00e9r\u00e9. La puissance de 2200 watts garantit un processus de cuisson rapide. Pratique lorsque vous voulez pr\u00e9parer un d\u00e9licieux repas, mais que vous n&rsquo;avez pas beaucoup de temps. Il suffit d&rsquo;allumer la bouilloire et vous pouvez commencer \u00e0 pr\u00e9parer une riche p\u00e2te ou un d\u00e9licieux plat de riz en un rien de temps.Facile \u00e0 utiliserVous pouvez faire pivoter la bouilloire \u00e0 360\u00b0 sur sa base, ce qui la rend adapt\u00e9e aux utilisateurs gauchers comme droitiers. Comme le pichet est amovible, vous pouvez facilement le remplir ou le verser. Vous utilisez la bouilloire tr\u00e8s facilement \u00e0 l&rsquo;aide de l&rsquo;interrupteur marche\/arr\u00eat tandis que le voyant lumineux vous indique si la bouilloire est allum\u00e9e. L&rsquo;indicateur de niveau d&rsquo;eau montre exactement la quantit\u00e9 d&rsquo;eau qu&rsquo;elle contient. Cette spacieuse bouilloire est \u00e9quip\u00e9e de toutes les commodit\u00e9s.S\u00fbr \u00e0 utiliserGr\u00e2ce \u00e0 la protection contre l&rsquo;\u00e9bullition \u00e0 sec et \u00e0 l&rsquo;arr\u00eat automatique, cette bouilloire Tristar est tr\u00e8s s\u00fbre \u00e0 utiliser. Apr\u00e8s utilisation, vous pouvez facilement ranger la bouilloire avec le syst\u00e8me de rangement du cordon. Voulez-vous acc\u00e9l\u00e9rer le temps de cuisson de votre plat pr\u00e9f\u00e9r\u00e9 ou pr\u00e9parer une d\u00e9licieuse tasse de th\u00e9 &#63; \u00c0 vous de choisir !Qu&rsquo;allez-vous trouver dans la bo\u00eete &#63;Bouilloire en acier inoxydable Tristar et manuel<\/p>\n<p>\u2022 Bouilloire sans fil en acier inoxydable bross\u00e9 avec une grande capacit\u00e9 de 1,7 L et rotative \u00e0 360\u00b0. Gr\u00e2ce \u00e0 la puissance \u00e9lev\u00e9e de 2200 W, l&rsquo;eau chauffe tr\u00e8s rapidement. Avec protection contre le fonctionnement \u00e0 sec et indication du niveau.<br \/>\u2022 Temp\u00e9rature maximale : 100 (\u00b0C)<br \/>\u2022 Bouilloire pratique avec un bo\u00eetier en acier inoxydable et un volume de 1,7 litres<br \/>\u2022 Puissance (W) 1850 &#8211; 2200<br \/>\u2022 Id\u00e9al pour une utilisation ambidextre<br \/>\u2022 S\u00fbr \u00e0 utiliser gr\u00e2ce \u00e0 la protection contre le fonctionnement \u00e0 sec et \u00e0 l&rsquo;arr\u00eat automatique <\/p>\n","protected":false},"excerpt":{"rendered":"<p>Offrez-vous un agr\u00e9able moment de th\u00e9 avec la bouilloire Tristar WK-1344 en acier inoxydable. Le corps en acier inoxydable moderne s&rsquo;int\u00e8gre parfaitement dans toutes les cuisines. Gr\u00e2ce \u00e0 sa grande capacit\u00e9 de 1,7 litre, vous pouvez facilement offrir \u00e0 vos visiteurs une d\u00e9licieuse tasse de th\u00e9 en m\u00eame temps.<\/p>\n","protected":false},"featured_media":109048,"comment_status":"open","ping_status":"closed","template":"","meta":[],"product_brand":[],"product_cat":[1277,1297],"product_tag":[],"class_list":{"0":"post-111338","1":"product","2":"type-product","3":"status-publish","4":"has-post-thumbnail","6":"product_cat-divers-principal","7":"product_cat-non-palettisable","8":"product_shipping_class-free-shipping","10":"first","11":"instock","12":"featured","13":"taxable","14":"shipping-taxable","15":"purchasable","16":"product-type-simple"},"_links":{"self":[{"href":"https:\/\/abinox-chr-clim.com\/index.php\/wp-json\/wp\/v2\/product\/111338","targetHints":{"allow":["GET"]}}],"collection":[{"href":"https:\/\/abinox-chr-clim.com\/index.php\/wp-json\/wp\/v2\/product"}],"about":[{"href":"https:\/\/abinox-chr-clim.com\/index.php\/wp-json\/wp\/v2\/types\/product"}],"replies":[{"embeddable":true,"href":"https:\/\/abinox-chr-clim.com\/index.php\/wp-json\/wp\/v2\/comments?post=111338"}],"wp:featuredmedia":[{"embeddable":true,"href":"https:\/\/abinox-chr-clim.com\/index.php\/wp-json\/wp\/v2\/media\/109048"}],"wp:attachment":[{"href":"https:\/\/abinox-chr-clim.com\/index.php\/wp-json\/wp\/v2\/media?parent=111338"}],"wp:term":[{"taxonomy":"product_brand","embeddable":true,"href":"https:\/\/abinox-chr-clim.com\/index.php\/wp-json\/wp\/v2\/product_brand?post=111338"},{"taxonomy":"product_cat","embeddable":true,"href":"https:\/\/abinox-chr-clim.com\/index.php\/wp-json\/wp\/v2\/product_cat?post=111338"},{"taxonomy":"product_tag","embeddable":true,"href":"https:\/\/abinox-chr-clim.com\/index.php\/wp-json\/wp\/v2\/product_tag?post=111338"}],"curies":[{"name":"wp","href":"https:\/\/api.w.org\/{rel}","templated":true}]}}