{"id":111337,"date":"2025-05-29T12:36:35","date_gmt":"2025-05-29T10:36:35","guid":{"rendered":"https:\/\/abinox-chr-clim.com\/index.php\/product\/bouilloire-17-litre-tristar-blanche-wk-3380\/"},"modified":"2026-04-15T10:47:09","modified_gmt":"2026-04-15T08:47:09","slug":"bouilloire-17-litre-tristar-blanche-wk-3380","status":"publish","type":"product","link":"https:\/\/abinox-chr-clim.com\/index.php\/product\/bouilloire-17-litre-tristar-blanche-wk-3380\/","title":{"rendered":"Bouilloire 1,7 litre Tristar blanche WK-3380"},"content":{"rendered":"<p>La bouilloire Tristar WK-3380 est une bouilloire simple et tr\u00e8s pratique. Avec une capacit\u00e9 de 1,7 litre, la bouilloire a une tr\u00e8s grande capacit\u00e9, tandis que gr\u00e2ce \u00e0 sa puissance de 2200W, vous n&rsquo;avez pas \u00e0 attendre longtemps avant que l&rsquo;eau ne bouille.Facile \u00e0 utiliserLa bouilloire Tristar est tr\u00e8s simple et pratique \u00e0 utiliser car la bouilloire est amovible de la station de base. Gr\u00e2ce \u00e0 l&rsquo;indicateur de niveau d&rsquo;eau et \u00e0 l&rsquo;indication de capacit\u00e9 maximale, vous pouvez facilement voir quelle quantit\u00e9 d&rsquo;eau vous pouvez mettre dans la bouilloire. Vous pouvez facilement l&rsquo;op\u00e9rer \u00e0 l&rsquo;aide de l&rsquo;interrupteur marche\/arr\u00eat et gr\u00e2ce au voyant lumineux, vous pouvez voir d&rsquo;un coup d&rsquo;\u0153il si la bouilloire est allum\u00e9e. Lorsque l&rsquo;eau bout, la bouilloire s&rsquo;\u00e9teint automatiquement.S\u00fbre \u00e0 utiliserLa bouilloire WK-3380 a un bo\u00eetier en plastique blanc avec poign\u00e9e int\u00e9gr\u00e9e et est fabriqu\u00e9e en mat\u00e9riau sans BPA. Les pieds antid\u00e9rapants garantissent que la bouilloire reste stable et s\u00fbre sur le comptoir. La protection contre l&rsquo;\u00e9bullition \u00e0 sec garantit \u00e9galement que la bouilloire s&rsquo;\u00e9teint lorsqu&rsquo;il n&rsquo;y a plus d&rsquo;eau dedans.Design pratiqueLa bouilloire Tristar a un design tr\u00e8s pratique. L&rsquo;eau est chauff\u00e9e au moyen d&rsquo;un \u00e9l\u00e9ment plongeant. Avec une capacit\u00e9 de 1,7 litre, la bouilloire a une tr\u00e8s grande capacit\u00e9. Le couvercle a un filtre int\u00e9gr\u00e9 contre le calcaire, qui emp\u00eache le calcaire de se retrouver dans votre th\u00e9. Gr\u00e2ce au syst\u00e8me de rangement du cordon, vous pouvez facilement ranger le cordon exc\u00e9dentaire.Ce que vous trouverez dans la bo\u00eete :Bouilloire Tristar, station de base, manuel<\/p>\n<p>\u2022 La bouilloire chauffe l&rsquo;eau gr\u00e2ce \u00e0 une r\u00e9sistance immerg\u00e9e et a une puissance de 2200W<br \/>\u2022 Temp\u00e9rature maximale: 100 (\u00b0C)<br \/>\u2022 Bouilloire pratique avec un corps en plastique blanc et un volume de 1,7 litres<br \/>\u2022 Facile \u00e0 contr\u00f4ler \u00e0 l&rsquo;aide d&rsquo;un interrupteur marche\/arr\u00eat et arr\u00eat automatique<br \/>\u2022 Le couvercle est \u00e9quip\u00e9 d&rsquo;un filtre pour emp\u00eacher le calcaire<br \/>\u2022 S\u00fbre \u00e0 utiliser gr\u00e2ce \u00e0 la protection contre l&rsquo;\u00e9bullition \u00e0 sec et aux pieds antid\u00e9rapants <\/p>\n","protected":false},"excerpt":{"rendered":"<p>Bouilloire moderne avec un corps de couleur blanche et un volume de 1,7L. La haute puissance de 2200W garantit un processus d&rsquo;\u00e9bullition rapide. La bouilloire est amovible de la base, ce qui facilite le versement de l&rsquo;eau. Avec indicateur de niveau d&rsquo;eau pratique.<\/p>\n","protected":false},"featured_media":107230,"comment_status":"open","ping_status":"closed","template":"","meta":[],"product_brand":[],"product_cat":[1277,1297],"product_tag":[],"class_list":{"0":"post-111337","1":"product","2":"type-product","3":"status-publish","4":"has-post-thumbnail","6":"product_cat-divers-principal","7":"product_cat-non-palettisable","8":"product_shipping_class-free-shipping","10":"first","11":"instock","12":"featured","13":"taxable","14":"shipping-taxable","15":"purchasable","16":"product-type-simple"},"_links":{"self":[{"href":"https:\/\/abinox-chr-clim.com\/index.php\/wp-json\/wp\/v2\/product\/111337","targetHints":{"allow":["GET"]}}],"collection":[{"href":"https:\/\/abinox-chr-clim.com\/index.php\/wp-json\/wp\/v2\/product"}],"about":[{"href":"https:\/\/abinox-chr-clim.com\/index.php\/wp-json\/wp\/v2\/types\/product"}],"replies":[{"embeddable":true,"href":"https:\/\/abinox-chr-clim.com\/index.php\/wp-json\/wp\/v2\/comments?post=111337"}],"wp:featuredmedia":[{"embeddable":true,"href":"https:\/\/abinox-chr-clim.com\/index.php\/wp-json\/wp\/v2\/media\/107230"}],"wp:attachment":[{"href":"https:\/\/abinox-chr-clim.com\/index.php\/wp-json\/wp\/v2\/media?parent=111337"}],"wp:term":[{"taxonomy":"product_brand","embeddable":true,"href":"https:\/\/abinox-chr-clim.com\/index.php\/wp-json\/wp\/v2\/product_brand?post=111337"},{"taxonomy":"product_cat","embeddable":true,"href":"https:\/\/abinox-chr-clim.com\/index.php\/wp-json\/wp\/v2\/product_cat?post=111337"},{"taxonomy":"product_tag","embeddable":true,"href":"https:\/\/abinox-chr-clim.com\/index.php\/wp-json\/wp\/v2\/product_tag?post=111337"}],"curies":[{"name":"wp","href":"https:\/\/api.w.org\/{rel}","templated":true}]}}