{"id":111331,"date":"2025-05-29T12:35:30","date_gmt":"2025-05-29T10:35:30","guid":{"rendered":"https:\/\/abinox-chr-clim.com\/index.php\/product\/pansement-impermeable-detectaplast-6cm-x-5-m\/"},"modified":"2026-03-16T12:34:24","modified_gmt":"2026-03-16T11:34:24","slug":"pansement-impermeable-detectaplast-6cm-x-5-m","status":"publish","type":"product","link":"https:\/\/abinox-chr-clim.com\/index.php\/product\/pansement-impermeable-detectaplast-6cm-x-5-m\/","title":{"rendered":"Pansement imperm\u00e9able Detectaplast 6cm x 5 m"},"content":{"rendered":"<p>Les pansements bleus d\u00e9tectables, les pansements de restauration, sont largement utilis\u00e9s dans les zones de pr\u00e9paration alimentaire, des sandwicheries aux boucheries en passant par les fabricants de g\u00e2teaux et les grandes lignes de production alimentaire de masse. Les pansements sont directement d\u00e9tect\u00e9s en raison de leur couleur bleue (il n&rsquo;existe aucun produit alimentaire naturel de cette couleur) mais aussi gr\u00e2ce \u00e0 une feuille d&rsquo;aluminium sous la compresse de la plaie qui peut \u00eatre d\u00e9tect\u00e9e par les d\u00e9tecteurs de m\u00e9taux.<\/p>\n<p>\u2022 Fabriqu\u00e9 en PE (poly\u00e9thyl\u00e8ne) tr\u00e8s r\u00e9sistant<br \/>\u2022 R\u00e9sistant \u00e0 l&rsquo;eau et \u00e0 la salet\u00e9<br \/>\u2022 D\u00e9tectable visuellement et \u00e9lectromagn\u00e9tiquement, couleur bleue pour faciliter la d\u00e9tection<br \/>\u2022 Un adh\u00e9sif hypoallerg\u00e9nique puissant garantit moins de r\u00e9actions cutan\u00e9es, le tampon absorbant ne colle pas \u00e0 la plaie<br \/>\u2022 Bande d&rsquo;aluminium sans latex sous le coussinet prot\u00e8ge-plaie<br \/>\u2022 Selon les normes HACCP, IFS, BRC<\/p>\n<p><b><u>Caract\u00e9ristiques du produit :<\/u><\/b><br \/>\u2022 Dim. : 110(H) x 70(L) mm<br \/>\u2022 Poids : 120 g.<\/p>\n","protected":false},"excerpt":{"rendered":"<p>6cm x 5 m<\/p>\n","protected":false},"featured_media":0,"comment_status":"open","ping_status":"closed","template":"","meta":[],"product_brand":[],"product_cat":[1234,1297,1233,1216],"product_tag":[],"class_list":{"0":"post-111331","1":"product","2":"type-product","3":"status-publish","5":"product_cat-bandages-et-pansements","6":"product_cat-non-palettisable","7":"product_cat-premiers-soins","8":"product_cat-usage-unique-et-entretien","9":"product_shipping_class-free-shipping","11":"first","12":"outofstock","13":"featured","14":"taxable","15":"shipping-taxable","16":"purchasable","17":"product-type-simple"},"_links":{"self":[{"href":"https:\/\/abinox-chr-clim.com\/index.php\/wp-json\/wp\/v2\/product\/111331","targetHints":{"allow":["GET"]}}],"collection":[{"href":"https:\/\/abinox-chr-clim.com\/index.php\/wp-json\/wp\/v2\/product"}],"about":[{"href":"https:\/\/abinox-chr-clim.com\/index.php\/wp-json\/wp\/v2\/types\/product"}],"replies":[{"embeddable":true,"href":"https:\/\/abinox-chr-clim.com\/index.php\/wp-json\/wp\/v2\/comments?post=111331"}],"wp:attachment":[{"href":"https:\/\/abinox-chr-clim.com\/index.php\/wp-json\/wp\/v2\/media?parent=111331"}],"wp:term":[{"taxonomy":"product_brand","embeddable":true,"href":"https:\/\/abinox-chr-clim.com\/index.php\/wp-json\/wp\/v2\/product_brand?post=111331"},{"taxonomy":"product_cat","embeddable":true,"href":"https:\/\/abinox-chr-clim.com\/index.php\/wp-json\/wp\/v2\/product_cat?post=111331"},{"taxonomy":"product_tag","embeddable":true,"href":"https:\/\/abinox-chr-clim.com\/index.php\/wp-json\/wp\/v2\/product_tag?post=111331"}],"curies":[{"name":"wp","href":"https:\/\/api.w.org\/{rel}","templated":true}]}}