{"id":111328,"date":"2025-05-29T12:26:53","date_gmt":"2025-05-29T10:26:53","guid":{"rendered":"https:\/\/abinox-chr-clim.com\/index.php\/product\/plaque-signaletique-noire-europel-vestiaire\/"},"modified":"2026-04-24T11:05:59","modified_gmt":"2026-04-24T09:05:59","slug":"plaque-signaletique-noire-europel-vestiaire","status":"publish","type":"product","link":"https:\/\/abinox-chr-clim.com\/index.php\/product\/plaque-signaletique-noire-europel-vestiaire\/","title":{"rendered":"Plaque signal\u00e9tique noire Europel vestiaire"},"content":{"rendered":"<p>\u2022 Construction durable : la plaque signal\u00e9tique est fabriqu\u00e9e en contreplaqu\u00e9 durable et r\u00e9sistant \u00e0 l&rsquo;usure pour assurer une utilisation \u00e0 long terme<br \/>\u2022 Artisanat : la signalisation est grav\u00e9e avec une attention m\u00e9ticuleuse aux d\u00e9tails pour cr\u00e9er des graphiques clairs visibles de loin<br \/>\u2022 Facile \u00e0 monter : utilisez le ruban adh\u00e9sif en mousse double face fourni avec les plaques signal\u00e9tiques pour une application facile<br \/>\u2022 Dimensions 10,5x15x0,80 cm<br \/>\u2022 Panneau vestiaire <\/p>\n","protected":false},"excerpt":{"rendered":"<p>Surface lisse noire<\/p>\n","protected":false},"featured_media":106804,"comment_status":"open","ping_status":"closed","template":"","meta":[],"product_brand":[],"product_cat":[1122,1297,1106],"product_tag":[],"class_list":{"0":"post-111328","1":"product","2":"type-product","3":"status-publish","4":"has-post-thumbnail","6":"product_cat-menus-et-signaletique","7":"product_cat-non-palettisable","8":"product_cat-restaurant-bar-et-hotel","9":"product_shipping_class-free-shipping","11":"first","12":"outofstock","13":"featured","14":"taxable","15":"shipping-taxable","16":"purchasable","17":"product-type-simple"},"_links":{"self":[{"href":"https:\/\/abinox-chr-clim.com\/index.php\/wp-json\/wp\/v2\/product\/111328","targetHints":{"allow":["GET"]}}],"collection":[{"href":"https:\/\/abinox-chr-clim.com\/index.php\/wp-json\/wp\/v2\/product"}],"about":[{"href":"https:\/\/abinox-chr-clim.com\/index.php\/wp-json\/wp\/v2\/types\/product"}],"replies":[{"embeddable":true,"href":"https:\/\/abinox-chr-clim.com\/index.php\/wp-json\/wp\/v2\/comments?post=111328"}],"wp:featuredmedia":[{"embeddable":true,"href":"https:\/\/abinox-chr-clim.com\/index.php\/wp-json\/wp\/v2\/media\/106804"}],"wp:attachment":[{"href":"https:\/\/abinox-chr-clim.com\/index.php\/wp-json\/wp\/v2\/media?parent=111328"}],"wp:term":[{"taxonomy":"product_brand","embeddable":true,"href":"https:\/\/abinox-chr-clim.com\/index.php\/wp-json\/wp\/v2\/product_brand?post=111328"},{"taxonomy":"product_cat","embeddable":true,"href":"https:\/\/abinox-chr-clim.com\/index.php\/wp-json\/wp\/v2\/product_cat?post=111328"},{"taxonomy":"product_tag","embeddable":true,"href":"https:\/\/abinox-chr-clim.com\/index.php\/wp-json\/wp\/v2\/product_tag?post=111328"}],"curies":[{"name":"wp","href":"https:\/\/api.w.org\/{rel}","templated":true}]}}