{"id":111325,"date":"2025-05-29T12:26:47","date_gmt":"2025-05-29T10:26:47","guid":{"rendered":"https:\/\/abinox-chr-clim.com\/index.php\/product\/porte-bloc-panneau-en-fibre-de-bois-europel-a4-paysage-297-x-210-mm\/"},"modified":"2026-04-24T11:05:56","modified_gmt":"2026-04-24T09:05:56","slug":"porte-bloc-panneau-en-fibre-de-bois-europel-a4-paysage-297-x-210-mm","status":"publish","type":"product","link":"https:\/\/abinox-chr-clim.com\/index.php\/product\/porte-bloc-panneau-en-fibre-de-bois-europel-a4-paysage-297-x-210-mm\/","title":{"rendered":"Porte-bloc panneau en fibre de bois Europel A4 paysage 297 x 210 mm"},"content":{"rendered":"<p>\u2022 Assurance qualit\u00e9 premium : Porte-bloc en MDF robuste avec un aspect naturel, 3 mm d&rsquo;\u00e9paisseur.<br \/>\u2022 Prise s\u00fbre : Le porte-bloc en bois est \u00e9quip\u00e9 d&rsquo;une pince en m\u00e9tal noir de 143 mm pour garder les documents importants en place et bien organis\u00e9s.<br \/>\u2022 S\u00e9curit\u00e9 renforc\u00e9e : Le porte-bloc en bois poss\u00e8de des coins arrondis pour assurer une utilisation s\u00fbre \u00e0 tout moment et en toutes circonstances.<br \/>\u2022 Accrochez-le o\u00f9 vous voulez : Le porte-bloc dispose \u00e9galement d&rsquo;un petit trou en haut pour que vous puissiez facilement le suspendre o\u00f9 bon vous semble.<br \/>\u2022 Dimensions totales du porte-bloc : 235x310x3mm <\/p>\n","protected":false},"excerpt":{"rendered":"<p>Format A4 | Paysage<\/p>\n","protected":false},"featured_media":109043,"comment_status":"open","ping_status":"closed","template":"","meta":[],"product_brand":[],"product_cat":[1122,1297,1124,1106],"product_tag":[],"class_list":{"0":"post-111325","1":"product","2":"type-product","3":"status-publish","4":"has-post-thumbnail","6":"product_cat-menus-et-signaletique","7":"product_cat-non-palettisable","8":"product_cat-plateaux-a-additions","9":"product_cat-restaurant-bar-et-hotel","10":"product_shipping_class-free-shipping","12":"first","13":"outofstock","14":"featured","15":"taxable","16":"shipping-taxable","17":"purchasable","18":"product-type-simple"},"_links":{"self":[{"href":"https:\/\/abinox-chr-clim.com\/index.php\/wp-json\/wp\/v2\/product\/111325","targetHints":{"allow":["GET"]}}],"collection":[{"href":"https:\/\/abinox-chr-clim.com\/index.php\/wp-json\/wp\/v2\/product"}],"about":[{"href":"https:\/\/abinox-chr-clim.com\/index.php\/wp-json\/wp\/v2\/types\/product"}],"replies":[{"embeddable":true,"href":"https:\/\/abinox-chr-clim.com\/index.php\/wp-json\/wp\/v2\/comments?post=111325"}],"wp:featuredmedia":[{"embeddable":true,"href":"https:\/\/abinox-chr-clim.com\/index.php\/wp-json\/wp\/v2\/media\/109043"}],"wp:attachment":[{"href":"https:\/\/abinox-chr-clim.com\/index.php\/wp-json\/wp\/v2\/media?parent=111325"}],"wp:term":[{"taxonomy":"product_brand","embeddable":true,"href":"https:\/\/abinox-chr-clim.com\/index.php\/wp-json\/wp\/v2\/product_brand?post=111325"},{"taxonomy":"product_cat","embeddable":true,"href":"https:\/\/abinox-chr-clim.com\/index.php\/wp-json\/wp\/v2\/product_cat?post=111325"},{"taxonomy":"product_tag","embeddable":true,"href":"https:\/\/abinox-chr-clim.com\/index.php\/wp-json\/wp\/v2\/product_tag?post=111325"}],"curies":[{"name":"wp","href":"https:\/\/api.w.org\/{rel}","templated":true}]}}