{"id":111321,"date":"2025-05-29T12:26:39","date_gmt":"2025-05-29T10:26:39","guid":{"rendered":"https:\/\/abinox-chr-clim.com\/index.php\/product\/presentoir-de-table-europel-budget-l-standard-a4-transparent\/"},"modified":"2026-04-24T11:05:52","modified_gmt":"2026-04-24T09:05:52","slug":"presentoir-de-table-europel-budget-l-standard-a4-transparent","status":"publish","type":"product","link":"https:\/\/abinox-chr-clim.com\/index.php\/product\/presentoir-de-table-europel-budget-l-standard-a4-transparent\/","title":{"rendered":"Pr\u00e9sentoir de table Europel Budget L-standard A4 transparent"},"content":{"rendered":"<p>\u2022 Polystyr\u00e8ne de haute qualit\u00e9, aussi transparent que le verre : Nous avons soigneusement s\u00e9lectionn\u00e9 un polystyr\u00e8ne de haute qualit\u00e9 de 1,5 mm d&rsquo;\u00e9paisseur pour garantir que le pr\u00e9sentoir dure des ann\u00e9es d&rsquo;utilisation. La qualit\u00e9 de nos pr\u00e9sentoirs prot\u00e8ge votre contenu de la salet\u00e9 et de la poussi\u00e8re.<br \/>\u2022 Capte l&rsquo;attention : Gr\u00e2ce \u00e0 l&rsquo;arri\u00e8re biseaut\u00e9, vos affiches sont tr\u00e8s visibles m\u00eame en hauteur, ce qui les rend facilement remarquables par les clients de passage. <\/p>\n","protected":false},"excerpt":{"rendered":"<p>Taille standard A4 1,5mm | Support en L<\/p>\n","protected":false},"featured_media":107228,"comment_status":"open","ping_status":"closed","template":"","meta":[],"product_brand":[],"product_cat":[1122,1297,1125,1106],"product_tag":[],"class_list":{"0":"post-111321","1":"product","2":"type-product","3":"status-publish","4":"has-post-thumbnail","6":"product_cat-menus-et-signaletique","7":"product_cat-non-palettisable","8":"product_cat-protege-menus","9":"product_cat-restaurant-bar-et-hotel","10":"product_shipping_class-free-shipping","12":"first","13":"outofstock","14":"featured","15":"taxable","16":"shipping-taxable","17":"purchasable","18":"product-type-simple"},"_links":{"self":[{"href":"https:\/\/abinox-chr-clim.com\/index.php\/wp-json\/wp\/v2\/product\/111321","targetHints":{"allow":["GET"]}}],"collection":[{"href":"https:\/\/abinox-chr-clim.com\/index.php\/wp-json\/wp\/v2\/product"}],"about":[{"href":"https:\/\/abinox-chr-clim.com\/index.php\/wp-json\/wp\/v2\/types\/product"}],"replies":[{"embeddable":true,"href":"https:\/\/abinox-chr-clim.com\/index.php\/wp-json\/wp\/v2\/comments?post=111321"}],"wp:featuredmedia":[{"embeddable":true,"href":"https:\/\/abinox-chr-clim.com\/index.php\/wp-json\/wp\/v2\/media\/107228"}],"wp:attachment":[{"href":"https:\/\/abinox-chr-clim.com\/index.php\/wp-json\/wp\/v2\/media?parent=111321"}],"wp:term":[{"taxonomy":"product_brand","embeddable":true,"href":"https:\/\/abinox-chr-clim.com\/index.php\/wp-json\/wp\/v2\/product_brand?post=111321"},{"taxonomy":"product_cat","embeddable":true,"href":"https:\/\/abinox-chr-clim.com\/index.php\/wp-json\/wp\/v2\/product_cat?post=111321"},{"taxonomy":"product_tag","embeddable":true,"href":"https:\/\/abinox-chr-clim.com\/index.php\/wp-json\/wp\/v2\/product_tag?post=111321"}],"curies":[{"name":"wp","href":"https:\/\/api.w.org\/{rel}","templated":true}]}}