{"id":111293,"date":"2025-05-29T12:25:44","date_gmt":"2025-05-29T10:25:44","guid":{"rendered":"https:\/\/abinox-chr-clim.com\/index.php\/product\/grill-snack-a-infrarouge-haute-puissance-grillomax-elite-3d-2100-3000w\/"},"modified":"2026-04-15T10:46:36","modified_gmt":"2026-04-15T08:46:36","slug":"grill-snack-a-infrarouge-haute-puissance-grillomax-elite-3d-2100-3000w","status":"publish","type":"product","link":"https:\/\/abinox-chr-clim.com\/index.php\/product\/grill-snack-a-infrarouge-haute-puissance-grillomax-elite-3d-2100-3000w\/","title":{"rendered":"Grill snack \u00e0 infrarouge haute puissance Grillomax Elite 3D 2100\/3000W"},"content":{"rendered":"<p>L&rsquo;appareil est id\u00e9al pour griller, cuire et \u00ab\u00a0frire\u00a0\u00bb sans graisse des plats complets ainsi que des finger foods et des snacks, par exemple pour le commerce \u00e0 emporter. Selon les besoins et les souhaits de l&rsquo;invit\u00e9 et en quelques minutes. Pr\u00e9parez des saucisses, des steaks hach\u00e9s, des escalopes et bien plus encore en quelques minutes sur le dessus et pr\u00e9parez des accompagnements ou des snacks tels que des frites, des pommes de terre saut\u00e9es, des nuggets et bien plus encore dans le tambour en dessous ! Inclut 1 x unit\u00e9 de tambour avec couvercle aveugle, 1 x tambour rev\u00eatu TEMPCOAT avec couvercle et plaque interm\u00e9diaire, bac \u00e0 huile, ensemble de filtres, poign\u00e9e pour plateau \u00e0 miettes, 1 x plateau \u00e0 miettes, 1 x tiroir grill pour saucisse, 1 x insert pour 4 saucisses, prise secteur, mode d&#8217;emploi.<\/p>\n<p>\u2022 2 x 230 V, 50 Hz, 16A<br \/>\u2022 Fonctionnement par affichage (deux affichages)<br \/>\u2022 Tambour 3 000 watts, unit\u00e9 grill 2 100 watts<br \/>\u2022 2 prises secteur <\/p>\n","protected":false},"excerpt":{"rendered":"<p>Appareil polyvalent pour griller, cuire et frire sans graisse de plats complets<\/p>\n","protected":false},"featured_media":109033,"comment_status":"open","ping_status":"closed","template":"","meta":[],"product_brand":[],"product_cat":[1199,1160,1297,1197],"product_tag":[],"class_list":{"0":"post-111293","1":"product","2":"type-product","3":"status-publish","4":"has-post-thumbnail","6":"product_cat-buffet-chaud","7":"product_cat-materiel-electrique-et-de-cuisson","8":"product_cat-non-palettisable","9":"product_cat-service-presentation","10":"product_shipping_class-free-shipping","12":"first","13":"outofstock","14":"featured","15":"taxable","16":"shipping-taxable","17":"purchasable","18":"product-type-simple"},"_links":{"self":[{"href":"https:\/\/abinox-chr-clim.com\/index.php\/wp-json\/wp\/v2\/product\/111293","targetHints":{"allow":["GET"]}}],"collection":[{"href":"https:\/\/abinox-chr-clim.com\/index.php\/wp-json\/wp\/v2\/product"}],"about":[{"href":"https:\/\/abinox-chr-clim.com\/index.php\/wp-json\/wp\/v2\/types\/product"}],"replies":[{"embeddable":true,"href":"https:\/\/abinox-chr-clim.com\/index.php\/wp-json\/wp\/v2\/comments?post=111293"}],"wp:featuredmedia":[{"embeddable":true,"href":"https:\/\/abinox-chr-clim.com\/index.php\/wp-json\/wp\/v2\/media\/109033"}],"wp:attachment":[{"href":"https:\/\/abinox-chr-clim.com\/index.php\/wp-json\/wp\/v2\/media?parent=111293"}],"wp:term":[{"taxonomy":"product_brand","embeddable":true,"href":"https:\/\/abinox-chr-clim.com\/index.php\/wp-json\/wp\/v2\/product_brand?post=111293"},{"taxonomy":"product_cat","embeddable":true,"href":"https:\/\/abinox-chr-clim.com\/index.php\/wp-json\/wp\/v2\/product_cat?post=111293"},{"taxonomy":"product_tag","embeddable":true,"href":"https:\/\/abinox-chr-clim.com\/index.php\/wp-json\/wp\/v2\/product_tag?post=111293"}],"curies":[{"name":"wp","href":"https:\/\/api.w.org\/{rel}","templated":true}]}}