{"id":111291,"date":"2025-05-29T12:25:40","date_gmt":"2025-05-29T10:25:40","guid":{"rendered":"https:\/\/abinox-chr-clim.com\/index.php\/product\/station-de-maintien-au-chaud-avec-2-bacs-gn-1-1-hotstation-2-xl-grillomax-3d-2850w\/"},"modified":"2026-04-15T10:46:34","modified_gmt":"2026-04-15T08:46:34","slug":"station-de-maintien-au-chaud-avec-2-bacs-gn-1-1-hotstation-2-xl-grillomax-3d-2850w","status":"publish","type":"product","link":"https:\/\/abinox-chr-clim.com\/index.php\/product\/station-de-maintien-au-chaud-avec-2-bacs-gn-1-1-hotstation-2-xl-grillomax-3d-2850w\/","title":{"rendered":"Station de maintien au chaud avec 2 bacs GN 1\/1 Hotstation 2 XL Grillomax 3D 2850W"},"content":{"rendered":"<p>La s\u00e9rie de mod\u00e8les Hotstations propose les premi\u00e8res stations de maintien au chaud au monde qui gardent vraiment les aliments chauds, juteux ou croustillants. La nourriture est chauff\u00e9e par le haut, le bas et le c\u00f4t\u00e9 gr\u00e2ce \u00e0 la technologie infrarouge int\u00e9gr\u00e9e (IFT). Les stations chaudes offrent le mod\u00e8le adapt\u00e9 pour chaque application. Que ce soit de la viande, du poisson, des finger foods comme des frites, des falafels, des beignets de pommes de terre, des \u0153ufs brouill\u00e9s, des \u0153ufs au plat et bien plus encore. &#8211; tout reste chaud, juteux et croustillant pendant longtemps dans les hotstations! Les hotstations sont souvent utilis\u00e9es dans les cantines, caf\u00e9t\u00e9rias, h\u00f4tels, snack points, pour le catering, buffets et bien d&rsquo;autres endroits. Inclut 2 x conteneurs GN en aluminium de haute qualit\u00e9 1\/1 avec un rev\u00eatement antiadh\u00e9sif sp\u00e9cial Lotan pour un stockage parfait de la chaleur et un nettoyage facile.<\/p>\n<p>\u2022 230 V, 50 Hz, 16A<br \/>\u2022 Fonctionnement par interrupteur<br \/>\u2022 2 850 watts<br \/>\u2022 1 prise secteur <\/p>\n","protected":false},"excerpt":{"rendered":"<p>Hotstation 3D avec 2 bacs en aluminium GN 1\/1<\/p>\n","protected":false},"featured_media":109032,"comment_status":"open","ping_status":"closed","template":"","meta":[],"product_brand":[],"product_cat":[1199,1160,1297,1197],"product_tag":[],"class_list":{"0":"post-111291","1":"product","2":"type-product","3":"status-publish","4":"has-post-thumbnail","6":"product_cat-buffet-chaud","7":"product_cat-materiel-electrique-et-de-cuisson","8":"product_cat-non-palettisable","9":"product_cat-service-presentation","10":"product_shipping_class-free-shipping","12":"first","13":"outofstock","14":"featured","15":"taxable","16":"shipping-taxable","17":"purchasable","18":"product-type-simple"},"_links":{"self":[{"href":"https:\/\/abinox-chr-clim.com\/index.php\/wp-json\/wp\/v2\/product\/111291","targetHints":{"allow":["GET"]}}],"collection":[{"href":"https:\/\/abinox-chr-clim.com\/index.php\/wp-json\/wp\/v2\/product"}],"about":[{"href":"https:\/\/abinox-chr-clim.com\/index.php\/wp-json\/wp\/v2\/types\/product"}],"replies":[{"embeddable":true,"href":"https:\/\/abinox-chr-clim.com\/index.php\/wp-json\/wp\/v2\/comments?post=111291"}],"wp:featuredmedia":[{"embeddable":true,"href":"https:\/\/abinox-chr-clim.com\/index.php\/wp-json\/wp\/v2\/media\/109032"}],"wp:attachment":[{"href":"https:\/\/abinox-chr-clim.com\/index.php\/wp-json\/wp\/v2\/media?parent=111291"}],"wp:term":[{"taxonomy":"product_brand","embeddable":true,"href":"https:\/\/abinox-chr-clim.com\/index.php\/wp-json\/wp\/v2\/product_brand?post=111291"},{"taxonomy":"product_cat","embeddable":true,"href":"https:\/\/abinox-chr-clim.com\/index.php\/wp-json\/wp\/v2\/product_cat?post=111291"},{"taxonomy":"product_tag","embeddable":true,"href":"https:\/\/abinox-chr-clim.com\/index.php\/wp-json\/wp\/v2\/product_tag?post=111291"}],"curies":[{"name":"wp","href":"https:\/\/api.w.org\/{rel}","templated":true}]}}