{"id":111286,"date":"2025-05-29T12:25:30","date_gmt":"2025-05-29T10:25:30","guid":{"rendered":"https:\/\/abinox-chr-clim.com\/index.php\/product\/ventilateur-chaud-et-froid-2-en-1-tristar-ka-5140\/"},"modified":"2026-04-14T11:15:01","modified_gmt":"2026-04-14T09:15:01","slug":"ventilateur-chaud-et-froid-2-en-1-tristar-ka-5140","status":"publish","type":"product","link":"https:\/\/abinox-chr-clim.com\/index.php\/product\/ventilateur-chaud-et-froid-2-en-1-tristar-ka-5140\/","title":{"rendered":"Ventilateur chaud et froid 2-en-1 Tristar KA-5140"},"content":{"rendered":"<p>Ce ventilateur 2-en-1 (chauffage) peut \u00e0 la fois chauffer les pi\u00e8ces en hiver et fournir une brise rafra\u00eechissante en \u00e9t\u00e9. Gr\u00e2ce \u00e0 la fonction d&rsquo;oscillation, la chaleur ou la brise fra\u00eeche peut \u00eatre appr\u00e9ci\u00e9e partout dans la pi\u00e8ce. Avec la poign\u00e9e en cuir, un v\u00e9ritable accroche-regard.<\/p>\n<p>\u2022 Chauffage et refroidissement<br \/>\u2022 4 r\u00e9glages r\u00e9glables<br \/>\u2022 Facile \u00e0 ranger gr\u00e2ce \u00e0 la taille compacte de 25,5 x 20 x 30,5 cm<br \/>\u2022 Facile \u00e0 d\u00e9placer gr\u00e2ce \u00e0 la poign\u00e9e <\/p>\n","protected":false},"excerpt":{"rendered":"<p>Chauffage et refroidissement 2 en 1 &#8211; 2000 watts<\/p>\n","protected":false},"featured_media":107220,"comment_status":"open","ping_status":"closed","template":"","meta":[],"product_brand":[],"product_cat":[1277,1297],"product_tag":[],"class_list":{"0":"post-111286","1":"product","2":"type-product","3":"status-publish","4":"has-post-thumbnail","6":"product_cat-divers-principal","7":"product_cat-non-palettisable","8":"product_shipping_class-free-shipping","10":"first","11":"instock","12":"featured","13":"taxable","14":"shipping-taxable","15":"purchasable","16":"product-type-simple"},"_links":{"self":[{"href":"https:\/\/abinox-chr-clim.com\/index.php\/wp-json\/wp\/v2\/product\/111286","targetHints":{"allow":["GET"]}}],"collection":[{"href":"https:\/\/abinox-chr-clim.com\/index.php\/wp-json\/wp\/v2\/product"}],"about":[{"href":"https:\/\/abinox-chr-clim.com\/index.php\/wp-json\/wp\/v2\/types\/product"}],"replies":[{"embeddable":true,"href":"https:\/\/abinox-chr-clim.com\/index.php\/wp-json\/wp\/v2\/comments?post=111286"}],"wp:featuredmedia":[{"embeddable":true,"href":"https:\/\/abinox-chr-clim.com\/index.php\/wp-json\/wp\/v2\/media\/107220"}],"wp:attachment":[{"href":"https:\/\/abinox-chr-clim.com\/index.php\/wp-json\/wp\/v2\/media?parent=111286"}],"wp:term":[{"taxonomy":"product_brand","embeddable":true,"href":"https:\/\/abinox-chr-clim.com\/index.php\/wp-json\/wp\/v2\/product_brand?post=111286"},{"taxonomy":"product_cat","embeddable":true,"href":"https:\/\/abinox-chr-clim.com\/index.php\/wp-json\/wp\/v2\/product_cat?post=111286"},{"taxonomy":"product_tag","embeddable":true,"href":"https:\/\/abinox-chr-clim.com\/index.php\/wp-json\/wp\/v2\/product_tag?post=111286"}],"curies":[{"name":"wp","href":"https:\/\/api.w.org\/{rel}","templated":true}]}}