{"id":111281,"date":"2025-05-29T12:25:21","date_gmt":"2025-05-29T10:25:21","guid":{"rendered":"https:\/\/abinox-chr-clim.com\/index.php\/product\/plaque-chauffante-2-bruleurs-tristar-kp-6248-inox\/"},"modified":"2026-04-15T10:44:44","modified_gmt":"2026-04-15T08:44:44","slug":"plaque-chauffante-2-bruleurs-tristar-kp-6248-inox","status":"publish","type":"product","link":"https:\/\/abinox-chr-clim.com\/index.php\/product\/plaque-chauffante-2-bruleurs-tristar-kp-6248-inox\/","title":{"rendered":"Plaque chauffante 2 br\u00fbleurs Tristar KP-6248 inox"},"content":{"rendered":"<p>Double plaque chauffante avec un design unique en acier inoxydable. Con\u00e7u pour une utilisation simultan\u00e9e de grandes et petites casseroles. \u00c9quip\u00e9 de 2 thermostats, vous pouvez donc choisir la temp\u00e9rature pr\u00e9f\u00e9r\u00e9e pour chaque plat.<\/p>\n<p>\u2022 Acier inoxydable<br \/>\u2022 Deux thermostats<br \/>\u2022 S\u00fbr et stable gr\u00e2ce aux pieds antid\u00e9rapants<br \/>\u2022 Diam\u00e8tres : 15,5 et 18,5 cm <\/p>\n","protected":false},"excerpt":{"rendered":"<p>Bo\u00eetier en acier inoxydable<\/p>\n","protected":false},"featured_media":107219,"comment_status":"open","ping_status":"closed","template":"","meta":[],"product_brand":[],"product_cat":[1180,1160,1297,1179],"product_tag":[],"class_list":{"0":"post-111281","1":"product","2":"type-product","3":"status-publish","4":"has-post-thumbnail","6":"product_cat-chauffe-aliments","7":"product_cat-materiel-electrique-et-de-cuisson","8":"product_cat-non-palettisable","9":"product_cat-petit-materiel","10":"product_shipping_class-free-shipping","12":"first","13":"instock","14":"featured","15":"taxable","16":"shipping-taxable","17":"purchasable","18":"product-type-simple"},"_links":{"self":[{"href":"https:\/\/abinox-chr-clim.com\/index.php\/wp-json\/wp\/v2\/product\/111281","targetHints":{"allow":["GET"]}}],"collection":[{"href":"https:\/\/abinox-chr-clim.com\/index.php\/wp-json\/wp\/v2\/product"}],"about":[{"href":"https:\/\/abinox-chr-clim.com\/index.php\/wp-json\/wp\/v2\/types\/product"}],"replies":[{"embeddable":true,"href":"https:\/\/abinox-chr-clim.com\/index.php\/wp-json\/wp\/v2\/comments?post=111281"}],"wp:featuredmedia":[{"embeddable":true,"href":"https:\/\/abinox-chr-clim.com\/index.php\/wp-json\/wp\/v2\/media\/107219"}],"wp:attachment":[{"href":"https:\/\/abinox-chr-clim.com\/index.php\/wp-json\/wp\/v2\/media?parent=111281"}],"wp:term":[{"taxonomy":"product_brand","embeddable":true,"href":"https:\/\/abinox-chr-clim.com\/index.php\/wp-json\/wp\/v2\/product_brand?post=111281"},{"taxonomy":"product_cat","embeddable":true,"href":"https:\/\/abinox-chr-clim.com\/index.php\/wp-json\/wp\/v2\/product_cat?post=111281"},{"taxonomy":"product_tag","embeddable":true,"href":"https:\/\/abinox-chr-clim.com\/index.php\/wp-json\/wp\/v2\/product_tag?post=111281"}],"curies":[{"name":"wp","href":"https:\/\/api.w.org\/{rel}","templated":true}]}}