{"id":111280,"date":"2025-05-29T12:25:19","date_gmt":"2025-05-29T10:25:19","guid":{"rendered":"https:\/\/abinox-chr-clim.com\/index.php\/product\/fontaine-a-chocolat-tristar-cf-1603-niveaux-en-acier-inoxydable\/"},"modified":"2026-04-14T11:14:53","modified_gmt":"2026-04-14T09:14:53","slug":"fontaine-a-chocolat-tristar-cf-1603-niveaux-en-acier-inoxydable","status":"publish","type":"product","link":"https:\/\/abinox-chr-clim.com\/index.php\/product\/fontaine-a-chocolat-tristar-cf-1603-niveaux-en-acier-inoxydable\/","title":{"rendered":"Fontaine \u00e0 chocolat Tristar CF-1603 niveaux en acier inoxydable"},"content":{"rendered":"<p>Pour les amateurs de chocolat; id\u00e9al en dessert ou pendant un th\u00e9 haut de gamme ! Cette fontaine \u00e0 chocolat est \u00e9quip\u00e9e d&rsquo;une spirale rotative et d&rsquo;une fonction de maintien au chaud, ce qui vous assure des heures de plaisir !<\/p>\n<p>\u2022 Spirale rotative<br \/>\u2022 Fonction de r\u00e9chauffement<br \/>\u2022 Peut facilement \u00eatre stock\u00e9 apr\u00e8s utilisation<br \/>\u2022 Convient pour les glaces, les cr\u00eapes, les fruits, etc. <\/p>\n","protected":false},"excerpt":{"rendered":"<p>Inox<\/p>\n","protected":false},"featured_media":109026,"comment_status":"open","ping_status":"closed","template":"","meta":[],"product_brand":[],"product_cat":[1277,1297],"product_tag":[],"class_list":{"0":"post-111280","1":"product","2":"type-product","3":"status-publish","4":"has-post-thumbnail","6":"product_cat-divers-principal","7":"product_cat-non-palettisable","8":"product_shipping_class-free-shipping","10":"first","11":"instock","12":"featured","13":"taxable","14":"shipping-taxable","15":"purchasable","16":"product-type-simple"},"_links":{"self":[{"href":"https:\/\/abinox-chr-clim.com\/index.php\/wp-json\/wp\/v2\/product\/111280","targetHints":{"allow":["GET"]}}],"collection":[{"href":"https:\/\/abinox-chr-clim.com\/index.php\/wp-json\/wp\/v2\/product"}],"about":[{"href":"https:\/\/abinox-chr-clim.com\/index.php\/wp-json\/wp\/v2\/types\/product"}],"replies":[{"embeddable":true,"href":"https:\/\/abinox-chr-clim.com\/index.php\/wp-json\/wp\/v2\/comments?post=111280"}],"wp:featuredmedia":[{"embeddable":true,"href":"https:\/\/abinox-chr-clim.com\/index.php\/wp-json\/wp\/v2\/media\/109026"}],"wp:attachment":[{"href":"https:\/\/abinox-chr-clim.com\/index.php\/wp-json\/wp\/v2\/media?parent=111280"}],"wp:term":[{"taxonomy":"product_brand","embeddable":true,"href":"https:\/\/abinox-chr-clim.com\/index.php\/wp-json\/wp\/v2\/product_brand?post=111280"},{"taxonomy":"product_cat","embeddable":true,"href":"https:\/\/abinox-chr-clim.com\/index.php\/wp-json\/wp\/v2\/product_cat?post=111280"},{"taxonomy":"product_tag","embeddable":true,"href":"https:\/\/abinox-chr-clim.com\/index.php\/wp-json\/wp\/v2\/product_tag?post=111280"}],"curies":[{"name":"wp","href":"https:\/\/api.w.org\/{rel}","templated":true}]}}