{"id":111279,"date":"2025-05-29T12:25:17","date_gmt":"2025-05-29T10:25:17","guid":{"rendered":"https:\/\/abinox-chr-clim.com\/index.php\/product\/aspirateur-sec-et-humide-tristar-dust-buster-kr-2176\/"},"modified":"2026-04-14T11:14:52","modified_gmt":"2026-04-14T09:14:52","slug":"aspirateur-sec-et-humide-tristar-dust-buster-kr-2176","status":"publish","type":"product","link":"https:\/\/abinox-chr-clim.com\/index.php\/product\/aspirateur-sec-et-humide-tristar-dust-buster-kr-2176\/","title":{"rendered":"Aspirateur sec et humide Tristar Dust Buster KR-2176"},"content":{"rendered":"<p>Ce d\u00e9poussi\u00e9reur, avec un moteur puissant de 7,2 volts, convient pour l&rsquo;aspiration humide et s\u00e8che. \u00c9quip\u00e9 d&rsquo;un conteneur \u00e0 poussi\u00e8re facile \u00e0 vider et d&rsquo;un filtre lavable. Cet aspirateur portable est \u00e9quip\u00e9 de batteries NiMH durables.<\/p>\n<p>\u2022 Aspirateur sec et humide<br \/>\u2022 Filtre nettoyable<br \/>\u2022 Convient pour une utilisation sans fil pendant 15 minutes<br \/>\u2022 Y compris brosse et buse pour liquides<br \/>\u2022 La batterie NiMH se charge automatiquement lorsqu&rsquo;elle est fix\u00e9e \u00e0 la station de base <\/p>\n","protected":false},"excerpt":{"rendered":"<p>Aspirateur \u00e0 main &#8211; 7,2 V<\/p>\n","protected":false},"featured_media":109025,"comment_status":"open","ping_status":"closed","template":"","meta":[],"product_brand":[],"product_cat":[1228,1227,1297,1216],"product_tag":[],"class_list":{"0":"post-111279","1":"product","2":"type-product","3":"status-publish","4":"has-post-thumbnail","6":"product_cat-aspirateurs","7":"product_cat-nettoyage","8":"product_cat-non-palettisable","9":"product_cat-usage-unique-et-entretien","10":"product_shipping_class-free-shipping","12":"first","13":"instock","14":"featured","15":"taxable","16":"shipping-taxable","17":"purchasable","18":"product-type-simple"},"_links":{"self":[{"href":"https:\/\/abinox-chr-clim.com\/index.php\/wp-json\/wp\/v2\/product\/111279","targetHints":{"allow":["GET"]}}],"collection":[{"href":"https:\/\/abinox-chr-clim.com\/index.php\/wp-json\/wp\/v2\/product"}],"about":[{"href":"https:\/\/abinox-chr-clim.com\/index.php\/wp-json\/wp\/v2\/types\/product"}],"replies":[{"embeddable":true,"href":"https:\/\/abinox-chr-clim.com\/index.php\/wp-json\/wp\/v2\/comments?post=111279"}],"wp:featuredmedia":[{"embeddable":true,"href":"https:\/\/abinox-chr-clim.com\/index.php\/wp-json\/wp\/v2\/media\/109025"}],"wp:attachment":[{"href":"https:\/\/abinox-chr-clim.com\/index.php\/wp-json\/wp\/v2\/media?parent=111279"}],"wp:term":[{"taxonomy":"product_brand","embeddable":true,"href":"https:\/\/abinox-chr-clim.com\/index.php\/wp-json\/wp\/v2\/product_brand?post=111279"},{"taxonomy":"product_cat","embeddable":true,"href":"https:\/\/abinox-chr-clim.com\/index.php\/wp-json\/wp\/v2\/product_cat?post=111279"},{"taxonomy":"product_tag","embeddable":true,"href":"https:\/\/abinox-chr-clim.com\/index.php\/wp-json\/wp\/v2\/product_tag?post=111279"}],"curies":[{"name":"wp","href":"https:\/\/api.w.org\/{rel}","templated":true}]}}