{"id":111275,"date":"2025-05-29T12:25:09","date_gmt":"2025-05-29T10:25:09","guid":{"rendered":"https:\/\/abinox-chr-clim.com\/index.php\/product\/lampe-de-table-solaire-led-tristar-coloris-blanc-chaud\/"},"modified":"2026-04-20T10:47:53","modified_gmt":"2026-04-20T08:47:53","slug":"lampe-de-table-solaire-led-tristar-coloris-blanc-chaud","status":"publish","type":"product","link":"https:\/\/abinox-chr-clim.com\/index.php\/product\/lampe-de-table-solaire-led-tristar-coloris-blanc-chaud\/","title":{"rendered":"Lampe de table solaire LED Tristar coloris blanc chaud"},"content":{"rendered":"<p>Cette lampe de table solaire rechargeable avec lumi\u00e8re blanche chaude cr\u00e9e une belle ambiance pendant les longues nuits d&rsquo;\u00e9t\u00e9. Comme elle est \u00e9galement rechargeable avec le c\u00e2ble USB inclus, vous pouvez l&rsquo;utiliser toute l&rsquo;ann\u00e9e, m\u00eame lorsqu&rsquo;il n&rsquo;y a pas de soleil pour la recharger.<\/p>\n<p>\u2022 Rechargeable par USB<br \/>\u2022 Pour une utilisation int\u00e9rieure et ext\u00e9rieure<br \/>\u2022 Cadre en m\u00e9tal de haute qualit\u00e9<br \/>\u2022 Lampe de table solaire o\u00f9 le panneau solaire est joliment cach\u00e9 <\/p>\n","protected":false},"excerpt":{"rendered":"<p>Solaire \u00e0 LED<\/p>\n","protected":false},"featured_media":107685,"comment_status":"open","ping_status":"closed","template":"","meta":[],"product_brand":[],"product_cat":[1024,1023,1297],"product_tag":[],"class_list":{"0":"post-111275","1":"product","2":"type-product","3":"status-publish","4":"has-post-thumbnail","6":"product_cat-accessoires-de-table","7":"product_cat-art-de-la-table","8":"product_cat-non-palettisable","9":"product_shipping_class-free-shipping","11":"first","12":"instock","13":"featured","14":"taxable","15":"shipping-taxable","16":"purchasable","17":"product-type-simple"},"_links":{"self":[{"href":"https:\/\/abinox-chr-clim.com\/index.php\/wp-json\/wp\/v2\/product\/111275","targetHints":{"allow":["GET"]}}],"collection":[{"href":"https:\/\/abinox-chr-clim.com\/index.php\/wp-json\/wp\/v2\/product"}],"about":[{"href":"https:\/\/abinox-chr-clim.com\/index.php\/wp-json\/wp\/v2\/types\/product"}],"replies":[{"embeddable":true,"href":"https:\/\/abinox-chr-clim.com\/index.php\/wp-json\/wp\/v2\/comments?post=111275"}],"wp:featuredmedia":[{"embeddable":true,"href":"https:\/\/abinox-chr-clim.com\/index.php\/wp-json\/wp\/v2\/media\/107685"}],"wp:attachment":[{"href":"https:\/\/abinox-chr-clim.com\/index.php\/wp-json\/wp\/v2\/media?parent=111275"}],"wp:term":[{"taxonomy":"product_brand","embeddable":true,"href":"https:\/\/abinox-chr-clim.com\/index.php\/wp-json\/wp\/v2\/product_brand?post=111275"},{"taxonomy":"product_cat","embeddable":true,"href":"https:\/\/abinox-chr-clim.com\/index.php\/wp-json\/wp\/v2\/product_cat?post=111275"},{"taxonomy":"product_tag","embeddable":true,"href":"https:\/\/abinox-chr-clim.com\/index.php\/wp-json\/wp\/v2\/product_tag?post=111275"}],"curies":[{"name":"wp","href":"https:\/\/api.w.org\/{rel}","templated":true}]}}