{"id":111272,"date":"2025-05-29T12:25:03","date_gmt":"2025-05-29T10:25:03","guid":{"rendered":"https:\/\/abinox-chr-clim.com\/index.php\/product\/presse-agrumes-tristar-cp-3009-350w-rvs-noir\/"},"modified":"2025-07-10T11:51:47","modified_gmt":"2025-07-10T09:51:47","slug":"presse-agrumes-tristar-cp-3009-350w-rvs-noir","status":"publish","type":"product","link":"https:\/\/abinox-chr-clim.com\/index.php\/product\/presse-agrumes-tristar-cp-3009-350w-rvs-noir\/","title":{"rendered":"Presse-agrumes Tristar CP-3009 350W RVS noir"},"content":{"rendered":"<p>Envie d&rsquo;un d\u00e9licieux verre de jus d&rsquo;orange le matin &#63; Avec le presse-agrumes Tristar CP-3009, vous \u00eates au bon endroit ! De plus, le presse-agrumes Tristar est dot\u00e9 d&rsquo;une poign\u00e9e pratique, rendant la pr\u00e9paration de d\u00e9licieux jus tr\u00e8s facile. Gr\u00e2ce \u00e0 sa puissance de 350 Watt, vous n&rsquo;avez pas besoin de beaucoup de force et pouvez rapidement presser un verre de jus frais pour toute la famille.Le luxueux presse-agrumes Tristar est fabriqu\u00e9 en acier inoxydable de haute qualit\u00e9 et a une apparence robuste. Il dispose \u00e9galement de deux filtres \u00e0 pulpe diff\u00e9rents pour recueillir la pulpe et les restes, vous permettant de choisir comment vous aimez votre jus. Le presse-agrumes est livr\u00e9 avec 2 c\u00f4nes de pressage diff\u00e9rents adapt\u00e9s \u00e0 la fois pour les oranges et les agrumes plus petits.Le probl\u00e8me le plus connu avec un presse-agrumes est que vous devez nettoyer une tonne apr\u00e8s avoir fait votre jus. Avec le presse-agrumes Tristar, vous n&rsquo;aurez pas ce probl\u00e8me, car le syst\u00e8me anti-fuite garde votre plan de travail propre. De plus, le presse-agrumes a un r\u00e9cipient amovible et deux c\u00f4nes de pressage, ce qui le rend facile \u00e0 nettoyer et il peut m\u00eame aller au lave-vaisselle.<\/p>\n<p>\u2022 Presse-agrumes de haute qualit\u00e9 avec corps en acier inoxydable<br \/>\u2022 Presse-agrumes en acier inoxydable et de haute qualit\u00e9<br \/>\u2022 Comprend 2 filtres \u00e0 pulpe pour que vous choisissiez la texture de votre jus<br \/>\u2022 Facile \u00e0 nettoyer, enti\u00e8rement d\u00e9montable, permettant de ranger facilement les diff\u00e9rentes parties de l&rsquo;appareil<br \/>\u2022 Poign\u00e9es it\u00e9r\u00e9es et base antid\u00e9rapante pour un transport facile et un placement ferme sur le comptoir<\/p>\n<p><b><u>Caract\u00e9ristiques du produit :<\/u><\/b><br \/>\u2022 Dim. : 290(H) x 165(L) x 233(P)mm<br \/>\u2022 Mati\u00e8re : Inox<br \/>\u2022 Poids : 1,6 kg.<\/p>\n","protected":false},"excerpt":{"rendered":"<p>Avec poign\u00e9e de pressage pratique<\/p>\n","protected":false},"featured_media":106608,"comment_status":"open","ping_status":"closed","template":"","meta":[],"product_brand":[],"product_cat":[1284,1160,1297,1179,1187],"product_tag":[],"class_list":{"0":"post-111272","1":"product","2":"type-product","3":"status-publish","4":"has-post-thumbnail","6":"product_cat-centrifugeuses-preparation-des-aliments","7":"product_cat-materiel-electrique-et-de-cuisson","8":"product_cat-non-palettisable","9":"product_cat-petit-materiel","10":"product_cat-preparation-des-aliments","11":"product_shipping_class-free-shipping","13":"first","14":"outofstock","15":"featured","16":"taxable","17":"shipping-taxable","18":"purchasable","19":"product-type-simple"},"_links":{"self":[{"href":"https:\/\/abinox-chr-clim.com\/index.php\/wp-json\/wp\/v2\/product\/111272","targetHints":{"allow":["GET"]}}],"collection":[{"href":"https:\/\/abinox-chr-clim.com\/index.php\/wp-json\/wp\/v2\/product"}],"about":[{"href":"https:\/\/abinox-chr-clim.com\/index.php\/wp-json\/wp\/v2\/types\/product"}],"replies":[{"embeddable":true,"href":"https:\/\/abinox-chr-clim.com\/index.php\/wp-json\/wp\/v2\/comments?post=111272"}],"wp:featuredmedia":[{"embeddable":true,"href":"https:\/\/abinox-chr-clim.com\/index.php\/wp-json\/wp\/v2\/media\/106608"}],"wp:attachment":[{"href":"https:\/\/abinox-chr-clim.com\/index.php\/wp-json\/wp\/v2\/media?parent=111272"}],"wp:term":[{"taxonomy":"product_brand","embeddable":true,"href":"https:\/\/abinox-chr-clim.com\/index.php\/wp-json\/wp\/v2\/product_brand?post=111272"},{"taxonomy":"product_cat","embeddable":true,"href":"https:\/\/abinox-chr-clim.com\/index.php\/wp-json\/wp\/v2\/product_cat?post=111272"},{"taxonomy":"product_tag","embeddable":true,"href":"https:\/\/abinox-chr-clim.com\/index.php\/wp-json\/wp\/v2\/product_tag?post=111272"}],"curies":[{"name":"wp","href":"https:\/\/api.w.org\/{rel}","templated":true}]}}