{"id":111265,"date":"2025-05-29T12:24:48","date_gmt":"2025-05-29T10:24:48","guid":{"rendered":"https:\/\/abinox-chr-clim.com\/index.php\/product\/gobelets-olympia-cordoba-455ml-lot-de-6\/"},"modified":"2026-04-24T11:05:20","modified_gmt":"2026-04-24T09:05:20","slug":"gobelets-olympia-cordoba-455ml-lot-de-6","status":"publish","type":"product","link":"https:\/\/abinox-chr-clim.com\/index.php\/product\/gobelets-olympia-cordoba-455ml-lot-de-6\/","title":{"rendered":"Gobelets Olympia Cordoba 455ml (lot de 6)"},"content":{"rendered":"<p>Les gobelets Cordoba peuvent \u00eatre utilis\u00e9s pour les boissons non alcoolis\u00e9es ou comme verre \u00e0 vin sans pied. Fabriqu\u00e9s en verre sodocalcique, ils sont dot\u00e9s d&rsquo;un bord finement taill\u00e9 pour une sensation d&rsquo;\u00e9l\u00e9gance. Passent au lave-vaisselle.<\/p>\n<p>\u2022 Peut \u00eatre utilis\u00e9 comme verre \u00e0 vin sans pied ou avec des boissons non alcoolis\u00e9es<br \/>\u2022 Dot\u00e9 d&rsquo;un bord finement d\u00e9coup\u00e9 pour une sensation \u00e9l\u00e9gante<br \/>\u2022 \u00c0 associer avec la gamme de verrerie Cordoba<br \/>\u2022 Con\u00e7u pour un usage quotidien<br \/>\u2022 Compatible lave-vaisselle<\/p>\n<p><b><u>Caract\u00e9ristiques du produit :<\/u><\/b><br \/>\u2022 Lot : 6.0<br \/>\u2022 Capacit\u00e9 : 45,5 cl<br \/>\u2022 Dim. : 115(H) x 69(\u00d8) mm<br \/>\u2022 Mati\u00e8re : Savon<br \/>\u2022 Poids : 172 g<br \/>\u2022 Couleur : Transparent.<\/p>\n","protected":false},"excerpt":{"rendered":"<p>455ml. Lot de 6<\/p>\n","protected":false},"featured_media":107683,"comment_status":"open","ping_status":"closed","template":"","meta":[],"product_brand":[],"product_cat":[1023,1055,1297,1051],"product_tag":[],"class_list":{"0":"post-111265","1":"product","2":"type-product","3":"status-publish","4":"has-post-thumbnail","6":"product_cat-art-de-la-table","7":"product_cat-chopes-et-gobelets","8":"product_cat-non-palettisable","9":"product_cat-verrerie","10":"product_shipping_class-free-shipping","12":"first","13":"instock","14":"featured","15":"taxable","16":"shipping-taxable","17":"purchasable","18":"product-type-simple"},"_links":{"self":[{"href":"https:\/\/abinox-chr-clim.com\/index.php\/wp-json\/wp\/v2\/product\/111265","targetHints":{"allow":["GET"]}}],"collection":[{"href":"https:\/\/abinox-chr-clim.com\/index.php\/wp-json\/wp\/v2\/product"}],"about":[{"href":"https:\/\/abinox-chr-clim.com\/index.php\/wp-json\/wp\/v2\/types\/product"}],"replies":[{"embeddable":true,"href":"https:\/\/abinox-chr-clim.com\/index.php\/wp-json\/wp\/v2\/comments?post=111265"}],"wp:featuredmedia":[{"embeddable":true,"href":"https:\/\/abinox-chr-clim.com\/index.php\/wp-json\/wp\/v2\/media\/107683"}],"wp:attachment":[{"href":"https:\/\/abinox-chr-clim.com\/index.php\/wp-json\/wp\/v2\/media?parent=111265"}],"wp:term":[{"taxonomy":"product_brand","embeddable":true,"href":"https:\/\/abinox-chr-clim.com\/index.php\/wp-json\/wp\/v2\/product_brand?post=111265"},{"taxonomy":"product_cat","embeddable":true,"href":"https:\/\/abinox-chr-clim.com\/index.php\/wp-json\/wp\/v2\/product_cat?post=111265"},{"taxonomy":"product_tag","embeddable":true,"href":"https:\/\/abinox-chr-clim.com\/index.php\/wp-json\/wp\/v2\/product_tag?post=111265"}],"curies":[{"name":"wp","href":"https:\/\/api.w.org\/{rel}","templated":true}]}}