{"id":111264,"date":"2025-05-29T12:24:46","date_gmt":"2025-05-29T10:24:46","guid":{"rendered":"https:\/\/abinox-chr-clim.com\/index.php\/product\/gobelets-olympia-mendoza-370ml-lot-de-6\/"},"modified":"2026-04-24T11:05:19","modified_gmt":"2026-04-24T09:05:19","slug":"gobelets-olympia-mendoza-370ml-lot-de-6","status":"publish","type":"product","link":"https:\/\/abinox-chr-clim.com\/index.php\/product\/gobelets-olympia-mendoza-370ml-lot-de-6\/","title":{"rendered":"Gobelets Olympia Mendoza 370ml (lot de 6)"},"content":{"rendered":"<p>Les gobelets Mendoza peuvent \u00eatre utilis\u00e9s pour les boissons non alcoolis\u00e9es ou comme verre \u00e0 vin sans pied. Fabriqu\u00e9s en verre sodocalcique, ils sont dot\u00e9s d&rsquo;un bord finement taill\u00e9 pour une sensation d&rsquo;\u00e9l\u00e9gance. Passent au lave-vaisselle.<br \/>\u2022 Bord finement taill\u00e9 pour une sensation \u00e9l\u00e9gante<br \/>\u2022 Con\u00e7u pour un usage quotidien<br \/>\u2022 Peut \u00eatre utilis\u00e9 comme verre \u00e0 vin sans pied ou avec des boissons non alcoolis\u00e9es<br \/>\u2022 Passe au lave-vaisselle<\/p>\n<p><b><u>Caract\u00e9ristiques du produit :<\/u><\/b><br \/>\u2022 Lot : 6.0<br \/>\u2022 Capacit\u00e9 : 370 ml<br \/>\u2022 Dim. : 112(H) x 62(\u00d8) mm<br \/>\u2022 Mati\u00e8re : Savon<br \/>\u2022 Poids : 159 g<br \/>\u2022 Couleur : Transparent.<\/p>\n","protected":false},"excerpt":{"rendered":"<p>370ml. Lot de 6<\/p>\n","protected":false},"featured_media":106799,"comment_status":"open","ping_status":"closed","template":"","meta":[],"product_brand":[],"product_cat":[1023,1055,1297,1051],"product_tag":[],"class_list":{"0":"post-111264","1":"product","2":"type-product","3":"status-publish","4":"has-post-thumbnail","6":"product_cat-art-de-la-table","7":"product_cat-chopes-et-gobelets","8":"product_cat-non-palettisable","9":"product_cat-verrerie","10":"product_shipping_class-free-shipping","12":"first","13":"outofstock","14":"featured","15":"taxable","16":"shipping-taxable","17":"purchasable","18":"product-type-simple"},"_links":{"self":[{"href":"https:\/\/abinox-chr-clim.com\/index.php\/wp-json\/wp\/v2\/product\/111264","targetHints":{"allow":["GET"]}}],"collection":[{"href":"https:\/\/abinox-chr-clim.com\/index.php\/wp-json\/wp\/v2\/product"}],"about":[{"href":"https:\/\/abinox-chr-clim.com\/index.php\/wp-json\/wp\/v2\/types\/product"}],"replies":[{"embeddable":true,"href":"https:\/\/abinox-chr-clim.com\/index.php\/wp-json\/wp\/v2\/comments?post=111264"}],"wp:featuredmedia":[{"embeddable":true,"href":"https:\/\/abinox-chr-clim.com\/index.php\/wp-json\/wp\/v2\/media\/106799"}],"wp:attachment":[{"href":"https:\/\/abinox-chr-clim.com\/index.php\/wp-json\/wp\/v2\/media?parent=111264"}],"wp:term":[{"taxonomy":"product_brand","embeddable":true,"href":"https:\/\/abinox-chr-clim.com\/index.php\/wp-json\/wp\/v2\/product_brand?post=111264"},{"taxonomy":"product_cat","embeddable":true,"href":"https:\/\/abinox-chr-clim.com\/index.php\/wp-json\/wp\/v2\/product_cat?post=111264"},{"taxonomy":"product_tag","embeddable":true,"href":"https:\/\/abinox-chr-clim.com\/index.php\/wp-json\/wp\/v2\/product_tag?post=111264"}],"curies":[{"name":"wp","href":"https:\/\/api.w.org\/{rel}","templated":true}]}}