{"id":111262,"date":"2025-05-29T12:24:42","date_gmt":"2025-05-29T10:24:42","guid":{"rendered":"https:\/\/abinox-chr-clim.com\/index.php\/product\/chopes-olympia-houston-410ml-lot-de-6\/"},"modified":"2026-04-24T11:14:42","modified_gmt":"2026-04-24T09:14:42","slug":"chopes-olympia-houston-410ml-lot-de-6","status":"publish","type":"product","link":"https:\/\/abinox-chr-clim.com\/index.php\/product\/chopes-olympia-houston-410ml-lot-de-6\/","title":{"rendered":"Chopes Olympia Houston 410ml (lot de 6)"},"content":{"rendered":"<p>Les verres Olympia Houston sont id\u00e9aux pour servir des cocktails, de l&rsquo;eau et des boissons non alcoolis\u00e9es. Leur design minimaliste pr\u00e9sente des bords roul\u00e9s pour une durabilit\u00e9 accrue et une base \u00e9paisse et lest\u00e9e pour plus de stabilit\u00e9. Lavable au lave-vaisselle.<br \/>\u2022 Design minimal, id\u00e9al pour une large gamme de boissons<br \/>\u2022 Les bords roul\u00e9s offrent une durabilit\u00e9 accrue pour une utilisation fr\u00e9quente<br \/>\u2022 La base lest\u00e9e aide \u00e0 am\u00e9liorer la stabilit\u00e9 et \u00e0 r\u00e9duire les \u00e9claboussures<\/p>\n<p><b><u>Caract\u00e9ristiques du produit :<\/u><\/b><br \/>\u2022 Lot : 6.0<br \/>\u2022 Capacit\u00e9 : 410ml<br \/>\u2022 Dim. : 68(\u00d8) x 136(H)mm<br \/>\u2022 Mati\u00e8re : Savon<br \/>\u2022 Poids : 284 g.<\/p>\n","protected":false},"excerpt":{"rendered":"<p>410ml. Lot de 6<\/p>\n","protected":false},"featured_media":109019,"comment_status":"open","ping_status":"closed","template":"","meta":[],"product_brand":[],"product_cat":[1023,1058,1297,1051],"product_tag":[],"class_list":{"0":"post-111262","1":"product","2":"type-product","3":"status-publish","4":"has-post-thumbnail","6":"product_cat-art-de-la-table","7":"product_cat-divers-verrerie","8":"product_cat-non-palettisable","9":"product_cat-verrerie","10":"product_shipping_class-free-shipping","12":"first","13":"instock","14":"featured","15":"taxable","16":"shipping-taxable","17":"purchasable","18":"product-type-simple"},"_links":{"self":[{"href":"https:\/\/abinox-chr-clim.com\/index.php\/wp-json\/wp\/v2\/product\/111262","targetHints":{"allow":["GET"]}}],"collection":[{"href":"https:\/\/abinox-chr-clim.com\/index.php\/wp-json\/wp\/v2\/product"}],"about":[{"href":"https:\/\/abinox-chr-clim.com\/index.php\/wp-json\/wp\/v2\/types\/product"}],"replies":[{"embeddable":true,"href":"https:\/\/abinox-chr-clim.com\/index.php\/wp-json\/wp\/v2\/comments?post=111262"}],"wp:featuredmedia":[{"embeddable":true,"href":"https:\/\/abinox-chr-clim.com\/index.php\/wp-json\/wp\/v2\/media\/109019"}],"wp:attachment":[{"href":"https:\/\/abinox-chr-clim.com\/index.php\/wp-json\/wp\/v2\/media?parent=111262"}],"wp:term":[{"taxonomy":"product_brand","embeddable":true,"href":"https:\/\/abinox-chr-clim.com\/index.php\/wp-json\/wp\/v2\/product_brand?post=111262"},{"taxonomy":"product_cat","embeddable":true,"href":"https:\/\/abinox-chr-clim.com\/index.php\/wp-json\/wp\/v2\/product_cat?post=111262"},{"taxonomy":"product_tag","embeddable":true,"href":"https:\/\/abinox-chr-clim.com\/index.php\/wp-json\/wp\/v2\/product_tag?post=111262"}],"curies":[{"name":"wp","href":"https:\/\/api.w.org\/{rel}","templated":true}]}}