{"id":111259,"date":"2025-05-29T12:24:34","date_gmt":"2025-05-29T10:24:34","guid":{"rendered":"https:\/\/abinox-chr-clim.com\/index.php\/product\/carafes-coniques-olympia-610ml-lot-de-6\/"},"modified":"2026-03-16T12:50:56","modified_gmt":"2026-03-16T11:50:56","slug":"carafes-coniques-olympia-610ml-lot-de-6","status":"publish","type":"product","link":"https:\/\/abinox-chr-clim.com\/index.php\/product\/carafes-coniques-olympia-610ml-lot-de-6\/","title":{"rendered":"Carafes coniques Olympia 610ml (lot de 6)"},"content":{"rendered":"<p>Carafes coniques de 610 ml pour d\u00e9canter et servir le vin ou l&rsquo;eau. Base lest\u00e9e et bords roul\u00e9s pour une plus grande durabilit\u00e9 et pour \u00e9viter les \u00e9clats. Passe au lave-vaisselle.<\/p>\n<p>\u2022 Carafe, pour utilisation avec de l&rsquo;eau ou du vin<br \/>\u2022 Bord roul\u00e9 pour la durabilit\u00e9 et la pr\u00e9vention des \u00e9clats<br \/>\u2022 Base lest\u00e9e aide \u00e0 am\u00e9liorer la stabilit\u00e9 et r\u00e9duire les d\u00e9versements<br \/>\u2022 Con\u00e7u pour une utilisation quotidienne<br \/>\u2022 Compatible lave-vaisselle<\/p>\n<p><b><u>Caract\u00e9ristiques du produit :<\/u><\/b><br \/>\u2022 Lot : 6.0<br \/>\u2022 Capacit\u00e9 : 61 cl<br \/>\u2022 Dim. : 226(H) x 76(\u00d8) mm<br \/>\u2022 Mati\u00e8re : Savon<br \/>\u2022 Poids : 308 g<br \/>\u2022 Couleur : Transparent.<\/p>\n","protected":false},"excerpt":{"rendered":"<p>610ml. Lot de 6<\/p>\n","protected":false},"featured_media":106431,"comment_status":"open","ping_status":"closed","template":"","meta":[],"product_brand":[],"product_cat":[1023,1058,1297,1051],"product_tag":[],"class_list":{"0":"post-111259","1":"product","2":"type-product","3":"status-publish","4":"has-post-thumbnail","6":"product_cat-art-de-la-table","7":"product_cat-divers-verrerie","8":"product_cat-non-palettisable","9":"product_cat-verrerie","10":"product_shipping_class-free-shipping","12":"first","13":"outofstock","14":"featured","15":"taxable","16":"shipping-taxable","17":"purchasable","18":"product-type-simple"},"_links":{"self":[{"href":"https:\/\/abinox-chr-clim.com\/index.php\/wp-json\/wp\/v2\/product\/111259","targetHints":{"allow":["GET"]}}],"collection":[{"href":"https:\/\/abinox-chr-clim.com\/index.php\/wp-json\/wp\/v2\/product"}],"about":[{"href":"https:\/\/abinox-chr-clim.com\/index.php\/wp-json\/wp\/v2\/types\/product"}],"replies":[{"embeddable":true,"href":"https:\/\/abinox-chr-clim.com\/index.php\/wp-json\/wp\/v2\/comments?post=111259"}],"wp:featuredmedia":[{"embeddable":true,"href":"https:\/\/abinox-chr-clim.com\/index.php\/wp-json\/wp\/v2\/media\/106431"}],"wp:attachment":[{"href":"https:\/\/abinox-chr-clim.com\/index.php\/wp-json\/wp\/v2\/media?parent=111259"}],"wp:term":[{"taxonomy":"product_brand","embeddable":true,"href":"https:\/\/abinox-chr-clim.com\/index.php\/wp-json\/wp\/v2\/product_brand?post=111259"},{"taxonomy":"product_cat","embeddable":true,"href":"https:\/\/abinox-chr-clim.com\/index.php\/wp-json\/wp\/v2\/product_cat?post=111259"},{"taxonomy":"product_tag","embeddable":true,"href":"https:\/\/abinox-chr-clim.com\/index.php\/wp-json\/wp\/v2\/product_tag?post=111259"}],"curies":[{"name":"wp","href":"https:\/\/api.w.org\/{rel}","templated":true}]}}