{"id":111258,"date":"2025-05-29T12:24:32","date_gmt":"2025-05-29T10:24:32","guid":{"rendered":"https:\/\/abinox-chr-clim.com\/index.php\/product\/carafes-coniques-olympia-290ml-lot-de-6\/"},"modified":"2026-04-24T11:05:16","modified_gmt":"2026-04-24T09:05:16","slug":"carafes-coniques-olympia-290ml-lot-de-6","status":"publish","type":"product","link":"https:\/\/abinox-chr-clim.com\/index.php\/product\/carafes-coniques-olympia-290ml-lot-de-6\/","title":{"rendered":"Carafes coniques Olympia 290ml (lot de 6)"},"content":{"rendered":"<p>Carafes coniques de 290 ml pour d\u00e9canter et servir le vin ou l&rsquo;eau. Base lest\u00e9e et bords roul\u00e9s pour une plus grande durabilit\u00e9 et pour \u00e9viter les \u00e9clats. Passe au lave-vaisselle.<\/p>\n<p>\u2022 Carafe, pour utilisation avec de l&rsquo;eau ou du vin<br \/>\u2022 Bord roul\u00e9 pour durabilit\u00e9 et pr\u00e9vention des \u00e9clats<br \/>\u2022 La base lest\u00e9e am\u00e9liore la stabilit\u00e9 et r\u00e9duit les d\u00e9versements<br \/>\u2022 Con\u00e7u pour un usage quotidien<br \/>\u2022 Compatible lave-vaisselle<\/p>\n<p><b><u>Caract\u00e9ristiques du produit :<\/u><\/b><br \/>\u2022 Lot : 6.0<br \/>\u2022 Couleur : Transparent.<\/p>\n","protected":false},"excerpt":{"rendered":"<p>290ml. Lot de 6<\/p>\n","protected":false},"featured_media":109016,"comment_status":"open","ping_status":"closed","template":"","meta":[],"product_brand":[],"product_cat":[1023,1058,1297,1051],"product_tag":[],"class_list":{"0":"post-111258","1":"product","2":"type-product","3":"status-publish","4":"has-post-thumbnail","6":"product_cat-art-de-la-table","7":"product_cat-divers-verrerie","8":"product_cat-non-palettisable","9":"product_cat-verrerie","10":"product_shipping_class-free-shipping","12":"first","13":"outofstock","14":"featured","15":"taxable","16":"shipping-taxable","17":"purchasable","18":"product-type-simple"},"_links":{"self":[{"href":"https:\/\/abinox-chr-clim.com\/index.php\/wp-json\/wp\/v2\/product\/111258","targetHints":{"allow":["GET"]}}],"collection":[{"href":"https:\/\/abinox-chr-clim.com\/index.php\/wp-json\/wp\/v2\/product"}],"about":[{"href":"https:\/\/abinox-chr-clim.com\/index.php\/wp-json\/wp\/v2\/types\/product"}],"replies":[{"embeddable":true,"href":"https:\/\/abinox-chr-clim.com\/index.php\/wp-json\/wp\/v2\/comments?post=111258"}],"wp:featuredmedia":[{"embeddable":true,"href":"https:\/\/abinox-chr-clim.com\/index.php\/wp-json\/wp\/v2\/media\/109016"}],"wp:attachment":[{"href":"https:\/\/abinox-chr-clim.com\/index.php\/wp-json\/wp\/v2\/media?parent=111258"}],"wp:term":[{"taxonomy":"product_brand","embeddable":true,"href":"https:\/\/abinox-chr-clim.com\/index.php\/wp-json\/wp\/v2\/product_brand?post=111258"},{"taxonomy":"product_cat","embeddable":true,"href":"https:\/\/abinox-chr-clim.com\/index.php\/wp-json\/wp\/v2\/product_cat?post=111258"},{"taxonomy":"product_tag","embeddable":true,"href":"https:\/\/abinox-chr-clim.com\/index.php\/wp-json\/wp\/v2\/product_tag?post=111258"}],"curies":[{"name":"wp","href":"https:\/\/api.w.org\/{rel}","templated":true}]}}