{"id":111257,"date":"2025-05-29T12:24:30","date_gmt":"2025-05-29T10:24:30","guid":{"rendered":"https:\/\/abinox-chr-clim.com\/index.php\/product\/verres-droits-hauts-olympia-320ml-lot-de-6\/"},"modified":"2026-04-24T11:05:15","modified_gmt":"2026-04-24T09:05:15","slug":"verres-droits-hauts-olympia-320ml-lot-de-6","status":"publish","type":"product","link":"https:\/\/abinox-chr-clim.com\/index.php\/product\/verres-droits-hauts-olympia-320ml-lot-de-6\/","title":{"rendered":"Verres droits hauts Olympia 320ml (lot de 6)"},"content":{"rendered":"<p>Verres droits polyvalents, parfaits pour tout type d&rsquo;\u00e9tablissement et toutes sortes de boissons. Lavables au lave-verres.<\/p>\n<p>\u2022 Forme \u00e9troite, id\u00e9ale pour les boissons longues<br \/>\u2022 Bords roul\u00e9s pour la durabilit\u00e9 et la pr\u00e9vention des \u00e9clats<br \/>\u2022 Base lest\u00e9e aide \u00e0 am\u00e9liorer la stabilit\u00e9 et r\u00e9duire les d\u00e9versements<br \/>\u2022 Id\u00e9al pour les bars et restaurants<br \/>\u2022 Compatible lave-vaisselle<\/p>\n<p><b><u>Caract\u00e9ristiques du produit :<\/u><\/b><br \/>\u2022 Lot : 6.0<br \/>\u2022 Capacit\u00e9 : 320ml<br \/>\u2022 Couleur : Transparent.<\/p>\n","protected":false},"excerpt":{"rendered":"<p>320ml. Lot de 6<\/p>\n","protected":false},"featured_media":105708,"comment_status":"open","ping_status":"closed","template":"","meta":[],"product_brand":[],"product_cat":[1023,1055,1297,1051],"product_tag":[],"class_list":{"0":"post-111257","1":"product","2":"type-product","3":"status-publish","4":"has-post-thumbnail","6":"product_cat-art-de-la-table","7":"product_cat-chopes-et-gobelets","8":"product_cat-non-palettisable","9":"product_cat-verrerie","10":"product_shipping_class-free-shipping","12":"first","13":"outofstock","14":"featured","15":"taxable","16":"shipping-taxable","17":"purchasable","18":"product-type-simple"},"_links":{"self":[{"href":"https:\/\/abinox-chr-clim.com\/index.php\/wp-json\/wp\/v2\/product\/111257","targetHints":{"allow":["GET"]}}],"collection":[{"href":"https:\/\/abinox-chr-clim.com\/index.php\/wp-json\/wp\/v2\/product"}],"about":[{"href":"https:\/\/abinox-chr-clim.com\/index.php\/wp-json\/wp\/v2\/types\/product"}],"replies":[{"embeddable":true,"href":"https:\/\/abinox-chr-clim.com\/index.php\/wp-json\/wp\/v2\/comments?post=111257"}],"wp:featuredmedia":[{"embeddable":true,"href":"https:\/\/abinox-chr-clim.com\/index.php\/wp-json\/wp\/v2\/media\/105708"}],"wp:attachment":[{"href":"https:\/\/abinox-chr-clim.com\/index.php\/wp-json\/wp\/v2\/media?parent=111257"}],"wp:term":[{"taxonomy":"product_brand","embeddable":true,"href":"https:\/\/abinox-chr-clim.com\/index.php\/wp-json\/wp\/v2\/product_brand?post=111257"},{"taxonomy":"product_cat","embeddable":true,"href":"https:\/\/abinox-chr-clim.com\/index.php\/wp-json\/wp\/v2\/product_cat?post=111257"},{"taxonomy":"product_tag","embeddable":true,"href":"https:\/\/abinox-chr-clim.com\/index.php\/wp-json\/wp\/v2\/product_tag?post=111257"}],"curies":[{"name":"wp","href":"https:\/\/api.w.org\/{rel}","templated":true}]}}