{"id":111253,"date":"2025-05-29T12:24:22","date_gmt":"2025-05-29T10:24:22","guid":{"rendered":"https:\/\/abinox-chr-clim.com\/index.php\/product\/pailles-cuilleres-en-papier-fiesta-compostable-rouge-et-blanc-210x8mm-lot-de-250\/"},"modified":"2026-04-24T11:14:37","modified_gmt":"2026-04-24T09:14:37","slug":"pailles-cuilleres-en-papier-fiesta-compostable-rouge-et-blanc-210x8mm-lot-de-250","status":"publish","type":"product","link":"https:\/\/abinox-chr-clim.com\/index.php\/product\/pailles-cuilleres-en-papier-fiesta-compostable-rouge-et-blanc-210x8mm-lot-de-250\/","title":{"rendered":"Pailles cuill\u00e8res en papier Fiesta Compostable rouge et blanc 210x8mm (lot de 250)"},"content":{"rendered":"<p>R\u00e9duisez les d\u00e9chets nocifs et servez des boissons facilement avec les pailles compostables Fiesta. Disponibles dans une vari\u00e9t\u00e9 de couleurs, ces pailles offrent une solution pratique pour tout service de boissons.<\/p>\n<p>\u2022 250 pailles par bo\u00eete distributrice pour un acc\u00e8s facile<br \/>\u2022 8mm de diam\u00e8tre, id\u00e9al pour les smoothies, milkshakes et granit\u00e9s<br \/>\u2022 Le design \u00e0 rayures rouge et blanc ajoute une touche color\u00e9e<br \/>\u2022 Certifi\u00e9es compostables en conditions industrielles selon les normes EN13432<\/p>\n<p><b><u>Caract\u00e9ristiques du produit :<\/u><\/b><br \/>\u2022 Lot : 250.0<br \/>\u2022 Dim. : 210(L) x 8(\u00d8)mm<br \/>\u2022 Mati\u00e8re : Papier<br \/>\u2022 Couleur : Multicolore.<\/p>\n","protected":false},"excerpt":{"rendered":"<p>210(L)x8(\u00d8)mm. Quantit\u00e9 du paquet : 250<\/p>\n","protected":false},"featured_media":106606,"comment_status":"open","ping_status":"closed","template":"","meta":[],"product_brand":[],"product_cat":[1297,1238,1216,1244],"product_tag":[],"class_list":{"0":"post-111253","1":"product","2":"type-product","3":"status-publish","4":"has-post-thumbnail","6":"product_cat-non-palettisable","7":"product_cat-produits-a-usage-unique","8":"product_cat-usage-unique-et-entretien","9":"product_cat-vaisselle-couverts-et-gobelets","10":"product_shipping_class-free-shipping","12":"first","13":"outofstock","14":"featured","15":"taxable","16":"shipping-taxable","17":"purchasable","18":"product-type-simple"},"_links":{"self":[{"href":"https:\/\/abinox-chr-clim.com\/index.php\/wp-json\/wp\/v2\/product\/111253","targetHints":{"allow":["GET"]}}],"collection":[{"href":"https:\/\/abinox-chr-clim.com\/index.php\/wp-json\/wp\/v2\/product"}],"about":[{"href":"https:\/\/abinox-chr-clim.com\/index.php\/wp-json\/wp\/v2\/types\/product"}],"replies":[{"embeddable":true,"href":"https:\/\/abinox-chr-clim.com\/index.php\/wp-json\/wp\/v2\/comments?post=111253"}],"wp:featuredmedia":[{"embeddable":true,"href":"https:\/\/abinox-chr-clim.com\/index.php\/wp-json\/wp\/v2\/media\/106606"}],"wp:attachment":[{"href":"https:\/\/abinox-chr-clim.com\/index.php\/wp-json\/wp\/v2\/media?parent=111253"}],"wp:term":[{"taxonomy":"product_brand","embeddable":true,"href":"https:\/\/abinox-chr-clim.com\/index.php\/wp-json\/wp\/v2\/product_brand?post=111253"},{"taxonomy":"product_cat","embeddable":true,"href":"https:\/\/abinox-chr-clim.com\/index.php\/wp-json\/wp\/v2\/product_cat?post=111253"},{"taxonomy":"product_tag","embeddable":true,"href":"https:\/\/abinox-chr-clim.com\/index.php\/wp-json\/wp\/v2\/product_tag?post=111253"}],"curies":[{"name":"wp","href":"https:\/\/api.w.org\/{rel}","templated":true}]}}