{"id":111251,"date":"2025-05-29T12:24:19","date_gmt":"2025-05-29T10:24:19","guid":{"rendered":"https:\/\/abinox-chr-clim.com\/index.php\/product\/rangement-de-bar-abs-noir-olympia-kristallon\/"},"modified":"2026-04-14T11:28:11","modified_gmt":"2026-04-14T09:28:11","slug":"rangement-de-bar-abs-noir-olympia-kristallon","status":"publish","type":"product","link":"https:\/\/abinox-chr-clim.com\/index.php\/product\/rangement-de-bar-abs-noir-olympia-kristallon\/","title":{"rendered":"Rangement de bar ABS noir Olympia Kristallon"},"content":{"rendered":"<p>Gardez votre espace bar propre et organis\u00e9 avec les porte-ustensiles de bar Olympia. Dot\u00e9s de plusieurs compartiments pour touilleurs, pailles et serviettes, ils garantissent un acc\u00e8s facile aux essentiels du bar.<br \/>\u2022 Poids 521g<br \/>\u2022 Garde les essentiels de bar facilement accessibles et organis\u00e9s<br \/>\u2022 Ajout pratique et \u00e9l\u00e9gant \u00e0 tout espace de travail<br \/>\u2022 Comprend 7 compartiments pour une organisation facile<br \/>\u2022 La couleur noire s&rsquo;adaptera parfaitement \u00e0 tout d\u00e9cor<br \/>\u2022 Facile \u00e0 nettoyer<\/p>\n<p><b><u>Caract\u00e9ristiques du produit :<\/u><\/b><br \/>\u2022 Dim. : 241(L) x 142(P) x 103(H)mm<br \/>\u2022 Mati\u00e8re : ABS<br \/>\u2022 Poids : 521 g<br \/>\u2022 Couleur : Noir.<\/p>\n","protected":false},"excerpt":{"rendered":"<p>241(L) x 142(P) x 103(H)mm<\/p>\n","protected":false},"featured_media":109013,"comment_status":"open","ping_status":"closed","template":"","meta":[],"product_brand":[],"product_cat":[1277,1297],"product_tag":[],"class_list":{"0":"post-111251","1":"product","2":"type-product","3":"status-publish","4":"has-post-thumbnail","6":"product_cat-divers-principal","7":"product_cat-non-palettisable","8":"product_shipping_class-free-shipping","10":"first","11":"instock","12":"featured","13":"taxable","14":"shipping-taxable","15":"purchasable","16":"product-type-simple"},"_links":{"self":[{"href":"https:\/\/abinox-chr-clim.com\/index.php\/wp-json\/wp\/v2\/product\/111251","targetHints":{"allow":["GET"]}}],"collection":[{"href":"https:\/\/abinox-chr-clim.com\/index.php\/wp-json\/wp\/v2\/product"}],"about":[{"href":"https:\/\/abinox-chr-clim.com\/index.php\/wp-json\/wp\/v2\/types\/product"}],"replies":[{"embeddable":true,"href":"https:\/\/abinox-chr-clim.com\/index.php\/wp-json\/wp\/v2\/comments?post=111251"}],"wp:featuredmedia":[{"embeddable":true,"href":"https:\/\/abinox-chr-clim.com\/index.php\/wp-json\/wp\/v2\/media\/109013"}],"wp:attachment":[{"href":"https:\/\/abinox-chr-clim.com\/index.php\/wp-json\/wp\/v2\/media?parent=111251"}],"wp:term":[{"taxonomy":"product_brand","embeddable":true,"href":"https:\/\/abinox-chr-clim.com\/index.php\/wp-json\/wp\/v2\/product_brand?post=111251"},{"taxonomy":"product_cat","embeddable":true,"href":"https:\/\/abinox-chr-clim.com\/index.php\/wp-json\/wp\/v2\/product_cat?post=111251"},{"taxonomy":"product_tag","embeddable":true,"href":"https:\/\/abinox-chr-clim.com\/index.php\/wp-json\/wp\/v2\/product_tag?post=111251"}],"curies":[{"name":"wp","href":"https:\/\/api.w.org\/{rel}","templated":true}]}}