{"id":111250,"date":"2025-05-29T12:24:17","date_gmt":"2025-05-29T10:24:17","guid":{"rendered":"https:\/\/abinox-chr-clim.com\/index.php\/product\/capuchons-antipoussiere-en-caoutchouc-pour-doseurs-de-bar-olympia-lot-de-10\/"},"modified":"2026-02-18T10:48:47","modified_gmt":"2026-02-18T09:48:47","slug":"capuchons-antipoussiere-en-caoutchouc-pour-doseurs-de-bar-olympia-lot-de-10","status":"publish","type":"product","link":"https:\/\/abinox-chr-clim.com\/index.php\/product\/capuchons-antipoussiere-en-caoutchouc-pour-doseurs-de-bar-olympia-lot-de-10\/","title":{"rendered":"Capuchons antipoussi\u00e8re en caoutchouc pour doseurs de bar Olympia (lot de 10)"},"content":{"rendered":"<p>Ecoulement moyen ou rapide. En m\u00e9tal chrom\u00e9 effil\u00e9. Bouchon fourni, rechanges vendues s\u00e9par\u00e9ment.<br \/>\u2022 Garde les bouteilles propres et prot\u00e8ge contre la poussi\u00e8re et les insectes<br \/>\u2022 Emp\u00eache les pertes par \u00e9vaporation et d\u00e9versements<br \/>\u2022 R\u00e9duit les d\u00e9versements si les bouteilles sont renvers\u00e9es<br \/>\u2022 Empreintes ergonomiques pour un retrait facile, m\u00eame avec les mains mouill\u00e9es<\/p>\n<p><b><u>Caract\u00e9ristiques du produit :<\/u><\/b><br \/>\u2022 Lot : 10.0<br \/>\u2022 Dim. : 13mm(\u00d8)x 58(H)mm<br \/>\u2022 Mati\u00e8re : Caoutchouc<br \/>\u2022 Poids : 4 g<br \/>\u2022 Couleur : Noir.<\/p>\n","protected":false},"excerpt":{"rendered":"<p>13(\u00d8)x58(H)mm. Quantit\u00e9 du pack : 10<\/p>\n","protected":false},"featured_media":106604,"comment_status":"open","ping_status":"closed","template":"","meta":[],"product_brand":[],"product_cat":[1277,1297],"product_tag":[],"class_list":{"0":"post-111250","1":"product","2":"type-product","3":"status-publish","4":"has-post-thumbnail","6":"product_cat-divers-principal","7":"product_cat-non-palettisable","8":"product_shipping_class-free-shipping","10":"first","11":"instock","12":"featured","13":"taxable","14":"shipping-taxable","15":"purchasable","16":"product-type-simple"},"_links":{"self":[{"href":"https:\/\/abinox-chr-clim.com\/index.php\/wp-json\/wp\/v2\/product\/111250","targetHints":{"allow":["GET"]}}],"collection":[{"href":"https:\/\/abinox-chr-clim.com\/index.php\/wp-json\/wp\/v2\/product"}],"about":[{"href":"https:\/\/abinox-chr-clim.com\/index.php\/wp-json\/wp\/v2\/types\/product"}],"replies":[{"embeddable":true,"href":"https:\/\/abinox-chr-clim.com\/index.php\/wp-json\/wp\/v2\/comments?post=111250"}],"wp:featuredmedia":[{"embeddable":true,"href":"https:\/\/abinox-chr-clim.com\/index.php\/wp-json\/wp\/v2\/media\/106604"}],"wp:attachment":[{"href":"https:\/\/abinox-chr-clim.com\/index.php\/wp-json\/wp\/v2\/media?parent=111250"}],"wp:term":[{"taxonomy":"product_brand","embeddable":true,"href":"https:\/\/abinox-chr-clim.com\/index.php\/wp-json\/wp\/v2\/product_brand?post=111250"},{"taxonomy":"product_cat","embeddable":true,"href":"https:\/\/abinox-chr-clim.com\/index.php\/wp-json\/wp\/v2\/product_cat?post=111250"},{"taxonomy":"product_tag","embeddable":true,"href":"https:\/\/abinox-chr-clim.com\/index.php\/wp-json\/wp\/v2\/product_tag?post=111250"}],"curies":[{"name":"wp","href":"https:\/\/api.w.org\/{rel}","templated":true}]}}