{"id":111244,"date":"2025-05-29T12:24:04","date_gmt":"2025-05-29T10:24:04","guid":{"rendered":"https:\/\/abinox-chr-clim.com\/index.php\/product\/pots-deli-en-rpet-fiesta-recyclable-340ml-lot-de-300\/"},"modified":"2026-04-24T11:25:37","modified_gmt":"2026-04-24T09:25:37","slug":"pots-deli-en-rpet-fiesta-recyclable-340ml-lot-de-300","status":"publish","type":"product","link":"https:\/\/abinox-chr-clim.com\/index.php\/product\/pots-deli-en-rpet-fiesta-recyclable-340ml-lot-de-300\/","title":{"rendered":"Pots Deli en rPET Fiesta Recyclable 340ml (lot de 300)"},"content":{"rendered":"<p>\u2022 Id\u00e9al pour les comptoirs d&rsquo;\u00e9picerie et les stations en libre-service<br \/>\u2022 Convient pour les yaourts, les glaces, les fruits, les l\u00e9gumes, les condiments et les sauces<br \/>\u2022 Fabriqu\u00e9 \u00e0 partir de PET recycl\u00e9 largement recyclable. V\u00e9rifiez avec les services locaux pour les options de recyclage<br \/>\u2022 Couvercles compatibles disponibles s\u00e9par\u00e9ment (voir code HU069) pour emporter ou livrer<\/p>\n<p><b><u>Caract\u00e9ristiques du produit :<\/u><\/b><br \/>\u2022 Lot : 300.0<br \/>\u2022 Dim. : 57(H) x 117(\u00d8)mm<br \/>\u2022 Mati\u00e8re : rPET<br \/>\u2022 Couleur : Transparent.<\/p>\n","protected":false},"excerpt":{"rendered":"<p>57(H)x117(\u00d8)mm. Quantit\u00e9 du paquet : 300<\/p>\n","protected":false},"featured_media":106798,"comment_status":"open","ping_status":"closed","template":"","meta":[],"product_brand":[],"product_cat":[1297,1238,1216,1244],"product_tag":[],"class_list":{"0":"post-111244","1":"product","2":"type-product","3":"status-publish","4":"has-post-thumbnail","6":"product_cat-non-palettisable","7":"product_cat-produits-a-usage-unique","8":"product_cat-usage-unique-et-entretien","9":"product_cat-vaisselle-couverts-et-gobelets","10":"product_shipping_class-free-shipping","12":"first","13":"outofstock","14":"featured","15":"taxable","16":"shipping-taxable","17":"purchasable","18":"product-type-simple"},"_links":{"self":[{"href":"https:\/\/abinox-chr-clim.com\/index.php\/wp-json\/wp\/v2\/product\/111244","targetHints":{"allow":["GET"]}}],"collection":[{"href":"https:\/\/abinox-chr-clim.com\/index.php\/wp-json\/wp\/v2\/product"}],"about":[{"href":"https:\/\/abinox-chr-clim.com\/index.php\/wp-json\/wp\/v2\/types\/product"}],"replies":[{"embeddable":true,"href":"https:\/\/abinox-chr-clim.com\/index.php\/wp-json\/wp\/v2\/comments?post=111244"}],"wp:featuredmedia":[{"embeddable":true,"href":"https:\/\/abinox-chr-clim.com\/index.php\/wp-json\/wp\/v2\/media\/106798"}],"wp:attachment":[{"href":"https:\/\/abinox-chr-clim.com\/index.php\/wp-json\/wp\/v2\/media?parent=111244"}],"wp:term":[{"taxonomy":"product_brand","embeddable":true,"href":"https:\/\/abinox-chr-clim.com\/index.php\/wp-json\/wp\/v2\/product_brand?post=111244"},{"taxonomy":"product_cat","embeddable":true,"href":"https:\/\/abinox-chr-clim.com\/index.php\/wp-json\/wp\/v2\/product_cat?post=111244"},{"taxonomy":"product_tag","embeddable":true,"href":"https:\/\/abinox-chr-clim.com\/index.php\/wp-json\/wp\/v2\/product_tag?post=111244"}],"curies":[{"name":"wp","href":"https:\/\/api.w.org\/{rel}","templated":true}]}}