{"id":111242,"date":"2025-05-29T12:24:00","date_gmt":"2025-05-29T10:24:00","guid":{"rendered":"https:\/\/abinox-chr-clim.com\/index.php\/product\/couvercles-dome-fiesta-recyclable-en-rpet-pour-gobelets-de-340-455-568ml-lot-de-400\/"},"modified":"2025-08-26T15:02:42","modified_gmt":"2025-08-26T13:02:42","slug":"couvercles-dome-fiesta-recyclable-en-rpet-pour-gobelets-de-340-455-568ml-lot-de-400","status":"publish","type":"product","link":"https:\/\/abinox-chr-clim.com\/index.php\/product\/couvercles-dome-fiesta-recyclable-en-rpet-pour-gobelets-de-340-455-568ml-lot-de-400\/","title":{"rendered":"Couvercles d\u00f4me Fiesta Recyclable en rPET pour gobelets de 340\/455\/568ml (lot de 400)"},"content":{"rendered":"<p>\u2022 Poss\u00e8de un trou pour paille, id\u00e9al pour les boissons gazeuses<br \/>\u2022 Fabriqu\u00e9 en PET recycl\u00e9 largement recyclable. V\u00e9rifiez localement les options de recyclage<br \/>\u2022 Fonctionne parfaitement avec la gamme de pailles en papier de Fiesta<br \/>\u2022 Couvercles plats (HU062) et couvercles sans trou (HZ230) \u00e9galement disponibles<\/p>\n<p><b><u>Caract\u00e9ristiques du produit :<\/u><\/b><br \/>\u2022 Lot : 400.0<br \/>\u2022 Dim. : 43(H) x 96(\u00d8)mm<br \/>\u2022 Mati\u00e8re : rPET<br \/>\u2022 Couleur : Transparent.<\/p>\n","protected":false},"excerpt":{"rendered":"<p>43(H)x96(\u00d8)mm. Quantit\u00e9 du paquet : 400<\/p>\n","protected":false},"featured_media":105707,"comment_status":"open","ping_status":"closed","template":"","meta":[],"product_brand":[],"product_cat":[1297,1238,1216,1244],"product_tag":[],"class_list":{"0":"post-111242","1":"product","2":"type-product","3":"status-publish","4":"has-post-thumbnail","6":"product_cat-non-palettisable","7":"product_cat-produits-a-usage-unique","8":"product_cat-usage-unique-et-entretien","9":"product_cat-vaisselle-couverts-et-gobelets","10":"product_shipping_class-free-shipping","12":"first","13":"outofstock","14":"featured","15":"taxable","16":"shipping-taxable","17":"purchasable","18":"product-type-simple"},"_links":{"self":[{"href":"https:\/\/abinox-chr-clim.com\/index.php\/wp-json\/wp\/v2\/product\/111242","targetHints":{"allow":["GET"]}}],"collection":[{"href":"https:\/\/abinox-chr-clim.com\/index.php\/wp-json\/wp\/v2\/product"}],"about":[{"href":"https:\/\/abinox-chr-clim.com\/index.php\/wp-json\/wp\/v2\/types\/product"}],"replies":[{"embeddable":true,"href":"https:\/\/abinox-chr-clim.com\/index.php\/wp-json\/wp\/v2\/comments?post=111242"}],"wp:featuredmedia":[{"embeddable":true,"href":"https:\/\/abinox-chr-clim.com\/index.php\/wp-json\/wp\/v2\/media\/105707"}],"wp:attachment":[{"href":"https:\/\/abinox-chr-clim.com\/index.php\/wp-json\/wp\/v2\/media?parent=111242"}],"wp:term":[{"taxonomy":"product_brand","embeddable":true,"href":"https:\/\/abinox-chr-clim.com\/index.php\/wp-json\/wp\/v2\/product_brand?post=111242"},{"taxonomy":"product_cat","embeddable":true,"href":"https:\/\/abinox-chr-clim.com\/index.php\/wp-json\/wp\/v2\/product_cat?post=111242"},{"taxonomy":"product_tag","embeddable":true,"href":"https:\/\/abinox-chr-clim.com\/index.php\/wp-json\/wp\/v2\/product_tag?post=111242"}],"curies":[{"name":"wp","href":"https:\/\/api.w.org\/{rel}","templated":true}]}}