{"id":111240,"date":"2025-05-29T12:23:56","date_gmt":"2025-05-29T10:23:56","guid":{"rendered":"https:\/\/abinox-chr-clim.com\/index.php\/product\/gobelets-en-rpet-fiesta-recyclable-568ml-lot-de-400\/"},"modified":"2026-04-24T11:25:35","modified_gmt":"2026-04-24T09:25:35","slug":"gobelets-en-rpet-fiesta-recyclable-568ml-lot-de-400","status":"publish","type":"product","link":"https:\/\/abinox-chr-clim.com\/index.php\/product\/gobelets-en-rpet-fiesta-recyclable-568ml-lot-de-400\/","title":{"rendered":"Gobelets en rPET Fiesta Recyclable 568ml (lot de 400)"},"content":{"rendered":"<p>\u2022 Gobelets rPET solides et rigides, parfaits pour les \u00e9v\u00e9nements en plein air, mariages, f\u00eates, barbecues et plus<br \/>\u2022 Parfaits pour les boissons non alcoolis\u00e9es, smoothies, boissons glac\u00e9es, bubble tea, coupes glac\u00e9es et granit\u00e9s<br \/>\u2022 Fabriqu\u00e9s \u00e0 partir de PET recycl\u00e9 pour r\u00e9duire l&rsquo;utilisation de plastique vierge dans votre entreprise<br \/>\u2022 Largement recyclable &#8211; v\u00e9rifiez avec les services locaux pour les d\u00e9tails d&rsquo;\u00e9limination<br \/>\u2022 Couvercles compatibles : plat (HU062), en d\u00f4me (HU063) et sans trou (HZ230)<br \/>\u2022 Tailles plus petites 340ml (HU059) et 455ml (HU060) \u00e9galement disponibles<br \/>\u2022 Fonctionnent parfaitement avec la gamme de pailles en papier Fiesta<\/p>\n<p><b><u>Caract\u00e9ristiques du produit :<\/u><\/b><br \/>\u2022 Lot : 400.0<br \/>\u2022 Dim. : 149(H) x 93(\u00d8)mm<br \/>\u2022 Mati\u00e8re : rPET<br \/>\u2022 Couleur : Transparent.<\/p>\n","protected":false},"excerpt":{"rendered":"<p>149(H)x93(\u00d8)mm. Quantit\u00e9 par paquet : 400<\/p>\n","protected":false},"featured_media":109008,"comment_status":"open","ping_status":"closed","template":"","meta":[],"product_brand":[],"product_cat":[1297,1238,1216,1244],"product_tag":[],"class_list":{"0":"post-111240","1":"product","2":"type-product","3":"status-publish","4":"has-post-thumbnail","6":"product_cat-non-palettisable","7":"product_cat-produits-a-usage-unique","8":"product_cat-usage-unique-et-entretien","9":"product_cat-vaisselle-couverts-et-gobelets","10":"product_shipping_class-free-shipping","12":"first","13":"outofstock","14":"featured","15":"taxable","16":"shipping-taxable","17":"purchasable","18":"product-type-simple"},"_links":{"self":[{"href":"https:\/\/abinox-chr-clim.com\/index.php\/wp-json\/wp\/v2\/product\/111240","targetHints":{"allow":["GET"]}}],"collection":[{"href":"https:\/\/abinox-chr-clim.com\/index.php\/wp-json\/wp\/v2\/product"}],"about":[{"href":"https:\/\/abinox-chr-clim.com\/index.php\/wp-json\/wp\/v2\/types\/product"}],"replies":[{"embeddable":true,"href":"https:\/\/abinox-chr-clim.com\/index.php\/wp-json\/wp\/v2\/comments?post=111240"}],"wp:featuredmedia":[{"embeddable":true,"href":"https:\/\/abinox-chr-clim.com\/index.php\/wp-json\/wp\/v2\/media\/109008"}],"wp:attachment":[{"href":"https:\/\/abinox-chr-clim.com\/index.php\/wp-json\/wp\/v2\/media?parent=111240"}],"wp:term":[{"taxonomy":"product_brand","embeddable":true,"href":"https:\/\/abinox-chr-clim.com\/index.php\/wp-json\/wp\/v2\/product_brand?post=111240"},{"taxonomy":"product_cat","embeddable":true,"href":"https:\/\/abinox-chr-clim.com\/index.php\/wp-json\/wp\/v2\/product_cat?post=111240"},{"taxonomy":"product_tag","embeddable":true,"href":"https:\/\/abinox-chr-clim.com\/index.php\/wp-json\/wp\/v2\/product_tag?post=111240"}],"curies":[{"name":"wp","href":"https:\/\/api.w.org\/{rel}","templated":true}]}}