{"id":111237,"date":"2025-05-29T12:23:50","date_gmt":"2025-05-29T10:23:50","guid":{"rendered":"https:\/\/abinox-chr-clim.com\/index.php\/product\/raclette-de-sol-legere-jantex-558mm\/"},"modified":"2026-04-14T11:28:07","modified_gmt":"2026-04-14T09:28:07","slug":"raclette-de-sol-legere-jantex-558mm","status":"publish","type":"product","link":"https:\/\/abinox-chr-clim.com\/index.php\/product\/raclette-de-sol-legere-jantex-558mm\/","title":{"rendered":"Raclette de sol l\u00e9g\u00e8re Jantex 558mm"},"content":{"rendered":"<p>Nettoyez de grandes surfaces rapidement avec la raclette l\u00e9g\u00e8re Jantex. Son mat\u00e9riau durable en EVA semblable au caoutchouc essuie l&rsquo;eau des carreaux, du verre et des sols, laissant les surfaces sans marques ni traces.<\/p>\n<p>\u2022 Largeur de 558mm peut couvrir une large surface en un passage<br \/>\u2022 Le mat\u00e9riau durable semblable au caoutchouc EVA enl\u00e8ve l&rsquo;eau des carreaux, du verre et des sols<br \/>\u2022 Laisse les surfaces sans traces d&rsquo;eau<br \/>\u2022 Conception l\u00e9g\u00e8re pour une manipulation facile lors des nettoyages rapides<br \/>\u2022 Peut \u00eatre associ\u00e9 \u00e0 un long manche (code HX240 vendu s\u00e9par\u00e9ment) pour atteindre les murs et fen\u00eatres en hauteur<\/p>\n<p><b><u>Caract\u00e9ristiques du produit :<\/u><\/b><br \/>\u2022 Mati\u00e8re : EVA<br \/>\u2022 Couleur : Argent.<\/p>\n","protected":false},"excerpt":{"rendered":"<p>Large lame de 558mm. Manche compatible HX240<\/p>\n","protected":false},"featured_media":109006,"comment_status":"open","ping_status":"closed","template":"","meta":[],"product_brand":[],"product_cat":[1277,1297],"product_tag":[],"class_list":{"0":"post-111237","1":"product","2":"type-product","3":"status-publish","4":"has-post-thumbnail","6":"product_cat-divers-principal","7":"product_cat-non-palettisable","8":"product_shipping_class-free-shipping","10":"first","11":"instock","12":"featured","13":"taxable","14":"shipping-taxable","15":"purchasable","16":"product-type-simple"},"_links":{"self":[{"href":"https:\/\/abinox-chr-clim.com\/index.php\/wp-json\/wp\/v2\/product\/111237","targetHints":{"allow":["GET"]}}],"collection":[{"href":"https:\/\/abinox-chr-clim.com\/index.php\/wp-json\/wp\/v2\/product"}],"about":[{"href":"https:\/\/abinox-chr-clim.com\/index.php\/wp-json\/wp\/v2\/types\/product"}],"replies":[{"embeddable":true,"href":"https:\/\/abinox-chr-clim.com\/index.php\/wp-json\/wp\/v2\/comments?post=111237"}],"wp:featuredmedia":[{"embeddable":true,"href":"https:\/\/abinox-chr-clim.com\/index.php\/wp-json\/wp\/v2\/media\/109006"}],"wp:attachment":[{"href":"https:\/\/abinox-chr-clim.com\/index.php\/wp-json\/wp\/v2\/media?parent=111237"}],"wp:term":[{"taxonomy":"product_brand","embeddable":true,"href":"https:\/\/abinox-chr-clim.com\/index.php\/wp-json\/wp\/v2\/product_brand?post=111237"},{"taxonomy":"product_cat","embeddable":true,"href":"https:\/\/abinox-chr-clim.com\/index.php\/wp-json\/wp\/v2\/product_cat?post=111237"},{"taxonomy":"product_tag","embeddable":true,"href":"https:\/\/abinox-chr-clim.com\/index.php\/wp-json\/wp\/v2\/product_tag?post=111237"}],"curies":[{"name":"wp","href":"https:\/\/api.w.org\/{rel}","templated":true}]}}