{"id":111234,"date":"2025-05-29T12:23:45","date_gmt":"2025-05-29T10:23:45","guid":{"rendered":"https:\/\/abinox-chr-clim.com\/index.php\/product\/batteur-planetaire-buffalo-5l\/"},"modified":"2026-04-14T11:24:33","modified_gmt":"2026-04-14T09:24:33","slug":"batteur-planetaire-buffalo-5l","status":"publish","type":"product","link":"https:\/\/abinox-chr-clim.com\/index.php\/product\/batteur-planetaire-buffalo-5l\/","title":{"rendered":"Batteur plan\u00e9taire Buffalo 5L"},"content":{"rendered":"<p>Batteur extr\u00eamement durable et robuste avec bol amovible grande capacit\u00e9. Id\u00e9al pour un usage quotidien dans les boulangeries, les restaurants, les cantines et m\u00eame les \u00e9coles pr\u00e9parant les repas sur place. La t\u00eate de levage et le bol en inox facilitent le nettoyage et le remplacement des accessoires, quant au couvercle avec tr\u00e9mie amovible, ils prot\u00e8gent des projections lors du m\u00e9lange.<\/p>\n<p>\u2022 Bol en acier inoxydable de 5L tr\u00e8s durable<br \/>\u2022 Contr\u00f4le de vitesse continu pour une pr\u00e9cision maximale de m\u00e9lange<br \/>\u2022 Moteur commercial haute performance de 270W et accessoires en aluminium robustes pour travailler facilement les ingr\u00e9dients difficiles<br \/>\u2022 Capacit\u00e9\u00a0: jusqu&rsquo;\u00e0 1,6\u00a0kg de p\u00e2te<br \/>\u2022 Verrouillage de s\u00e9curit\u00e9 de l&rsquo;interrupteur<br \/>\u2022 L&rsquo;entonnoir amovible vous permet d&rsquo;ajouter des ingr\u00e9dients en cours de m\u00e9lange &#8211; sans abaisser le bol<br \/>\u2022 Le m\u00e9canisme de levage de la t\u00eate permet de changer rapidement les accessoires<br \/>\u2022 Les accessoires en aluminium robustes facilitent le travail des ingr\u00e9dients difficiles<\/p>\n<p><b><u>Caract\u00e9ristiques du produit :<\/u><\/b><br \/>\u2022 Dim. : 410(H) x 420(L) x 230(P)mm<br \/>\u2022 Mati\u00e8re : Aluminium<br \/>\u2022 Voltage : 220-240V<br \/>\u2022 Poids : 14 kg<br \/>\u2022 Type : Electrique<br \/>\u2022 Couleur : Noir.<\/p>\n","protected":false},"excerpt":{"rendered":"<p>Capacit\u00e9 : 5L (1,6 kg de p\u00e2te). Comprend 3 accessoires<\/p>\n","protected":false},"featured_media":109004,"comment_status":"open","ping_status":"closed","template":"","meta":[],"product_brand":[],"product_cat":[1277,1297],"product_tag":[],"class_list":{"0":"post-111234","1":"product","2":"type-product","3":"status-publish","4":"has-post-thumbnail","6":"product_cat-divers-principal","7":"product_cat-non-palettisable","8":"product_shipping_class-free-shipping","10":"first","11":"outofstock","12":"featured","13":"taxable","14":"shipping-taxable","15":"purchasable","16":"product-type-simple"},"_links":{"self":[{"href":"https:\/\/abinox-chr-clim.com\/index.php\/wp-json\/wp\/v2\/product\/111234","targetHints":{"allow":["GET"]}}],"collection":[{"href":"https:\/\/abinox-chr-clim.com\/index.php\/wp-json\/wp\/v2\/product"}],"about":[{"href":"https:\/\/abinox-chr-clim.com\/index.php\/wp-json\/wp\/v2\/types\/product"}],"replies":[{"embeddable":true,"href":"https:\/\/abinox-chr-clim.com\/index.php\/wp-json\/wp\/v2\/comments?post=111234"}],"wp:featuredmedia":[{"embeddable":true,"href":"https:\/\/abinox-chr-clim.com\/index.php\/wp-json\/wp\/v2\/media\/109004"}],"wp:attachment":[{"href":"https:\/\/abinox-chr-clim.com\/index.php\/wp-json\/wp\/v2\/media?parent=111234"}],"wp:term":[{"taxonomy":"product_brand","embeddable":true,"href":"https:\/\/abinox-chr-clim.com\/index.php\/wp-json\/wp\/v2\/product_brand?post=111234"},{"taxonomy":"product_cat","embeddable":true,"href":"https:\/\/abinox-chr-clim.com\/index.php\/wp-json\/wp\/v2\/product_cat?post=111234"},{"taxonomy":"product_tag","embeddable":true,"href":"https:\/\/abinox-chr-clim.com\/index.php\/wp-json\/wp\/v2\/product_tag?post=111234"}],"curies":[{"name":"wp","href":"https:\/\/api.w.org\/{rel}","templated":true}]}}