{"id":111216,"date":"2025-05-29T12:23:06","date_gmt":"2025-05-29T10:23:06","guid":{"rendered":"https:\/\/abinox-chr-clim.com\/index.php\/product\/pocheuse-a-oeufs-en-aluminium-vogue-350mm-2\/"},"modified":"2026-04-15T10:58:50","modified_gmt":"2026-04-15T08:58:50","slug":"pocheuse-a-oeufs-en-aluminium-vogue-350mm-2","status":"publish","type":"product","link":"https:\/\/abinox-chr-clim.com\/index.php\/product\/pocheuse-a-oeufs-en-aluminium-vogue-350mm-2\/","title":{"rendered":"Pocheuse \u00e0 oeufs en aluminium Vogue 350mm"},"content":{"rendered":"<p>Pocheuse 12 oeufs en aluminium, id\u00e9ale pour les grandes quantit\u00e9s d&rsquo;oeufs. Compatible induction.<\/p>\n<p>\u2022 L&rsquo;aluminium est durable<br \/>\u2022 Cuire 12 \u0153ufs simultan\u00e9ment avec des r\u00e9sultats parfaits<br \/>\u2022 Facile \u00e0 utiliser, sans le tracas de l&rsquo;\u00e9gouttage<br \/>\u2022 Emplacements pour les \u0153ufs pour une pr\u00e9sentation parfaite<br \/>\u2022 Non compatible avec le lave-vaisselle<\/p>\n<p><b><u>Caract\u00e9ristiques du produit :<\/u><\/b><br \/>\u2022 Dim. : 130(H) x 368(L) mm<br \/>\u2022 Mati\u00e8re : Aluminium<br \/>\u2022 Poids : 1,84 kg<br \/>\u2022 Couleur : Argent.<\/p>\n","protected":false},"excerpt":{"rendered":"<p>Dimension : 350(\u00d8)mm. Capacit\u00e9: 12 oeufs. Mat\u00e9riau : Aluminium<\/p>\n","protected":false},"featured_media":105742,"comment_status":"open","ping_status":"closed","template":"","meta":[],"product_brand":[],"product_cat":[1064,1297,1098,1104],"product_tag":[],"class_list":{"0":"post-111216","1":"product","2":"type-product","3":"status-publish","4":"has-post-thumbnail","6":"product_cat-cuisine","7":"product_cat-non-palettisable","8":"product_cat-ustensiles-cuisine","9":"product_cat-ustensiles-de-cuisine","10":"product_shipping_class-free-shipping","12":"first","13":"instock","14":"featured","15":"taxable","16":"shipping-taxable","17":"purchasable","18":"product-type-simple"},"_links":{"self":[{"href":"https:\/\/abinox-chr-clim.com\/index.php\/wp-json\/wp\/v2\/product\/111216","targetHints":{"allow":["GET"]}}],"collection":[{"href":"https:\/\/abinox-chr-clim.com\/index.php\/wp-json\/wp\/v2\/product"}],"about":[{"href":"https:\/\/abinox-chr-clim.com\/index.php\/wp-json\/wp\/v2\/types\/product"}],"replies":[{"embeddable":true,"href":"https:\/\/abinox-chr-clim.com\/index.php\/wp-json\/wp\/v2\/comments?post=111216"}],"wp:featuredmedia":[{"embeddable":true,"href":"https:\/\/abinox-chr-clim.com\/index.php\/wp-json\/wp\/v2\/media\/105742"}],"wp:attachment":[{"href":"https:\/\/abinox-chr-clim.com\/index.php\/wp-json\/wp\/v2\/media?parent=111216"}],"wp:term":[{"taxonomy":"product_brand","embeddable":true,"href":"https:\/\/abinox-chr-clim.com\/index.php\/wp-json\/wp\/v2\/product_brand?post=111216"},{"taxonomy":"product_cat","embeddable":true,"href":"https:\/\/abinox-chr-clim.com\/index.php\/wp-json\/wp\/v2\/product_cat?post=111216"},{"taxonomy":"product_tag","embeddable":true,"href":"https:\/\/abinox-chr-clim.com\/index.php\/wp-json\/wp\/v2\/product_tag?post=111216"}],"curies":[{"name":"wp","href":"https:\/\/api.w.org\/{rel}","templated":true}]}}