{"id":111194,"date":"2025-05-29T12:22:19","date_gmt":"2025-05-29T10:22:19","guid":{"rendered":"https:\/\/abinox-chr-clim.com\/index.php\/product\/cuillere-a-glace-hygiplas-blanche-50ml\/"},"modified":"2026-04-14T11:25:57","modified_gmt":"2026-04-14T09:25:57","slug":"cuillere-a-glace-hygiplas-blanche-50ml","status":"publish","type":"product","link":"https:\/\/abinox-chr-clim.com\/index.php\/product\/cuillere-a-glace-hygiplas-blanche-50ml\/","title":{"rendered":"Cuill\u00e8re \u00e0 glace Hygiplas blanche 50ml"},"content":{"rendered":"<p>La cuill\u00e8re \u00e0 glace Hygiplas de 50 ml est la solution id\u00e9ale pour servir des portions pr\u00e9cises de nourriture. Qu&rsquo;il s&rsquo;agisse de cr\u00e8me glac\u00e9e, de sorbet ou de gelato, la cuill\u00e8re permet de fa\u00e7onner facilement de d\u00e9licieux desserts en portions attrayantes de 50 ml, garantissant un contr\u00f4le parfait des portions \u00e0 chaque service.Fabriqu\u00e9e en acier inoxydable, la cuill\u00e8re est solide et durable, tandis que le manche en plastique blanc permet une identification imm\u00e9diate dans les cuisines \u00e0 code couleur. Le blanc signifie g\u00e9n\u00e9ralement les produits de boulangerie et de produits laitiers, donc la cuill\u00e8re \u00e0 code couleur est parfaite pour \u00eatre utilis\u00e9e avec des glaces traditionnelles.<\/p>\n<p>\u2022 Sculpte la glace en une forme de boule parfaite<br \/>\u2022 Id\u00e9al pour contr\u00f4ler les portions et r\u00e9duire les d\u00e9chets<br \/>\u2022 Construction en acier inoxydable avec manche en plastique blanc<br \/>\u2022 Code couleur blanc &#8211; pour une utilisation avec les produits de boulangerie et les produits laitiers<br \/>\u2022 Facile \u00e0 nettoyer &#8211; passe au lave-vaisselle<br \/>\u2022 Disponible aussi en taille moyenne : GP758<\/p>\n<p><b><u>Caract\u00e9ristiques du produit :<\/u><\/b><br \/>\u2022 Couleur : Blanc.<\/p>\n","protected":false},"excerpt":{"rendered":"<p>Capacit\u00e9 : 50ml. Code couleur blanc<\/p>\n","protected":false},"featured_media":109000,"comment_status":"open","ping_status":"closed","template":"","meta":[],"product_brand":[],"product_cat":[1277,1297],"product_tag":[],"class_list":{"0":"post-111194","1":"product","2":"type-product","3":"status-publish","4":"has-post-thumbnail","6":"product_cat-divers-principal","7":"product_cat-non-palettisable","8":"product_shipping_class-free-shipping","10":"first","11":"outofstock","12":"featured","13":"taxable","14":"shipping-taxable","15":"purchasable","16":"product-type-simple"},"_links":{"self":[{"href":"https:\/\/abinox-chr-clim.com\/index.php\/wp-json\/wp\/v2\/product\/111194","targetHints":{"allow":["GET"]}}],"collection":[{"href":"https:\/\/abinox-chr-clim.com\/index.php\/wp-json\/wp\/v2\/product"}],"about":[{"href":"https:\/\/abinox-chr-clim.com\/index.php\/wp-json\/wp\/v2\/types\/product"}],"replies":[{"embeddable":true,"href":"https:\/\/abinox-chr-clim.com\/index.php\/wp-json\/wp\/v2\/comments?post=111194"}],"wp:featuredmedia":[{"embeddable":true,"href":"https:\/\/abinox-chr-clim.com\/index.php\/wp-json\/wp\/v2\/media\/109000"}],"wp:attachment":[{"href":"https:\/\/abinox-chr-clim.com\/index.php\/wp-json\/wp\/v2\/media?parent=111194"}],"wp:term":[{"taxonomy":"product_brand","embeddable":true,"href":"https:\/\/abinox-chr-clim.com\/index.php\/wp-json\/wp\/v2\/product_brand?post=111194"},{"taxonomy":"product_cat","embeddable":true,"href":"https:\/\/abinox-chr-clim.com\/index.php\/wp-json\/wp\/v2\/product_cat?post=111194"},{"taxonomy":"product_tag","embeddable":true,"href":"https:\/\/abinox-chr-clim.com\/index.php\/wp-json\/wp\/v2\/product_tag?post=111194"}],"curies":[{"name":"wp","href":"https:\/\/api.w.org\/{rel}","templated":true}]}}