{"id":111193,"date":"2025-05-29T12:22:17","date_gmt":"2025-05-29T10:22:17","guid":{"rendered":"https:\/\/abinox-chr-clim.com\/index.php\/product\/cuillere-a-glace-hygiplas-violette-50ml\/"},"modified":"2026-02-18T10:46:46","modified_gmt":"2026-02-18T09:46:46","slug":"cuillere-a-glace-hygiplas-violette-50ml","status":"publish","type":"product","link":"https:\/\/abinox-chr-clim.com\/index.php\/product\/cuillere-a-glace-hygiplas-violette-50ml\/","title":{"rendered":"Cuill\u00e8re \u00e0 glace Hygiplas violette 50ml"},"content":{"rendered":"<p>La cuill\u00e8re \u00e0 glace Hygiplas de 50 ml est la solution id\u00e9ale pour servir des portions pr\u00e9cises de nourriture. Que ce soit pour la cr\u00e8me glac\u00e9e, le sorbet ou le gelato, la cuill\u00e8re permet de former facilement des boules de d\u00e9licieux desserts en portions attrayantes de 50 ml, garantissant un contr\u00f4le parfait des portions \u00e0 chaque utilisation.Fabriqu\u00e9e en acier inoxydable, la cuill\u00e8re est solide et durable, tandis que le manche en plastique violet facilite l&rsquo;identification imm\u00e9diate dans les cuisines \u00e0 code couleur. G\u00e9n\u00e9ralement, le code couleur violet indique que l&rsquo;ustensile doit \u00eatre utilis\u00e9 pour \u00e9viter la contamination crois\u00e9e des ingr\u00e9dients allerg\u00e8nes.<\/p>\n<p>\u2022 Pour une boule de glace parfaite<br \/>\u2022 Id\u00e9al pour contr\u00f4ler les portions et r\u00e9duire le gaspillage<br \/>\u2022 Construction en acier inoxydable avec manche en plastique violet<br \/>\u2022 Code couleur violet &#8211; pour utilisation avec les allerg\u00e8nes<br \/>\u2022 Facile \u00e0 nettoyer &#8211; passe au lave-vaisselle<br \/>\u2022 Disponible \u00e9galement en grande taille : GP759<\/p>\n<p><b><u>Caract\u00e9ristiques du produit :<\/u><\/b><br \/>\u2022 Couleur : Violet.<\/p>\n","protected":false},"excerpt":{"rendered":"<p>Capacit\u00e9 : 50ml. Violet pour les allerg\u00e8nes<\/p>\n","protected":false},"featured_media":107215,"comment_status":"open","ping_status":"closed","template":"","meta":[],"product_brand":[],"product_cat":[1277,1297],"product_tag":[],"class_list":{"0":"post-111193","1":"product","2":"type-product","3":"status-publish","4":"has-post-thumbnail","6":"product_cat-divers-principal","7":"product_cat-non-palettisable","8":"product_shipping_class-free-shipping","10":"first","11":"outofstock","12":"featured","13":"taxable","14":"shipping-taxable","15":"purchasable","16":"product-type-simple"},"_links":{"self":[{"href":"https:\/\/abinox-chr-clim.com\/index.php\/wp-json\/wp\/v2\/product\/111193","targetHints":{"allow":["GET"]}}],"collection":[{"href":"https:\/\/abinox-chr-clim.com\/index.php\/wp-json\/wp\/v2\/product"}],"about":[{"href":"https:\/\/abinox-chr-clim.com\/index.php\/wp-json\/wp\/v2\/types\/product"}],"replies":[{"embeddable":true,"href":"https:\/\/abinox-chr-clim.com\/index.php\/wp-json\/wp\/v2\/comments?post=111193"}],"wp:featuredmedia":[{"embeddable":true,"href":"https:\/\/abinox-chr-clim.com\/index.php\/wp-json\/wp\/v2\/media\/107215"}],"wp:attachment":[{"href":"https:\/\/abinox-chr-clim.com\/index.php\/wp-json\/wp\/v2\/media?parent=111193"}],"wp:term":[{"taxonomy":"product_brand","embeddable":true,"href":"https:\/\/abinox-chr-clim.com\/index.php\/wp-json\/wp\/v2\/product_brand?post=111193"},{"taxonomy":"product_cat","embeddable":true,"href":"https:\/\/abinox-chr-clim.com\/index.php\/wp-json\/wp\/v2\/product_cat?post=111193"},{"taxonomy":"product_tag","embeddable":true,"href":"https:\/\/abinox-chr-clim.com\/index.php\/wp-json\/wp\/v2\/product_tag?post=111193"}],"curies":[{"name":"wp","href":"https:\/\/api.w.org\/{rel}","templated":true}]}}