{"id":111192,"date":"2025-05-29T12:22:15","date_gmt":"2025-05-29T10:22:15","guid":{"rendered":"https:\/\/abinox-chr-clim.com\/index.php\/product\/marmite-a-vin-chaud-et-cidre-chaud-buffalo-7l\/"},"modified":"2026-04-23T10:26:16","modified_gmt":"2026-04-23T08:26:16","slug":"marmite-a-vin-chaud-et-cidre-chaud-buffalo-7l","status":"publish","type":"product","link":"https:\/\/abinox-chr-clim.com\/index.php\/product\/marmite-a-vin-chaud-et-cidre-chaud-buffalo-7l\/","title":{"rendered":"Marmite \u00e0 vin chaud et cidre chaud Buffalo 7L"},"content":{"rendered":"<p>Marmite \u00e9l\u00e9gante, id\u00e9ale pour les boissons chaudes saisonni\u00e8res telles que le vin ou le cidre chauds. Chauffage doux avec r\u00e9glage de la temp\u00e9rature.<\/p>\n<p>\u2022 Design attrayant en acier inoxydable robuste avec rev\u00eatement<br \/>\u2022 Capacit\u00e9 g\u00e9n\u00e9reuse de 7L<br \/>\u2022 Peut aussi \u00eatre utilis\u00e9e comme un chauffe eau<br \/>\u2022 Robinet de distribution filtr\u00e9 &#8211; emp\u00eache les blocages<br \/>\u2022 Contr\u00f4le de la temp\u00e9rature r\u00e9glable &#8211; 30-98\u00b0C<br \/>\u2022 Chauffage \u00e0 sec avec protection contre la surchauffe<br \/>\u2022 Deux r\u00e9sistances dissimul\u00e9es avec fonction de chauffe \u00e0 \u00e9conomie d&rsquo;\u00e9nergie<br \/>\u2022 R\u00e9initialisation de s\u00e9curit\u00e9 thermique<\/p>\n<p><b><u>Caract\u00e9ristiques du produit :<\/u><\/b><br \/>\u2022 Capacit\u00e9 : 7 L<br \/>\u2022 Dim. : 495(H) x 320(\u00d8) mm<br \/>\u2022 Temp\u00e9rature : 30 \u00b0C \u00e0 100 \u00b0C<br \/>\u2022 Voltage : 220-240V<br \/>\u2022 Poids : 2,6 kg<br \/>\u2022 Couleur : Rouge.<\/p>\n","protected":false},"excerpt":{"rendered":"<p>1,8kW. Capacit\u00e9 : 7L<\/p>\n","protected":false},"featured_media":108999,"comment_status":"open","ping_status":"closed","template":"","meta":[],"product_brand":[],"product_cat":[1277,1297],"product_tag":[],"class_list":{"0":"post-111192","1":"product","2":"type-product","3":"status-publish","4":"has-post-thumbnail","6":"product_cat-divers-principal","7":"product_cat-non-palettisable","8":"product_shipping_class-free-shipping","10":"first","11":"instock","12":"featured","13":"taxable","14":"shipping-taxable","15":"purchasable","16":"product-type-simple"},"_links":{"self":[{"href":"https:\/\/abinox-chr-clim.com\/index.php\/wp-json\/wp\/v2\/product\/111192","targetHints":{"allow":["GET"]}}],"collection":[{"href":"https:\/\/abinox-chr-clim.com\/index.php\/wp-json\/wp\/v2\/product"}],"about":[{"href":"https:\/\/abinox-chr-clim.com\/index.php\/wp-json\/wp\/v2\/types\/product"}],"replies":[{"embeddable":true,"href":"https:\/\/abinox-chr-clim.com\/index.php\/wp-json\/wp\/v2\/comments?post=111192"}],"wp:featuredmedia":[{"embeddable":true,"href":"https:\/\/abinox-chr-clim.com\/index.php\/wp-json\/wp\/v2\/media\/108999"}],"wp:attachment":[{"href":"https:\/\/abinox-chr-clim.com\/index.php\/wp-json\/wp\/v2\/media?parent=111192"}],"wp:term":[{"taxonomy":"product_brand","embeddable":true,"href":"https:\/\/abinox-chr-clim.com\/index.php\/wp-json\/wp\/v2\/product_brand?post=111192"},{"taxonomy":"product_cat","embeddable":true,"href":"https:\/\/abinox-chr-clim.com\/index.php\/wp-json\/wp\/v2\/product_cat?post=111192"},{"taxonomy":"product_tag","embeddable":true,"href":"https:\/\/abinox-chr-clim.com\/index.php\/wp-json\/wp\/v2\/product_tag?post=111192"}],"curies":[{"name":"wp","href":"https:\/\/api.w.org\/{rel}","templated":true}]}}