{"id":111191,"date":"2025-05-29T12:22:13","date_gmt":"2025-05-29T10:22:13","guid":{"rendered":"https:\/\/abinox-chr-clim.com\/index.php\/product\/grande-plaque-induction-buffalo-8kw\/"},"modified":"2026-04-14T11:28:03","modified_gmt":"2026-04-14T09:28:03","slug":"grande-plaque-induction-buffalo-8kw","status":"publish","type":"product","link":"https:\/\/abinox-chr-clim.com\/index.php\/product\/grande-plaque-induction-buffalo-8kw\/","title":{"rendered":"Grande plaque induction Buffalo 8kW"},"content":{"rendered":"<p>Plaque robuste con\u00e7ue pour un fonctionnement fiable et \u00e9conome en \u00e9nergie. Les commandes simples et conviviales et les pieds robustes garantissent un confort d&rsquo;utilisation au quotidien. Convient aux batteries de cuisine de 120 \u00e0 559 mm (\u00d8).<\/p>\n<p>\u2022 Corps en acier inoxydable solide et facile \u00e0 nettoyer<br \/>\u2022 Surfaces en verre c\u00e9ramique ultra-r\u00e9sistantes de 6mm<br \/>\u2022 Bo\u00eetier en acier inoxydable durable<br \/>\u2022 Haute performance &#8211; puissance de cuisson de 8kW<br \/>\u2022 Contr\u00f4le de temp\u00e9rature par bouton simple<br \/>\u2022 Technologie de d\u00e9tection de casserole<br \/>\u2022 Filtre \u00e0 air pour un fonctionnement fiable<br \/>\u2022 Convient aux batteries de cuisine de 120-559mm de diam\u00e8tre<\/p>\n<p><b><u>Caract\u00e9ristiques du produit :<\/u><\/b><br \/>\u2022 Dim. : 434(H) x 556(L) x 582(P) mm<br \/>\u2022 Mati\u00e8re : Inox<br \/>\u2022 Voltage : 400V<br \/>\u2022 Poids : 21,6 kg<br \/>\u2022 Couleur : Argent.<\/p>\n","protected":false},"excerpt":{"rendered":"<p>8kW. Triphas\u00e9 400V. Pour batteries de cuisine jusqu&rsquo;\u00e0 559mm. C\u00e2blage int\u00e9gr\u00e9<\/p>\n","protected":false},"featured_media":106263,"comment_status":"open","ping_status":"closed","template":"","meta":[],"product_brand":[],"product_cat":[1277,1297],"product_tag":[],"class_list":{"0":"post-111191","1":"product","2":"type-product","3":"status-publish","4":"has-post-thumbnail","6":"product_cat-divers-principal","7":"product_cat-non-palettisable","8":"product_shipping_class-free-shipping","10":"first","11":"instock","12":"featured","13":"taxable","14":"shipping-taxable","15":"purchasable","16":"product-type-simple"},"_links":{"self":[{"href":"https:\/\/abinox-chr-clim.com\/index.php\/wp-json\/wp\/v2\/product\/111191","targetHints":{"allow":["GET"]}}],"collection":[{"href":"https:\/\/abinox-chr-clim.com\/index.php\/wp-json\/wp\/v2\/product"}],"about":[{"href":"https:\/\/abinox-chr-clim.com\/index.php\/wp-json\/wp\/v2\/types\/product"}],"replies":[{"embeddable":true,"href":"https:\/\/abinox-chr-clim.com\/index.php\/wp-json\/wp\/v2\/comments?post=111191"}],"wp:featuredmedia":[{"embeddable":true,"href":"https:\/\/abinox-chr-clim.com\/index.php\/wp-json\/wp\/v2\/media\/106263"}],"wp:attachment":[{"href":"https:\/\/abinox-chr-clim.com\/index.php\/wp-json\/wp\/v2\/media?parent=111191"}],"wp:term":[{"taxonomy":"product_brand","embeddable":true,"href":"https:\/\/abinox-chr-clim.com\/index.php\/wp-json\/wp\/v2\/product_brand?post=111191"},{"taxonomy":"product_cat","embeddable":true,"href":"https:\/\/abinox-chr-clim.com\/index.php\/wp-json\/wp\/v2\/product_cat?post=111191"},{"taxonomy":"product_tag","embeddable":true,"href":"https:\/\/abinox-chr-clim.com\/index.php\/wp-json\/wp\/v2\/product_tag?post=111191"}],"curies":[{"name":"wp","href":"https:\/\/api.w.org\/{rel}","templated":true}]}}