{"id":111190,"date":"2025-05-29T12:22:11","date_gmt":"2025-05-29T10:22:11","guid":{"rendered":"https:\/\/abinox-chr-clim.com\/index.php\/product\/plaque-induction-professionnelle-buffalo-5kw\/"},"modified":"2026-04-14T11:28:01","modified_gmt":"2026-04-14T09:28:01","slug":"plaque-induction-professionnelle-buffalo-5kw","status":"publish","type":"product","link":"https:\/\/abinox-chr-clim.com\/index.php\/product\/plaque-induction-professionnelle-buffalo-5kw\/","title":{"rendered":"Plaque induction professionnelle Buffalo 5kW"},"content":{"rendered":"<p>Tables de cuisson induction professionnelle puissante et fiable, dot\u00e9e d&rsquo;une construction commerciale solide et de commandes num\u00e9riques conviviales. Les niveaux de puissance r\u00e9glables donnent la pr\u00e9cision de cuisson dont vous avez besoin. Convient pour des casseroles jusqu&rsquo;\u00e0 320 mm (\u00d8).<\/p>\n<p>\u2022 Corps en acier inoxydable solide et facile \u00e0 nettoyer<br \/>\u2022 Surface en verre c\u00e9ramique ultra-r\u00e9sistantes de 6 mm<br \/>\u2022 Bo\u00eetier en acier inoxydable durable<br \/>\u2022 Haute performance &#8211; puissance de cuisson de 5kW<br \/>\u2022 Panneau de commande num\u00e9rique intuitif<br \/>\u2022 Technologie de d\u00e9tection de casserole<br \/>\u2022 Filtre \u00e0 air pour un fonctionnement fiable<br \/>\u2022 Convient aux casseroles et po\u00eales de 120 \u00e0 320 mm de diam\u00e8tre<\/p>\n<p><b><u>Caract\u00e9ristiques du produit :<\/u><\/b><br \/>\u2022 Dim. : 168(H) x 398(L) x 515(P) mm<br \/>\u2022 Mati\u00e8re : Inox<br \/>\u2022 Voltage : 220-240V<br \/>\u2022 Poids : 9,48 kg<br \/>\u2022 Couleur : Argent.<\/p>\n","protected":false},"excerpt":{"rendered":"<p>5kW. Pour ustensiles de cuisson jusqu&rsquo;\u00e0 320 mm. Raccord direct au r\u00e9seau<\/p>\n","protected":false},"featured_media":108998,"comment_status":"open","ping_status":"closed","template":"","meta":[],"product_brand":[],"product_cat":[1277,1297],"product_tag":[],"class_list":{"0":"post-111190","1":"product","2":"type-product","3":"status-publish","4":"has-post-thumbnail","6":"product_cat-divers-principal","7":"product_cat-non-palettisable","8":"product_shipping_class-free-shipping","10":"first","11":"outofstock","12":"featured","13":"taxable","14":"shipping-taxable","15":"purchasable","16":"product-type-simple"},"_links":{"self":[{"href":"https:\/\/abinox-chr-clim.com\/index.php\/wp-json\/wp\/v2\/product\/111190","targetHints":{"allow":["GET"]}}],"collection":[{"href":"https:\/\/abinox-chr-clim.com\/index.php\/wp-json\/wp\/v2\/product"}],"about":[{"href":"https:\/\/abinox-chr-clim.com\/index.php\/wp-json\/wp\/v2\/types\/product"}],"replies":[{"embeddable":true,"href":"https:\/\/abinox-chr-clim.com\/index.php\/wp-json\/wp\/v2\/comments?post=111190"}],"wp:featuredmedia":[{"embeddable":true,"href":"https:\/\/abinox-chr-clim.com\/index.php\/wp-json\/wp\/v2\/media\/108998"}],"wp:attachment":[{"href":"https:\/\/abinox-chr-clim.com\/index.php\/wp-json\/wp\/v2\/media?parent=111190"}],"wp:term":[{"taxonomy":"product_brand","embeddable":true,"href":"https:\/\/abinox-chr-clim.com\/index.php\/wp-json\/wp\/v2\/product_brand?post=111190"},{"taxonomy":"product_cat","embeddable":true,"href":"https:\/\/abinox-chr-clim.com\/index.php\/wp-json\/wp\/v2\/product_cat?post=111190"},{"taxonomy":"product_tag","embeddable":true,"href":"https:\/\/abinox-chr-clim.com\/index.php\/wp-json\/wp\/v2\/product_tag?post=111190"}],"curies":[{"name":"wp","href":"https:\/\/api.w.org\/{rel}","templated":true}]}}