{"id":111189,"date":"2025-05-29T12:22:10","date_gmt":"2025-05-29T10:22:10","guid":{"rendered":"https:\/\/abinox-chr-clim.com\/index.php\/product\/plancha-en-fonte-extra-large-buffalo\/"},"modified":"2026-04-14T11:31:53","modified_gmt":"2026-04-14T09:31:53","slug":"plancha-en-fonte-extra-large-buffalo","status":"publish","type":"product","link":"https:\/\/abinox-chr-clim.com\/index.php\/product\/plancha-en-fonte-extra-large-buffalo\/","title":{"rendered":"Plancha en fonte extra large Buffalo"},"content":{"rendered":"<p>Plaques \u00e9lectriques avec plaques de cuisson en fonte lisses, durables et faciles \u00e0 nettoyer. Poss\u00e8dent un bac \u00e0 graisse facile d&rsquo;acc\u00e8s en fa\u00e7ade avant, un coupe-circuit thermique de s\u00e9curit\u00e9.<\/p>\n<p>\u2022 Plaque de cuisson en fonte moul\u00e9e<br \/>\u2022 Double zone &#8211; plage de temp\u00e9rature r\u00e9glable 50-300\u00b0C<br \/>\u2022 Structure en acier inoxydable robuste et facile \u00e0 nettoyer<br \/>\u2022 R\u00e9partition uniforme de la chaleur pour chaque zone<br \/>\u2022 Protection contre la surchauffe<br \/>\u2022 Le bac de r\u00e9cup\u00e9ration \u00e9vite l&rsquo;accumulation de graisse sur la surface de cuisson pendant l&rsquo;utilisation<\/p>\n<p><b><u>Caract\u00e9ristiques du produit :<\/u><\/b><br \/>\u2022 Dim. : 207(H) x 615(L) x 466(P) mm<br \/>\u2022 Mati\u00e8re : Inox<br \/>\u2022 Voltage : 220-240V<br \/>\u2022 Couleur : Argent.<\/p>\n","protected":false},"excerpt":{"rendered":"<p>3kW. Largeur : 615mm<\/p>\n","protected":false},"featured_media":108997,"comment_status":"open","ping_status":"closed","template":"","meta":[],"product_brand":[],"product_cat":[1277,1297],"product_tag":[],"class_list":{"0":"post-111189","1":"product","2":"type-product","3":"status-publish","4":"has-post-thumbnail","6":"product_cat-divers-principal","7":"product_cat-non-palettisable","8":"product_shipping_class-free-shipping","10":"first","11":"instock","12":"featured","13":"taxable","14":"shipping-taxable","15":"purchasable","16":"product-type-simple"},"_links":{"self":[{"href":"https:\/\/abinox-chr-clim.com\/index.php\/wp-json\/wp\/v2\/product\/111189","targetHints":{"allow":["GET"]}}],"collection":[{"href":"https:\/\/abinox-chr-clim.com\/index.php\/wp-json\/wp\/v2\/product"}],"about":[{"href":"https:\/\/abinox-chr-clim.com\/index.php\/wp-json\/wp\/v2\/types\/product"}],"replies":[{"embeddable":true,"href":"https:\/\/abinox-chr-clim.com\/index.php\/wp-json\/wp\/v2\/comments?post=111189"}],"wp:featuredmedia":[{"embeddable":true,"href":"https:\/\/abinox-chr-clim.com\/index.php\/wp-json\/wp\/v2\/media\/108997"}],"wp:attachment":[{"href":"https:\/\/abinox-chr-clim.com\/index.php\/wp-json\/wp\/v2\/media?parent=111189"}],"wp:term":[{"taxonomy":"product_brand","embeddable":true,"href":"https:\/\/abinox-chr-clim.com\/index.php\/wp-json\/wp\/v2\/product_brand?post=111189"},{"taxonomy":"product_cat","embeddable":true,"href":"https:\/\/abinox-chr-clim.com\/index.php\/wp-json\/wp\/v2\/product_cat?post=111189"},{"taxonomy":"product_tag","embeddable":true,"href":"https:\/\/abinox-chr-clim.com\/index.php\/wp-json\/wp\/v2\/product_tag?post=111189"}],"curies":[{"name":"wp","href":"https:\/\/api.w.org\/{rel}","templated":true}]}}