{"id":111187,"date":"2025-05-29T12:22:06","date_gmt":"2025-05-29T10:22:06","guid":{"rendered":"https:\/\/abinox-chr-clim.com\/index.php\/product\/portique-chauffe-plat-buffalo-2x-gn-1-1\/"},"modified":"2026-04-14T11:28:56","modified_gmt":"2026-04-14T09:28:56","slug":"portique-chauffe-plat-buffalo-2x-gn-1-1","status":"publish","type":"product","link":"https:\/\/abinox-chr-clim.com\/index.php\/product\/portique-chauffe-plat-buffalo-2x-gn-1-1\/","title":{"rendered":"Portique chauffe-plat Buffalo 2x GN 1\/1"},"content":{"rendered":"<p>Fournit de la chaleur \u00e0 partir de la base et des lampes suspendues. Construction en acier inoxydable facile \u00e0 nettoyer, avec des commandes de chaleur ind\u00e9pendantes pour chaque plaque.<\/p>\n<p>\u2022 Bo\u00eetier en acier inoxydable solide et durable<br \/>\u2022 Plage de temp\u00e9rature r\u00e9glable de 35 \u00e0 85\u00b0C<br \/>\u2022 2 ampoules infrarouges rouges avec commandes ind\u00e9pendantes<br \/>\u2022 Base chauffante en c\u00e9ramique solide avec contr\u00f4le de temp\u00e9rature ind\u00e9pendant<br \/>\u2022 Design moderne et attrayant id\u00e9al pour les zones visibles des clients<br \/>\u2022 Conception facile \u00e0 nettoyer qui fait gagner du temps<\/p>\n<p><b><u>Caract\u00e9ristiques du produit :<\/u><\/b><br \/>\u2022 Dim. : 567(H) x 699(L) x 501(P) mm<br \/>\u2022 Mati\u00e8re : Inox et verre<br \/>\u2022 Voltage : 220-240V<br \/>\u2022 Poids : 11,8 kg<br \/>\u2022 Couleur : Argent.<\/p>\n","protected":false},"excerpt":{"rendered":"<p>1kW. 2 lampes. Contient 2x GN 1\/1<\/p>\n","protected":false},"featured_media":107214,"comment_status":"open","ping_status":"closed","template":"","meta":[],"product_brand":[],"product_cat":[1277,1297],"product_tag":[],"class_list":{"0":"post-111187","1":"product","2":"type-product","3":"status-publish","4":"has-post-thumbnail","6":"product_cat-divers-principal","7":"product_cat-non-palettisable","8":"product_shipping_class-free-shipping","10":"first","11":"instock","12":"featured","13":"taxable","14":"shipping-taxable","15":"purchasable","16":"product-type-simple"},"_links":{"self":[{"href":"https:\/\/abinox-chr-clim.com\/index.php\/wp-json\/wp\/v2\/product\/111187","targetHints":{"allow":["GET"]}}],"collection":[{"href":"https:\/\/abinox-chr-clim.com\/index.php\/wp-json\/wp\/v2\/product"}],"about":[{"href":"https:\/\/abinox-chr-clim.com\/index.php\/wp-json\/wp\/v2\/types\/product"}],"replies":[{"embeddable":true,"href":"https:\/\/abinox-chr-clim.com\/index.php\/wp-json\/wp\/v2\/comments?post=111187"}],"wp:featuredmedia":[{"embeddable":true,"href":"https:\/\/abinox-chr-clim.com\/index.php\/wp-json\/wp\/v2\/media\/107214"}],"wp:attachment":[{"href":"https:\/\/abinox-chr-clim.com\/index.php\/wp-json\/wp\/v2\/media?parent=111187"}],"wp:term":[{"taxonomy":"product_brand","embeddable":true,"href":"https:\/\/abinox-chr-clim.com\/index.php\/wp-json\/wp\/v2\/product_brand?post=111187"},{"taxonomy":"product_cat","embeddable":true,"href":"https:\/\/abinox-chr-clim.com\/index.php\/wp-json\/wp\/v2\/product_cat?post=111187"},{"taxonomy":"product_tag","embeddable":true,"href":"https:\/\/abinox-chr-clim.com\/index.php\/wp-json\/wp\/v2\/product_tag?post=111187"}],"curies":[{"name":"wp","href":"https:\/\/api.w.org\/{rel}","templated":true}]}}