{"id":111184,"date":"2025-05-29T12:21:59","date_gmt":"2025-05-29T10:21:59","guid":{"rendered":"https:\/\/abinox-chr-clim.com\/index.php\/product\/machine-de-mise-sous-vide-avec-chambre-et-pompe-a-huile-buffalo-9l\/"},"modified":"2026-04-14T11:31:51","modified_gmt":"2026-04-14T09:31:51","slug":"machine-de-mise-sous-vide-avec-chambre-et-pompe-a-huile-buffalo-9l","status":"publish","type":"product","link":"https:\/\/abinox-chr-clim.com\/index.php\/product\/machine-de-mise-sous-vide-avec-chambre-et-pompe-a-huile-buffalo-9l\/","title":{"rendered":"Machine de mise sous vide avec chambre et pompe \u00e0 huile Buffalo 9L"},"content":{"rendered":"<p>Machine \u00e0 emballer sous-vide fiable et efficace, dot\u00e9e d&rsquo;un moteur puissant, de commandes num\u00e9riques conviviales et de la technologie intelligente Smart Vac.<\/p>\n<p>\u2022 Smart Vac &#8211; d\u00e9tecte automatiquement les besoins en vide<br \/>\u2022 Pompe \u00e0 huile puissante pour un vide rapide et efficace et moins de bruit<br \/>\u2022 Fils de scellement doubles pour un scellement plus fiable<br \/>\u2022 Conception de pince \u00e0 sac conviviale<br \/>\u2022 Manom\u00e8tre &#8211; indique clairement la progression du vide<br \/>\u2022 Fonction marinade<br \/>\u2022 Peut \u00e9galement \u00eatre utilis\u00e9 en mode manuel si pr\u00e9f\u00e9r\u00e9<br \/>\u2022 Bo\u00eetier en acier inoxydable robuste et facile \u00e0 nettoyer<\/p>\n<p><b><u>Caract\u00e9ristiques du produit :<\/u><\/b><br \/>\u2022 Dim. : 366(H) x 359(L) x 425(P) mm<br \/>\u2022 Mati\u00e8re : Inox<br \/>\u2022 Voltage : 220-240V<br \/>\u2022 Poids : 22,1 kg<br \/>\u2022 Type : Electrique<br \/>\u2022 Couleur : Argent.<\/p>\n","protected":false},"excerpt":{"rendered":"<p>800W. Capacit\u00e9 : 9L. Largeur max du sac : 300mm<\/p>\n","protected":false},"featured_media":107213,"comment_status":"open","ping_status":"closed","template":"","meta":[],"product_brand":[],"product_cat":[1277,1297],"product_tag":[],"class_list":{"0":"post-111184","1":"product","2":"type-product","3":"status-publish","4":"has-post-thumbnail","6":"product_cat-divers-principal","7":"product_cat-non-palettisable","8":"product_shipping_class-free-shipping","10":"first","11":"instock","12":"featured","13":"taxable","14":"shipping-taxable","15":"purchasable","16":"product-type-simple"},"_links":{"self":[{"href":"https:\/\/abinox-chr-clim.com\/index.php\/wp-json\/wp\/v2\/product\/111184","targetHints":{"allow":["GET"]}}],"collection":[{"href":"https:\/\/abinox-chr-clim.com\/index.php\/wp-json\/wp\/v2\/product"}],"about":[{"href":"https:\/\/abinox-chr-clim.com\/index.php\/wp-json\/wp\/v2\/types\/product"}],"replies":[{"embeddable":true,"href":"https:\/\/abinox-chr-clim.com\/index.php\/wp-json\/wp\/v2\/comments?post=111184"}],"wp:featuredmedia":[{"embeddable":true,"href":"https:\/\/abinox-chr-clim.com\/index.php\/wp-json\/wp\/v2\/media\/107213"}],"wp:attachment":[{"href":"https:\/\/abinox-chr-clim.com\/index.php\/wp-json\/wp\/v2\/media?parent=111184"}],"wp:term":[{"taxonomy":"product_brand","embeddable":true,"href":"https:\/\/abinox-chr-clim.com\/index.php\/wp-json\/wp\/v2\/product_brand?post=111184"},{"taxonomy":"product_cat","embeddable":true,"href":"https:\/\/abinox-chr-clim.com\/index.php\/wp-json\/wp\/v2\/product_cat?post=111184"},{"taxonomy":"product_tag","embeddable":true,"href":"https:\/\/abinox-chr-clim.com\/index.php\/wp-json\/wp\/v2\/product_tag?post=111184"}],"curies":[{"name":"wp","href":"https:\/\/api.w.org\/{rel}","templated":true}]}}