{"id":111183,"date":"2025-05-29T12:21:58","date_gmt":"2025-05-29T10:21:58","guid":{"rendered":"https:\/\/abinox-chr-clim.com\/index.php\/product\/chiffons-de-nettoyage-compostables-blancs-jantex-green-lot-de-200\/"},"modified":"2026-01-12T09:23:48","modified_gmt":"2026-01-12T08:23:48","slug":"chiffons-de-nettoyage-compostables-blancs-jantex-green-lot-de-200","status":"publish","type":"product","link":"https:\/\/abinox-chr-clim.com\/index.php\/product\/chiffons-de-nettoyage-compostables-blancs-jantex-green-lot-de-200\/","title":{"rendered":"Chiffons de nettoyage compostables blancs Jantex Green (lot de 200)"},"content":{"rendered":"<p>Chiffons de nettoyage compostables blancs Jantex Green<\/p>\n<p>\u2022 100% viscose et certifi\u00e9 compostable EN13432<br \/>\u2022 La conception extractible am\u00e9liore l&rsquo;hygi\u00e8ne en \u00e9vitant le contact avec le rouleau.<br \/>\u2022 Hautement absorbant et dot\u00e9 de propri\u00e9t\u00e9s antibact\u00e9riennes pour minimiser l&rsquo;accumulation de bact\u00e9ries<br \/>\u2022 \u00c9galement disponible en bleu (HT495)<\/p>\n<p><b><u>Caract\u00e9ristiques du produit :<\/u><\/b><br \/>\u2022 Lot : 200.0<br \/>\u2022 Dim. : 330(L) x 250(P)mm<br \/>\u2022 Couleur : Blanc.<\/p>\n","protected":false},"excerpt":{"rendered":"<p>Taille d&rsquo;une feuille : 330(L)x250(L)mm. Quantit\u00e9 par paquet : 200 feuilles<\/p>\n","protected":false},"featured_media":108994,"comment_status":"open","ping_status":"closed","template":"","meta":[],"product_brand":[],"product_cat":[1230,1227,1297,1216],"product_tag":[],"class_list":{"0":"post-111183","1":"product","2":"type-product","3":"status-publish","4":"has-post-thumbnail","6":"product_cat-chiffons-et-eponges","7":"product_cat-nettoyage","8":"product_cat-non-palettisable","9":"product_cat-usage-unique-et-entretien","10":"product_shipping_class-free-shipping","12":"first","13":"outofstock","14":"featured","15":"taxable","16":"shipping-taxable","17":"purchasable","18":"product-type-simple"},"_links":{"self":[{"href":"https:\/\/abinox-chr-clim.com\/index.php\/wp-json\/wp\/v2\/product\/111183","targetHints":{"allow":["GET"]}}],"collection":[{"href":"https:\/\/abinox-chr-clim.com\/index.php\/wp-json\/wp\/v2\/product"}],"about":[{"href":"https:\/\/abinox-chr-clim.com\/index.php\/wp-json\/wp\/v2\/types\/product"}],"replies":[{"embeddable":true,"href":"https:\/\/abinox-chr-clim.com\/index.php\/wp-json\/wp\/v2\/comments?post=111183"}],"wp:featuredmedia":[{"embeddable":true,"href":"https:\/\/abinox-chr-clim.com\/index.php\/wp-json\/wp\/v2\/media\/108994"}],"wp:attachment":[{"href":"https:\/\/abinox-chr-clim.com\/index.php\/wp-json\/wp\/v2\/media?parent=111183"}],"wp:term":[{"taxonomy":"product_brand","embeddable":true,"href":"https:\/\/abinox-chr-clim.com\/index.php\/wp-json\/wp\/v2\/product_brand?post=111183"},{"taxonomy":"product_cat","embeddable":true,"href":"https:\/\/abinox-chr-clim.com\/index.php\/wp-json\/wp\/v2\/product_cat?post=111183"},{"taxonomy":"product_tag","embeddable":true,"href":"https:\/\/abinox-chr-clim.com\/index.php\/wp-json\/wp\/v2\/product_tag?post=111183"}],"curies":[{"name":"wp","href":"https:\/\/api.w.org\/{rel}","templated":true}]}}