{"id":111181,"date":"2025-05-29T12:21:54","date_gmt":"2025-05-29T10:21:54","guid":{"rendered":"https:\/\/abinox-chr-clim.com\/index.php\/product\/chiffons-de-nettoyage-salle-de-bain-jantex-rouges-lot-de-50\/"},"modified":"2026-04-14T11:14:34","modified_gmt":"2026-04-14T09:14:34","slug":"chiffons-de-nettoyage-salle-de-bain-jantex-rouges-lot-de-50","status":"publish","type":"product","link":"https:\/\/abinox-chr-clim.com\/index.php\/product\/chiffons-de-nettoyage-salle-de-bain-jantex-rouges-lot-de-50\/","title":{"rendered":"Chiffons de nettoyage salle de bain Jantex rouges (lot de 50)"},"content":{"rendered":"<p>Parfait pour le nettoyage des toilettes ou de la salle de bain, ces chiffons non tiss\u00e9s de Jantex ont un parfum de citron rafra\u00eechissant qui laisse l&rsquo;endroit avec une odeur fra\u00eeche pour les clients. Leur haute absorbance facilite le nettoyage des \u00e9claboussures et l&rsquo;\u00e9limination des liquides des \u00e9viers ou des carreaux, laissant une surface sans traces. Disponibles en paquets de 50, ces chiffons sont propos\u00e9s en rouge ou en bleu (HT493) pour un nettoyage pratique par code couleur.<\/p>\n<p>\u2022 Parfum\u00e9 au citron, parfait pour les toilettes ou les salles de bains car laisse une odeur fra\u00eeche et propre lorsqu&rsquo;il est utilis\u00e9<br \/>\u2022 Fabriqu\u00e9 \u00e0 partir d&rsquo;un m\u00e9lange de 30 % viscose et 70 % polyester.<br \/>\u2022 Peut \u00eatre utilis\u00e9 pour un nettoyage cod\u00e9 par couleur afin d&rsquo;\u00e9viter toute contamination crois\u00e9e.<br \/>\u2022 Fortes propri\u00e9t\u00e9s absorbantes<br \/>\u2022 Taille du chiffon 490x380mm<\/p>\n<p><b><u>Caract\u00e9ristiques du produit :<\/u><\/b><br \/>\u2022 Lot : 50.0<br \/>\u2022 Dim. : 600(L) x 300(P) mm<br \/>\u2022 Couleur : Rouge.<\/p>\n","protected":false},"excerpt":{"rendered":"<p>Lot de 50<\/p>\n","protected":false},"featured_media":105917,"comment_status":"open","ping_status":"closed","template":"","meta":[],"product_brand":[],"product_cat":[1230,1227,1297,1216],"product_tag":[],"class_list":{"0":"post-111181","1":"product","2":"type-product","3":"status-publish","4":"has-post-thumbnail","6":"product_cat-chiffons-et-eponges","7":"product_cat-nettoyage","8":"product_cat-non-palettisable","9":"product_cat-usage-unique-et-entretien","10":"product_shipping_class-free-shipping","12":"first","13":"outofstock","14":"featured","15":"taxable","16":"shipping-taxable","17":"purchasable","18":"product-type-simple"},"_links":{"self":[{"href":"https:\/\/abinox-chr-clim.com\/index.php\/wp-json\/wp\/v2\/product\/111181","targetHints":{"allow":["GET"]}}],"collection":[{"href":"https:\/\/abinox-chr-clim.com\/index.php\/wp-json\/wp\/v2\/product"}],"about":[{"href":"https:\/\/abinox-chr-clim.com\/index.php\/wp-json\/wp\/v2\/types\/product"}],"replies":[{"embeddable":true,"href":"https:\/\/abinox-chr-clim.com\/index.php\/wp-json\/wp\/v2\/comments?post=111181"}],"wp:featuredmedia":[{"embeddable":true,"href":"https:\/\/abinox-chr-clim.com\/index.php\/wp-json\/wp\/v2\/media\/105917"}],"wp:attachment":[{"href":"https:\/\/abinox-chr-clim.com\/index.php\/wp-json\/wp\/v2\/media?parent=111181"}],"wp:term":[{"taxonomy":"product_brand","embeddable":true,"href":"https:\/\/abinox-chr-clim.com\/index.php\/wp-json\/wp\/v2\/product_brand?post=111181"},{"taxonomy":"product_cat","embeddable":true,"href":"https:\/\/abinox-chr-clim.com\/index.php\/wp-json\/wp\/v2\/product_cat?post=111181"},{"taxonomy":"product_tag","embeddable":true,"href":"https:\/\/abinox-chr-clim.com\/index.php\/wp-json\/wp\/v2\/product_tag?post=111181"}],"curies":[{"name":"wp","href":"https:\/\/api.w.org\/{rel}","templated":true}]}}